{"id":12204,"date":"2021-11-05T21:42:05","date_gmt":"2021-11-05T21:42:05","guid":{"rendered":"https:\/\/www.alpacaexpeditions.com\/?page_id=12204"},"modified":"2026-04-01T17:35:32","modified_gmt":"2026-04-01T17:35:32","slug":"camino-inca-4d-3n-montana-arco-iris-valle-rojo-1dia","status":"publish","type":"page","link":"https:\/\/www.alpacaexpeditions.com\/es\/camino-inca-4d-3n-montana-arco-iris-valle-rojo-1dia\/","title":{"rendered":"Camino Inca 4D\/3N y Monta\u00f1a Arco Iris + Valle Rojo 1 Dia"},"content":{"rendered":"<p><strong>Resumen de la ruta Camino Inca:<\/strong><br \/>\n<strong>Tipo de Tour:<\/strong> Senderismo, camping, aventura, historia, cultura.<br \/>\n<strong>Distancia Total:<\/strong> 50 km \/ 31 millas.<br \/>\n<strong>Recomendado para:<\/strong> Aquellos que disfrutan del senderismo y tienen un nivel moderado de condici\u00f3n f\u00edsica.<br \/>\n<strong>Dificultad:<\/strong> Desafiante.<br \/>\n<strong>Consideraciones:<\/strong> Se requiere permiso (Lo obtendremos despu\u00e9s de que reserves con nosotros).<br \/>\n<strong>Temporada:<\/strong> Del 1 de marzo al 31 de enero.<br \/>\n<strong>Sendero cerrado:<\/strong> Febrero por mantenimiento.<\/p>","protected":false},"excerpt":{"rendered":"<p>Resumen de la ruta Camino Inca: Tipo de Tour: Senderismo, camping, aventura, historia, cultura. Distancia Total: 50 km \/ 31 millas. Recomendado para: Aquellos que disfrutan del senderismo y tienen un nivel moderado de condici\u00f3n f\u00edsica. Dificultad: Desafiante. Consideraciones: Se requiere permiso (Lo obtendremos despu\u00e9s de que reserves con nosotros). Temporada: Del 1 de marzo [&hellip;]<\/p>","protected":false},"author":1,"featured_media":10607,"parent":0,"menu_order":74,"comment_status":"closed","ping_status":"closed","template":"tour-page.php","meta":{"_acf_changed":false,"inline_featured_image":false,"footnotes":""},"categories":[177,22],"tags":[],"class_list":["post-12204","page","type-page","status-publish","has-post-thumbnail","hentry","category-excursiones-de-aventura","category-inca-trail-treks-es"],"acf":[],"yoast_head":"<!-- This site is optimized with the Yoast SEO Premium plugin v19.3 (Yoast SEO v27.3) - https:\/\/yoast.com\/product\/yoast-seo-premium-wordpress\/ -->\n<title>Camino Inca 4D\/3N y Monta\u00f1a Arco Iris + Valle Rojo 1 Dia - Alpaca Expeditions<\/title>\n<meta name=\"robots\" content=\"index, follow, max-snippet:-1, max-image-preview:large, max-video-preview:-1\" \/>\n<link rel=\"canonical\" href=\"https:\/\/www.alpacaexpeditions.com\/es\/camino-inca-4d-3n-montana-arco-iris-valle-rojo-1dia\/\" \/>\n<meta property=\"og:locale\" content=\"es_ES\" \/>\n<meta property=\"og:type\" content=\"article\" \/>\n<meta property=\"og:title\" content=\"Camino Inca 4D\/3N y Monta\u00f1a Arco Iris + Valle Rojo 1 Dia\" \/>\n<meta property=\"og:description\" content=\"Resumen de la ruta Camino Inca: Tipo de Tour: Senderismo, camping, aventura, historia, cultura. Distancia Total: 50 km \/ 31 millas. Recomendado para: Aquellos que disfrutan del senderismo y tienen un nivel moderado de condici\u00f3n f\u00edsica. Dificultad: Desafiante. Consideraciones: Se requiere permiso (Lo obtendremos despu\u00e9s de que reserves con nosotros). Temporada: Del 1 de marzo [&hellip;]\" \/>\n<meta property=\"og:url\" content=\"https:\/\/www.alpacaexpeditions.com\/es\/camino-inca-4d-3n-montana-arco-iris-valle-rojo-1dia\/\" \/>\n<meta property=\"og:site_name\" content=\"Alpaca Expeditions\" \/>\n<meta property=\"article:publisher\" content=\"https:\/\/www.facebook.com\/alpacaexpeditionstravelperu\" \/>\n<meta property=\"article:modified_time\" content=\"2026-04-01T17:35:32+00:00\" \/>\n<meta name=\"twitter:card\" content=\"summary_large_image\" \/>\n<meta name=\"twitter:site\" content=\"@trekwithalpaca\" \/>\n<meta name=\"twitter:label1\" content=\"Tiempo de lectura\" \/>\n\t<meta name=\"twitter:data1\" content=\"21 minutos\" \/>\n<!-- \/ Yoast SEO Premium plugin. -->","yoast_head_json":{"title":"Camino Inca 4D\/3N y Monta\u00f1a Arco Iris + Valle Rojo 1 Dia - Alpaca Expeditions","robots":{"index":"index","follow":"follow","max-snippet":"max-snippet:-1","max-image-preview":"max-image-preview:large","max-video-preview":"max-video-preview:-1"},"canonical":"https:\/\/www.alpacaexpeditions.com\/es\/camino-inca-4d-3n-montana-arco-iris-valle-rojo-1dia\/","og_locale":"es_ES","og_type":"article","og_title":"Camino Inca 4D\/3N y Monta\u00f1a Arco Iris + Valle Rojo 1 Dia","og_description":"Resumen de la ruta Camino Inca: Tipo de Tour: Senderismo, camping, aventura, historia, cultura. Distancia Total: 50 km \/ 31 millas. Recomendado para: Aquellos que disfrutan del senderismo y tienen un nivel moderado de condici\u00f3n f\u00edsica. Dificultad: Desafiante. Consideraciones: Se requiere permiso (Lo obtendremos despu\u00e9s de que reserves con nosotros). Temporada: Del 1 de marzo [&hellip;]","og_url":"https:\/\/www.alpacaexpeditions.com\/es\/camino-inca-4d-3n-montana-arco-iris-valle-rojo-1dia\/","og_site_name":"Alpaca Expeditions","article_publisher":"https:\/\/www.facebook.com\/alpacaexpeditionstravelperu","article_modified_time":"2026-04-01T17:35:32+00:00","twitter_card":"summary_large_image","twitter_site":"@trekwithalpaca","twitter_misc":{"Tiempo de lectura":"21 minutos"},"schema":{"@context":"https:\/\/schema.org","@graph":[{"@type":"WebPage","@id":"https:\/\/www.alpacaexpeditions.com\/es\/camino-inca-4d-3n-montana-arco-iris-valle-rojo-1dia\/","url":"https:\/\/www.alpacaexpeditions.com\/es\/camino-inca-4d-3n-montana-arco-iris-valle-rojo-1dia\/","name":"Camino Inca 4D\/3N y Monta\u00f1a Arco Iris + Valle Rojo 1 Dia - Alpaca Expeditions","isPartOf":{"@id":"https:\/\/www.alpacaexpeditions.com\/es\/#website"},"primaryImageOfPage":{"@id":"https:\/\/www.alpacaexpeditions.com\/es\/camino-inca-4d-3n-montana-arco-iris-valle-rojo-1dia\/#primaryimage"},"image":{"@id":"https:\/\/www.alpacaexpeditions.com\/es\/camino-inca-4d-3n-montana-arco-iris-valle-rojo-1dia\/#primaryimage"},"thumbnailUrl":"https:\/\/www.alpacaexpeditions.com\/wp-content\/uploads\/Inca-Trail-Hike-4D3N-and-Rainbow-Mountain-Red-Valley-AE-1.avif","datePublished":"2021-11-05T21:42:05+00:00","dateModified":"2026-04-01T17:35:32+00:00","breadcrumb":{"@id":"https:\/\/www.alpacaexpeditions.com\/es\/camino-inca-4d-3n-montana-arco-iris-valle-rojo-1dia\/#breadcrumb"},"inLanguage":"es","potentialAction":[{"@type":"ReadAction","target":["https:\/\/www.alpacaexpeditions.com\/es\/camino-inca-4d-3n-montana-arco-iris-valle-rojo-1dia\/"]}]},{"@type":"ImageObject","inLanguage":"es","@id":"https:\/\/www.alpacaexpeditions.com\/es\/camino-inca-4d-3n-montana-arco-iris-valle-rojo-1dia\/#primaryimage","url":"https:\/\/www.alpacaexpeditions.com\/wp-content\/uploads\/Inca-Trail-Hike-4D3N-and-Rainbow-Mountain-Red-Valley-AE-1.avif","contentUrl":"https:\/\/www.alpacaexpeditions.com\/wp-content\/uploads\/Inca-Trail-Hike-4D3N-and-Rainbow-Mountain-Red-Valley-AE-1.avif","width":1000,"height":800,"caption":"Inca-Trail-Hike-4D3N-and-Rainbow-Mountain-Red-Valley-AE"},{"@type":"BreadcrumbList","@id":"https:\/\/www.alpacaexpeditions.com\/es\/camino-inca-4d-3n-montana-arco-iris-valle-rojo-1dia\/#breadcrumb","itemListElement":[{"@type":"ListItem","position":1,"name":"Home","item":"https:\/\/www.alpacaexpeditions.com\/es\/"},{"@type":"ListItem","position":2,"name":"Camino Inca 4D\/3N y Monta\u00f1a Arco Iris + Valle Rojo 1 Dia"}]},{"@type":"WebSite","@id":"https:\/\/www.alpacaexpeditions.com\/es\/#website","url":"https:\/\/www.alpacaexpeditions.com\/es\/","name":"Alpaca Expeditions","description":"","publisher":{"@id":"https:\/\/www.alpacaexpeditions.com\/es\/#organization"},"potentialAction":[{"@type":"SearchAction","target":{"@type":"EntryPoint","urlTemplate":"https:\/\/www.alpacaexpeditions.com\/es\/?s={search_term_string}"},"query-input":{"@type":"PropertyValueSpecification","valueRequired":true,"valueName":"search_term_string"}}],"inLanguage":"es"},{"@type":"Organization","@id":"https:\/\/www.alpacaexpeditions.com\/es\/#organization","name":"Alpaca Expeditions","url":"https:\/\/www.alpacaexpeditions.com\/es\/","logo":{"@type":"ImageObject","inLanguage":"es","@id":"https:\/\/www.alpacaexpeditions.com\/es\/#\/schema\/logo\/image\/","url":"https:\/\/www.alpacaexpeditions.com\/wp-content\/uploads\/Logo-Alpaca-Expeditions-1.svg","contentUrl":"https:\/\/www.alpacaexpeditions.com\/wp-content\/uploads\/Logo-Alpaca-Expeditions-1.svg","caption":"Alpaca Expeditions"},"image":{"@id":"https:\/\/www.alpacaexpeditions.com\/es\/#\/schema\/logo\/image\/"},"sameAs":["https:\/\/www.facebook.com\/alpacaexpeditionstravelperu","https:\/\/x.com\/trekwithalpaca","https:\/\/www.instagram.com\/trekwithalpaca\/"]}]}},"_links":{"self":[{"href":"https:\/\/www.alpacaexpeditions.com\/es\/wp-json\/wp\/v2\/pages\/12204","targetHints":{"allow":["GET"]}}],"collection":[{"href":"https:\/\/www.alpacaexpeditions.com\/es\/wp-json\/wp\/v2\/pages"}],"about":[{"href":"https:\/\/www.alpacaexpeditions.com\/es\/wp-json\/wp\/v2\/types\/page"}],"author":[{"embeddable":true,"href":"https:\/\/www.alpacaexpeditions.com\/es\/wp-json\/wp\/v2\/users\/1"}],"replies":[{"embeddable":true,"href":"https:\/\/www.alpacaexpeditions.com\/es\/wp-json\/wp\/v2\/comments?post=12204"}],"version-history":[{"count":0,"href":"https:\/\/www.alpacaexpeditions.com\/es\/wp-json\/wp\/v2\/pages\/12204\/revisions"}],"wp:featuredmedia":[{"embeddable":true,"href":"https:\/\/www.alpacaexpeditions.com\/es\/wp-json\/wp\/v2\/media\/10607"}],"wp:attachment":[{"href":"https:\/\/www.alpacaexpeditions.com\/es\/wp-json\/wp\/v2\/media?parent=12204"}],"wp:term":[{"taxonomy":"category","embeddable":true,"href":"https:\/\/www.alpacaexpeditions.com\/es\/wp-json\/wp\/v2\/categories?post=12204"},{"taxonomy":"post_tag","embeddable":true,"href":"https:\/\/www.alpacaexpeditions.com\/es\/wp-json\/wp\/v2\/tags?post=12204"}],"curies":[{"name":"wp","href":"https:\/\/api.w.org\/{rel}","templated":true}]}}