{"id":12207,"date":"2021-11-05T18:00:49","date_gmt":"2021-11-05T18:00:49","guid":{"rendered":"https:\/\/www.alpacaexpeditions.com\/?page_id=12207"},"modified":"2026-04-01T17:36:43","modified_gmt":"2026-04-01T17:36:43","slug":"camino-inca-2d-1n-montana-arco-iris-valle-rojo-1dia","status":"publish","type":"page","link":"https:\/\/www.alpacaexpeditions.com\/es\/camino-inca-2d-1n-montana-arco-iris-valle-rojo-1dia\/","title":{"rendered":"Camino Inca 2D\/1N y Monta\u00f1a Arco Iris + Valle Rojo 1 Dia"},"content":{"rendered":"<p>Tipo de tour: Trekking\/senderismo, cultural, aventurero.<br \/>\nRecomendado para: Personas con buena condici\u00f3n f\u00edsica moderada, familias.<br \/>\nDificultad: Moderada. No es una caminata t\u00e9cnica, pero la altitud puede afectar a algunas personas.<br \/>\nConsideraci\u00f3n: Se requiere permiso, pero el proceso de permiso para la caminata de 4 d\u00edas es independiente y generalmente est\u00e1 disponible con poco aviso.<br \/>\nTemporada: Abierto de marzo a enero. Cerrado en febrero.<br \/>\nCampamento: Nuestro campamento privado es exclusivo para los excursionistas de Alpaca e incluye una merecida ducha caliente y \u00e1reas para cargar bater\u00edas\/telefonos.<\/p>","protected":false},"excerpt":{"rendered":"<p>Tipo de tour: Trekking\/senderismo, cultural, aventurero. Recomendado para: Personas con buena condici\u00f3n f\u00edsica moderada, familias. Dificultad: Moderada. No es una caminata t\u00e9cnica, pero la altitud puede afectar a algunas personas. Consideraci\u00f3n: Se requiere permiso, pero el proceso de permiso para la caminata de 4 d\u00edas es independiente y generalmente est\u00e1 disponible con poco aviso. Temporada: [&hellip;]<\/p>","protected":false},"author":1,"featured_media":8953,"parent":0,"menu_order":76,"comment_status":"closed","ping_status":"closed","template":"tour-page.php","meta":{"_acf_changed":false,"inline_featured_image":false,"footnotes":""},"categories":[177,22],"tags":[],"class_list":["post-12207","page","type-page","status-publish","has-post-thumbnail","hentry","category-excursiones-de-aventura","category-inca-trail-treks-es"],"acf":[],"yoast_head":"<!-- This site is optimized with the Yoast SEO Premium plugin v19.3 (Yoast SEO v27.3) - https:\/\/yoast.com\/product\/yoast-seo-premium-wordpress\/ -->\n<title>Camino Inca 2D\/1N y Monta\u00f1a Arco Iris + Valle Rojo 1 Dia - Alpaca Expeditions<\/title>\n<meta name=\"robots\" content=\"index, follow, max-snippet:-1, max-image-preview:large, max-video-preview:-1\" \/>\n<link rel=\"canonical\" href=\"https:\/\/www.alpacaexpeditions.com\/es\/camino-inca-2d-1n-montana-arco-iris-valle-rojo-1dia\/\" \/>\n<meta property=\"og:locale\" content=\"es_ES\" \/>\n<meta property=\"og:type\" content=\"article\" \/>\n<meta property=\"og:title\" content=\"Camino Inca 2D\/1N y Monta\u00f1a Arco Iris + Valle Rojo 1 Dia\" \/>\n<meta property=\"og:description\" content=\"Tipo de tour: Trekking\/senderismo, cultural, aventurero. Recomendado para: Personas con buena condici\u00f3n f\u00edsica moderada, familias. Dificultad: Moderada. No es una caminata t\u00e9cnica, pero la altitud puede afectar a algunas personas. Consideraci\u00f3n: Se requiere permiso, pero el proceso de permiso para la caminata de 4 d\u00edas es independiente y generalmente est\u00e1 disponible con poco aviso. Temporada: [&hellip;]\" \/>\n<meta property=\"og:url\" content=\"https:\/\/www.alpacaexpeditions.com\/es\/camino-inca-2d-1n-montana-arco-iris-valle-rojo-1dia\/\" \/>\n<meta property=\"og:site_name\" content=\"Alpaca Expeditions\" \/>\n<meta property=\"article:publisher\" content=\"https:\/\/www.facebook.com\/alpacaexpeditionstravelperu\" \/>\n<meta property=\"article:modified_time\" content=\"2026-04-01T17:36:43+00:00\" \/>\n<meta property=\"og:image\" content=\"https:\/\/www.alpacaexpeditions.com\/wp-content\/uploads\/Inca-Trail-Hike-2D1N-Rainbow-Mountain-Red-Valley-1-Day-AE.jpg\" \/>\n\t<meta property=\"og:image:width\" content=\"1000\" \/>\n\t<meta property=\"og:image:height\" content=\"800\" \/>\n\t<meta property=\"og:image:type\" content=\"image\/jpeg\" \/>\n<meta name=\"twitter:card\" content=\"summary_large_image\" \/>\n<meta name=\"twitter:site\" content=\"@trekwithalpaca\" \/>\n<meta name=\"twitter:label1\" content=\"Tiempo de lectura\" \/>\n\t<meta name=\"twitter:data1\" content=\"25 minutos\" \/>\n<!-- \/ Yoast SEO Premium plugin. -->","yoast_head_json":{"title":"Camino Inca 2D\/1N y Monta\u00f1a Arco Iris + Valle Rojo 1 Dia - Alpaca Expeditions","robots":{"index":"index","follow":"follow","max-snippet":"max-snippet:-1","max-image-preview":"max-image-preview:large","max-video-preview":"max-video-preview:-1"},"canonical":"https:\/\/www.alpacaexpeditions.com\/es\/camino-inca-2d-1n-montana-arco-iris-valle-rojo-1dia\/","og_locale":"es_ES","og_type":"article","og_title":"Camino Inca 2D\/1N y Monta\u00f1a Arco Iris + Valle Rojo 1 Dia","og_description":"Tipo de tour: Trekking\/senderismo, cultural, aventurero. Recomendado para: Personas con buena condici\u00f3n f\u00edsica moderada, familias. Dificultad: Moderada. No es una caminata t\u00e9cnica, pero la altitud puede afectar a algunas personas. Consideraci\u00f3n: Se requiere permiso, pero el proceso de permiso para la caminata de 4 d\u00edas es independiente y generalmente est\u00e1 disponible con poco aviso. Temporada: [&hellip;]","og_url":"https:\/\/www.alpacaexpeditions.com\/es\/camino-inca-2d-1n-montana-arco-iris-valle-rojo-1dia\/","og_site_name":"Alpaca Expeditions","article_publisher":"https:\/\/www.facebook.com\/alpacaexpeditionstravelperu","article_modified_time":"2026-04-01T17:36:43+00:00","og_image":[{"width":1000,"height":800,"url":"https:\/\/www.alpacaexpeditions.com\/wp-content\/uploads\/Inca-Trail-Hike-2D1N-Rainbow-Mountain-Red-Valley-1-Day-AE.jpg","type":"image\/jpeg"}],"twitter_card":"summary_large_image","twitter_site":"@trekwithalpaca","twitter_misc":{"Tiempo de lectura":"25 minutos"},"schema":{"@context":"https:\/\/schema.org","@graph":[{"@type":"WebPage","@id":"https:\/\/www.alpacaexpeditions.com\/es\/camino-inca-2d-1n-montana-arco-iris-valle-rojo-1dia\/","url":"https:\/\/www.alpacaexpeditions.com\/es\/camino-inca-2d-1n-montana-arco-iris-valle-rojo-1dia\/","name":"Camino Inca 2D\/1N y Monta\u00f1a Arco Iris + Valle Rojo 1 Dia - Alpaca Expeditions","isPartOf":{"@id":"https:\/\/www.alpacaexpeditions.com\/es\/#website"},"primaryImageOfPage":{"@id":"https:\/\/www.alpacaexpeditions.com\/es\/camino-inca-2d-1n-montana-arco-iris-valle-rojo-1dia\/#primaryimage"},"image":{"@id":"https:\/\/www.alpacaexpeditions.com\/es\/camino-inca-2d-1n-montana-arco-iris-valle-rojo-1dia\/#primaryimage"},"thumbnailUrl":"https:\/\/www.alpacaexpeditions.com\/wp-content\/uploads\/Inca-Trail-Hike-2D1N-Rainbow-Mountain-Red-Valley-1-Day-AE.jpg","datePublished":"2021-11-05T18:00:49+00:00","dateModified":"2026-04-01T17:36:43+00:00","breadcrumb":{"@id":"https:\/\/www.alpacaexpeditions.com\/es\/camino-inca-2d-1n-montana-arco-iris-valle-rojo-1dia\/#breadcrumb"},"inLanguage":"es","potentialAction":[{"@type":"ReadAction","target":["https:\/\/www.alpacaexpeditions.com\/es\/camino-inca-2d-1n-montana-arco-iris-valle-rojo-1dia\/"]}]},{"@type":"ImageObject","inLanguage":"es","@id":"https:\/\/www.alpacaexpeditions.com\/es\/camino-inca-2d-1n-montana-arco-iris-valle-rojo-1dia\/#primaryimage","url":"https:\/\/www.alpacaexpeditions.com\/wp-content\/uploads\/Inca-Trail-Hike-2D1N-Rainbow-Mountain-Red-Valley-1-Day-AE.jpg","contentUrl":"https:\/\/www.alpacaexpeditions.com\/wp-content\/uploads\/Inca-Trail-Hike-2D1N-Rainbow-Mountain-Red-Valley-1-Day-AE.jpg","width":1000,"height":800,"caption":"Inca Trail Hike 2D1N & Rainbow Mountain + Red Valley 1 Day"},{"@type":"BreadcrumbList","@id":"https:\/\/www.alpacaexpeditions.com\/es\/camino-inca-2d-1n-montana-arco-iris-valle-rojo-1dia\/#breadcrumb","itemListElement":[{"@type":"ListItem","position":1,"name":"Home","item":"https:\/\/www.alpacaexpeditions.com\/es\/"},{"@type":"ListItem","position":2,"name":"Camino Inca 2D\/1N y Monta\u00f1a Arco Iris + Valle Rojo 1 Dia"}]},{"@type":"WebSite","@id":"https:\/\/www.alpacaexpeditions.com\/es\/#website","url":"https:\/\/www.alpacaexpeditions.com\/es\/","name":"Alpaca Expeditions","description":"","publisher":{"@id":"https:\/\/www.alpacaexpeditions.com\/es\/#organization"},"potentialAction":[{"@type":"SearchAction","target":{"@type":"EntryPoint","urlTemplate":"https:\/\/www.alpacaexpeditions.com\/es\/?s={search_term_string}"},"query-input":{"@type":"PropertyValueSpecification","valueRequired":true,"valueName":"search_term_string"}}],"inLanguage":"es"},{"@type":"Organization","@id":"https:\/\/www.alpacaexpeditions.com\/es\/#organization","name":"Alpaca Expeditions","url":"https:\/\/www.alpacaexpeditions.com\/es\/","logo":{"@type":"ImageObject","inLanguage":"es","@id":"https:\/\/www.alpacaexpeditions.com\/es\/#\/schema\/logo\/image\/","url":"https:\/\/www.alpacaexpeditions.com\/wp-content\/uploads\/Logo-Alpaca-Expeditions-1.svg","contentUrl":"https:\/\/www.alpacaexpeditions.com\/wp-content\/uploads\/Logo-Alpaca-Expeditions-1.svg","caption":"Alpaca Expeditions"},"image":{"@id":"https:\/\/www.alpacaexpeditions.com\/es\/#\/schema\/logo\/image\/"},"sameAs":["https:\/\/www.facebook.com\/alpacaexpeditionstravelperu","https:\/\/x.com\/trekwithalpaca","https:\/\/www.instagram.com\/trekwithalpaca\/"]}]}},"_links":{"self":[{"href":"https:\/\/www.alpacaexpeditions.com\/es\/wp-json\/wp\/v2\/pages\/12207","targetHints":{"allow":["GET"]}}],"collection":[{"href":"https:\/\/www.alpacaexpeditions.com\/es\/wp-json\/wp\/v2\/pages"}],"about":[{"href":"https:\/\/www.alpacaexpeditions.com\/es\/wp-json\/wp\/v2\/types\/page"}],"author":[{"embeddable":true,"href":"https:\/\/www.alpacaexpeditions.com\/es\/wp-json\/wp\/v2\/users\/1"}],"replies":[{"embeddable":true,"href":"https:\/\/www.alpacaexpeditions.com\/es\/wp-json\/wp\/v2\/comments?post=12207"}],"version-history":[{"count":0,"href":"https:\/\/www.alpacaexpeditions.com\/es\/wp-json\/wp\/v2\/pages\/12207\/revisions"}],"wp:featuredmedia":[{"embeddable":true,"href":"https:\/\/www.alpacaexpeditions.com\/es\/wp-json\/wp\/v2\/media\/8953"}],"wp:attachment":[{"href":"https:\/\/www.alpacaexpeditions.com\/es\/wp-json\/wp\/v2\/media?parent=12207"}],"wp:term":[{"taxonomy":"category","embeddable":true,"href":"https:\/\/www.alpacaexpeditions.com\/es\/wp-json\/wp\/v2\/categories?post=12207"},{"taxonomy":"post_tag","embeddable":true,"href":"https:\/\/www.alpacaexpeditions.com\/es\/wp-json\/wp\/v2\/tags?post=12207"}],"curies":[{"name":"wp","href":"https:\/\/api.w.org\/{rel}","templated":true}]}}