{"id":12211,"date":"2021-11-05T14:31:26","date_gmt":"2021-11-05T14:31:26","guid":{"rendered":"https:\/\/www.alpacaexpeditions.com\/?page_id=12211"},"modified":"2026-04-01T17:38:32","modified_gmt":"2026-04-01T17:38:32","slug":"tour-valle-sagrado-1-dia-camino-inca-2d-1n-montana-arco-iris-valle-rojo-1-dia","status":"publish","type":"page","link":"https:\/\/www.alpacaexpeditions.com\/es\/tour-valle-sagrado-1-dia-camino-inca-2d-1n-montana-arco-iris-valle-rojo-1-dia\/","title":{"rendered":"Tour Valle Sagrado 1 Dia y Camino Inca 2D\/1N y Monta\u00f1a Arco Iris + Valle Rojo 1 Dia"},"content":{"rendered":"<p><strong>Resumen del viaje<\/strong><br \/>\n<strong>Ubicaci\u00f3n del tour: <\/strong>Valle Sagrado, Camino Inca, Monta\u00f1a Arco Iris, Valle Rojo.<br \/>\n<strong>Tipo de tour:<\/strong> Trekking\/caminata, cultural, aventurero.<br \/>\n<strong>Ideal para:<\/strong> Personas en forma moderada, familias.<br \/>\n<strong>Dificultad:<\/strong> Moderada. No es una caminata t\u00e9cnica, pero la altitud puede afectar a algunas personas.<br \/>\n<strong>Consideraci\u00f3n:<\/strong> Se requiere permiso, con un proceso de permiso separado para la caminata de 4 d\u00edas, generalmente disponible con poco aviso.<br \/>\n<strong>Temporada:<\/strong> Abierto de marzo a enero. Cerrado en febrero.<br \/>\n<strong>Campamento:<\/strong> Nuestro campamento privado es exclusivo para Alpaca Trekkers e incluye una merecida ducha caliente y zonas para cargar bater\u00edas y tel\u00e9fonos.<\/p>","protected":false},"excerpt":{"rendered":"<p>Resumen del viaje Ubicaci\u00f3n del tour: Valle Sagrado, Camino Inca, Monta\u00f1a Arco Iris, Valle Rojo. Tipo de tour: Trekking\/caminata, cultural, aventurero. Ideal para: Personas en forma moderada, familias. Dificultad: Moderada. No es una caminata t\u00e9cnica, pero la altitud puede afectar a algunas personas. Consideraci\u00f3n: Se requiere permiso, con un proceso de permiso separado para la [&hellip;]<\/p>","protected":false},"author":1,"featured_media":10682,"parent":0,"menu_order":78,"comment_status":"closed","ping_status":"closed","template":"tour-page.php","meta":{"_acf_changed":false,"inline_featured_image":false,"footnotes":""},"categories":[177,22],"tags":[],"class_list":["post-12211","page","type-page","status-publish","has-post-thumbnail","hentry","category-excursiones-de-aventura","category-inca-trail-treks-es"],"acf":[],"yoast_head":"<!-- This site is optimized with the Yoast SEO Premium plugin v19.3 (Yoast SEO v27.3) - https:\/\/yoast.com\/product\/yoast-seo-premium-wordpress\/ -->\n<title>Tour Valle Sagrado 1 Dia y Camino Inca 2D\/1N y Monta\u00f1a Arco Iris + Valle Rojo 1 Dia - Alpaca Expeditions<\/title>\n<meta name=\"robots\" content=\"index, follow, max-snippet:-1, max-image-preview:large, max-video-preview:-1\" \/>\n<link rel=\"canonical\" href=\"https:\/\/www.alpacaexpeditions.com\/es\/tour-valle-sagrado-1-dia-camino-inca-2d-1n-montana-arco-iris-valle-rojo-1-dia\/\" \/>\n<meta property=\"og:locale\" content=\"es_ES\" \/>\n<meta property=\"og:type\" content=\"article\" \/>\n<meta property=\"og:title\" content=\"Tour Valle Sagrado 1 Dia y Camino Inca 2D\/1N y Monta\u00f1a Arco Iris + Valle Rojo 1 Dia\" \/>\n<meta property=\"og:description\" content=\"Resumen del viaje Ubicaci\u00f3n del tour: Valle Sagrado, Camino Inca, Monta\u00f1a Arco Iris, Valle Rojo. Tipo de tour: Trekking\/caminata, cultural, aventurero. Ideal para: Personas en forma moderada, familias. Dificultad: Moderada. No es una caminata t\u00e9cnica, pero la altitud puede afectar a algunas personas. Consideraci\u00f3n: Se requiere permiso, con un proceso de permiso separado para la [&hellip;]\" \/>\n<meta property=\"og:url\" content=\"https:\/\/www.alpacaexpeditions.com\/es\/tour-valle-sagrado-1-dia-camino-inca-2d-1n-montana-arco-iris-valle-rojo-1-dia\/\" \/>\n<meta property=\"og:site_name\" content=\"Alpaca Expeditions\" \/>\n<meta property=\"article:publisher\" content=\"https:\/\/www.facebook.com\/alpacaexpeditionstravelperu\" \/>\n<meta property=\"article:modified_time\" content=\"2026-04-01T17:38:32+00:00\" \/>\n<meta name=\"twitter:card\" content=\"summary_large_image\" \/>\n<meta name=\"twitter:site\" content=\"@trekwithalpaca\" \/>\n<meta name=\"twitter:label1\" content=\"Tiempo de lectura\" \/>\n\t<meta name=\"twitter:data1\" content=\"26 minutos\" \/>\n<!-- \/ Yoast SEO Premium plugin. -->","yoast_head_json":{"title":"Tour Valle Sagrado 1 Dia y Camino Inca 2D\/1N y Monta\u00f1a Arco Iris + Valle Rojo 1 Dia - Alpaca Expeditions","robots":{"index":"index","follow":"follow","max-snippet":"max-snippet:-1","max-image-preview":"max-image-preview:large","max-video-preview":"max-video-preview:-1"},"canonical":"https:\/\/www.alpacaexpeditions.com\/es\/tour-valle-sagrado-1-dia-camino-inca-2d-1n-montana-arco-iris-valle-rojo-1-dia\/","og_locale":"es_ES","og_type":"article","og_title":"Tour Valle Sagrado 1 Dia y Camino Inca 2D\/1N y Monta\u00f1a Arco Iris + Valle Rojo 1 Dia","og_description":"Resumen del viaje Ubicaci\u00f3n del tour: Valle Sagrado, Camino Inca, Monta\u00f1a Arco Iris, Valle Rojo. Tipo de tour: Trekking\/caminata, cultural, aventurero. Ideal para: Personas en forma moderada, familias. Dificultad: Moderada. No es una caminata t\u00e9cnica, pero la altitud puede afectar a algunas personas. Consideraci\u00f3n: Se requiere permiso, con un proceso de permiso separado para la [&hellip;]","og_url":"https:\/\/www.alpacaexpeditions.com\/es\/tour-valle-sagrado-1-dia-camino-inca-2d-1n-montana-arco-iris-valle-rojo-1-dia\/","og_site_name":"Alpaca Expeditions","article_publisher":"https:\/\/www.facebook.com\/alpacaexpeditionstravelperu","article_modified_time":"2026-04-01T17:38:32+00:00","twitter_card":"summary_large_image","twitter_site":"@trekwithalpaca","twitter_misc":{"Tiempo de lectura":"26 minutos"},"schema":{"@context":"https:\/\/schema.org","@graph":[{"@type":"WebPage","@id":"https:\/\/www.alpacaexpeditions.com\/es\/tour-valle-sagrado-1-dia-camino-inca-2d-1n-montana-arco-iris-valle-rojo-1-dia\/","url":"https:\/\/www.alpacaexpeditions.com\/es\/tour-valle-sagrado-1-dia-camino-inca-2d-1n-montana-arco-iris-valle-rojo-1-dia\/","name":"Tour Valle Sagrado 1 Dia y Camino Inca 2D\/1N y Monta\u00f1a Arco Iris + Valle Rojo 1 Dia - Alpaca Expeditions","isPartOf":{"@id":"https:\/\/www.alpacaexpeditions.com\/es\/#website"},"primaryImageOfPage":{"@id":"https:\/\/www.alpacaexpeditions.com\/es\/tour-valle-sagrado-1-dia-camino-inca-2d-1n-montana-arco-iris-valle-rojo-1-dia\/#primaryimage"},"image":{"@id":"https:\/\/www.alpacaexpeditions.com\/es\/tour-valle-sagrado-1-dia-camino-inca-2d-1n-montana-arco-iris-valle-rojo-1-dia\/#primaryimage"},"thumbnailUrl":"https:\/\/www.alpacaexpeditions.com\/wp-content\/uploads\/Sacred-Valley-Tour-1Day-Inca-Trail-2D1N-Rainbow-Mountain-Red-Valley-1Day-768x614-1.avif","datePublished":"2021-11-05T14:31:26+00:00","dateModified":"2026-04-01T17:38:32+00:00","breadcrumb":{"@id":"https:\/\/www.alpacaexpeditions.com\/es\/tour-valle-sagrado-1-dia-camino-inca-2d-1n-montana-arco-iris-valle-rojo-1-dia\/#breadcrumb"},"inLanguage":"es","potentialAction":[{"@type":"ReadAction","target":["https:\/\/www.alpacaexpeditions.com\/es\/tour-valle-sagrado-1-dia-camino-inca-2d-1n-montana-arco-iris-valle-rojo-1-dia\/"]}]},{"@type":"ImageObject","inLanguage":"es","@id":"https:\/\/www.alpacaexpeditions.com\/es\/tour-valle-sagrado-1-dia-camino-inca-2d-1n-montana-arco-iris-valle-rojo-1-dia\/#primaryimage","url":"https:\/\/www.alpacaexpeditions.com\/wp-content\/uploads\/Sacred-Valley-Tour-1Day-Inca-Trail-2D1N-Rainbow-Mountain-Red-Valley-1Day-768x614-1.avif","contentUrl":"https:\/\/www.alpacaexpeditions.com\/wp-content\/uploads\/Sacred-Valley-Tour-1Day-Inca-Trail-2D1N-Rainbow-Mountain-Red-Valley-1Day-768x614-1.avif","width":768,"height":614,"caption":"Sacred Valley Tour 1Day-Inca-Trail-2D1N"},{"@type":"BreadcrumbList","@id":"https:\/\/www.alpacaexpeditions.com\/es\/tour-valle-sagrado-1-dia-camino-inca-2d-1n-montana-arco-iris-valle-rojo-1-dia\/#breadcrumb","itemListElement":[{"@type":"ListItem","position":1,"name":"Home","item":"https:\/\/www.alpacaexpeditions.com\/es\/"},{"@type":"ListItem","position":2,"name":"Tour Valle Sagrado 1 Dia y Camino Inca 2D\/1N y Monta\u00f1a Arco Iris + Valle Rojo 1 Dia"}]},{"@type":"WebSite","@id":"https:\/\/www.alpacaexpeditions.com\/es\/#website","url":"https:\/\/www.alpacaexpeditions.com\/es\/","name":"Alpaca Expeditions","description":"","publisher":{"@id":"https:\/\/www.alpacaexpeditions.com\/es\/#organization"},"potentialAction":[{"@type":"SearchAction","target":{"@type":"EntryPoint","urlTemplate":"https:\/\/www.alpacaexpeditions.com\/es\/?s={search_term_string}"},"query-input":{"@type":"PropertyValueSpecification","valueRequired":true,"valueName":"search_term_string"}}],"inLanguage":"es"},{"@type":"Organization","@id":"https:\/\/www.alpacaexpeditions.com\/es\/#organization","name":"Alpaca Expeditions","url":"https:\/\/www.alpacaexpeditions.com\/es\/","logo":{"@type":"ImageObject","inLanguage":"es","@id":"https:\/\/www.alpacaexpeditions.com\/es\/#\/schema\/logo\/image\/","url":"https:\/\/www.alpacaexpeditions.com\/wp-content\/uploads\/Logo-Alpaca-Expeditions-1.svg","contentUrl":"https:\/\/www.alpacaexpeditions.com\/wp-content\/uploads\/Logo-Alpaca-Expeditions-1.svg","caption":"Alpaca Expeditions"},"image":{"@id":"https:\/\/www.alpacaexpeditions.com\/es\/#\/schema\/logo\/image\/"},"sameAs":["https:\/\/www.facebook.com\/alpacaexpeditionstravelperu","https:\/\/x.com\/trekwithalpaca","https:\/\/www.instagram.com\/trekwithalpaca\/"]}]}},"_links":{"self":[{"href":"https:\/\/www.alpacaexpeditions.com\/es\/wp-json\/wp\/v2\/pages\/12211","targetHints":{"allow":["GET"]}}],"collection":[{"href":"https:\/\/www.alpacaexpeditions.com\/es\/wp-json\/wp\/v2\/pages"}],"about":[{"href":"https:\/\/www.alpacaexpeditions.com\/es\/wp-json\/wp\/v2\/types\/page"}],"author":[{"embeddable":true,"href":"https:\/\/www.alpacaexpeditions.com\/es\/wp-json\/wp\/v2\/users\/1"}],"replies":[{"embeddable":true,"href":"https:\/\/www.alpacaexpeditions.com\/es\/wp-json\/wp\/v2\/comments?post=12211"}],"version-history":[{"count":0,"href":"https:\/\/www.alpacaexpeditions.com\/es\/wp-json\/wp\/v2\/pages\/12211\/revisions"}],"wp:featuredmedia":[{"embeddable":true,"href":"https:\/\/www.alpacaexpeditions.com\/es\/wp-json\/wp\/v2\/media\/10682"}],"wp:attachment":[{"href":"https:\/\/www.alpacaexpeditions.com\/es\/wp-json\/wp\/v2\/media?parent=12211"}],"wp:term":[{"taxonomy":"category","embeddable":true,"href":"https:\/\/www.alpacaexpeditions.com\/es\/wp-json\/wp\/v2\/categories?post=12211"},{"taxonomy":"post_tag","embeddable":true,"href":"https:\/\/www.alpacaexpeditions.com\/es\/wp-json\/wp\/v2\/tags?post=12211"}],"curies":[{"name":"wp","href":"https:\/\/api.w.org\/{rel}","templated":true}]}}