{"id":12217,"date":"2022-01-07T21:41:33","date_gmt":"2022-01-07T21:41:33","guid":{"rendered":"https:\/\/www.alpacaexpeditions.com\/?page_id=12217"},"modified":"2026-04-01T17:42:52","modified_gmt":"2026-04-01T17:42:52","slug":"tour-de-lujo-en-los-andes-peruanos-6d-5n","status":"publish","type":"page","link":"https:\/\/www.alpacaexpeditions.com\/es\/tour-de-lujo-en-los-andes-peruanos-6d-5n\/","title":{"rendered":"Tour de Lujo en los Andes Peruanos 6D\/5N"},"content":{"rendered":"<p>Conozca nuestro <strong data-start=\"17\" data-end=\"55\">tour de lujo en los Andes peruanos<\/strong>, una <strong data-start=\"61\" data-end=\"103\">experiencia cultural exclusiva en Per\u00fa<\/strong> que se extiende por 6 d\u00edas y 5 noches. Este <strong data-start=\"148\" data-end=\"188\">viaje premium de 6 d\u00edas en los Andes<\/strong> le permitir\u00e1 sumergirse en la riqueza cultural de la regi\u00f3n, incluyendo una <strong data-start=\"265\" data-end=\"301\">visita al Valle Sagrado con lujo<\/strong>, donde conocer\u00e1 iniciativas de rescate animal y tradiciones ancestrales preservadas por las comunidades locales.<\/p>\n<p>A lo largo de este exclusivo recorrido, tendr\u00e1 la oportunidad de explorar <strong data-start=\"258\" data-end=\"306\">las imponentes ruinas incas de Ollantaytambo<\/strong>, una fortaleza estrat\u00e9gica que combina templos, terrazas agr\u00edcolas y un avanzado sistema de ingenier\u00eda hidr\u00e1ulica. Adem\u00e1s, visitar\u00e1 <strong data-start=\"439\" data-end=\"479\">la m\u00edstica ciudadela de Machu Picchu<\/strong>, donde podr\u00e1 recorrer sus templos sagrados, la Plaza Principal y el Intihuatana, una de las piezas arqueol\u00f3gicas m\u00e1s enigm\u00e1ticas del Imperio Inca.<\/p>\n<p>El itinerario tambi\u00e9n lo llevar\u00e1 a descubrir el majestuoso <strong>complejo arqueol\u00f3gico de Moray,<\/strong> un laboratorio agr\u00edcola inca con terrazas circulares dise\u00f1adas para experimentar con diferentes microclimas.<\/p>","protected":false},"excerpt":{"rendered":"<p>Conozca nuestro tour de lujo en los Andes peruanos, una experiencia cultural exclusiva en Per\u00fa que se extiende por 6 d\u00edas y 5 noches. Este viaje premium de 6 d\u00edas en los Andes le permitir\u00e1 sumergirse en la riqueza cultural de la regi\u00f3n, incluyendo una visita al Valle Sagrado con lujo, donde conocer\u00e1 iniciativas de [&hellip;]<\/p>","protected":false},"author":1,"featured_media":10736,"parent":0,"menu_order":47,"comment_status":"closed","ping_status":"closed","template":"tour-page.php","meta":{"_acf_changed":false,"inline_featured_image":false,"footnotes":""},"categories":[179],"tags":[],"class_list":["post-12217","page","type-page","status-publish","has-post-thumbnail","hentry","category-tours-de-lujo"],"acf":[],"yoast_head":"<!-- This site is optimized with the Yoast SEO Premium plugin v19.3 (Yoast SEO v27.3) - https:\/\/yoast.com\/product\/yoast-seo-premium-wordpress\/ -->\n<title>Tour de Lujo en los Andes Peruanos 6D\/5N - Alpaca Expeditions<\/title>\n<meta name=\"robots\" content=\"index, follow, max-snippet:-1, max-image-preview:large, max-video-preview:-1\" \/>\n<link rel=\"canonical\" href=\"https:\/\/www.alpacaexpeditions.com\/es\/tour-de-lujo-en-los-andes-peruanos-6d-5n\/\" \/>\n<meta property=\"og:locale\" content=\"es_ES\" \/>\n<meta property=\"og:type\" content=\"article\" \/>\n<meta property=\"og:title\" content=\"Tour de Lujo en los Andes Peruanos 6D\/5N\" \/>\n<meta property=\"og:description\" content=\"Conozca nuestro tour de lujo en los Andes peruanos, una experiencia cultural exclusiva en Per\u00fa que se extiende por 6 d\u00edas y 5 noches. Este viaje premium de 6 d\u00edas en los Andes le permitir\u00e1 sumergirse en la riqueza cultural de la regi\u00f3n, incluyendo una visita al Valle Sagrado con lujo, donde conocer\u00e1 iniciativas de [&hellip;]\" \/>\n<meta property=\"og:url\" content=\"https:\/\/www.alpacaexpeditions.com\/es\/tour-de-lujo-en-los-andes-peruanos-6d-5n\/\" \/>\n<meta property=\"og:site_name\" content=\"Alpaca Expeditions\" \/>\n<meta property=\"article:publisher\" content=\"https:\/\/www.facebook.com\/alpacaexpeditionstravelperu\" \/>\n<meta property=\"article:modified_time\" content=\"2026-04-01T17:42:52+00:00\" \/>\n<meta name=\"twitter:card\" content=\"summary_large_image\" \/>\n<meta name=\"twitter:site\" content=\"@trekwithalpaca\" \/>\n<meta name=\"twitter:label1\" content=\"Tiempo de lectura\" \/>\n\t<meta name=\"twitter:data1\" content=\"18 minutos\" \/>\n<!-- \/ Yoast SEO Premium plugin. -->","yoast_head_json":{"title":"Tour de Lujo en los Andes Peruanos 6D\/5N - Alpaca Expeditions","robots":{"index":"index","follow":"follow","max-snippet":"max-snippet:-1","max-image-preview":"max-image-preview:large","max-video-preview":"max-video-preview:-1"},"canonical":"https:\/\/www.alpacaexpeditions.com\/es\/tour-de-lujo-en-los-andes-peruanos-6d-5n\/","og_locale":"es_ES","og_type":"article","og_title":"Tour de Lujo en los Andes Peruanos 6D\/5N","og_description":"Conozca nuestro tour de lujo en los Andes peruanos, una experiencia cultural exclusiva en Per\u00fa que se extiende por 6 d\u00edas y 5 noches. Este viaje premium de 6 d\u00edas en los Andes le permitir\u00e1 sumergirse en la riqueza cultural de la regi\u00f3n, incluyendo una visita al Valle Sagrado con lujo, donde conocer\u00e1 iniciativas de [&hellip;]","og_url":"https:\/\/www.alpacaexpeditions.com\/es\/tour-de-lujo-en-los-andes-peruanos-6d-5n\/","og_site_name":"Alpaca Expeditions","article_publisher":"https:\/\/www.facebook.com\/alpacaexpeditionstravelperu","article_modified_time":"2026-04-01T17:42:52+00:00","twitter_card":"summary_large_image","twitter_site":"@trekwithalpaca","twitter_misc":{"Tiempo de lectura":"18 minutos"},"schema":{"@context":"https:\/\/schema.org","@graph":[{"@type":"WebPage","@id":"https:\/\/www.alpacaexpeditions.com\/es\/tour-de-lujo-en-los-andes-peruanos-6d-5n\/","url":"https:\/\/www.alpacaexpeditions.com\/es\/tour-de-lujo-en-los-andes-peruanos-6d-5n\/","name":"Tour de Lujo en los Andes Peruanos 6D\/5N - Alpaca Expeditions","isPartOf":{"@id":"https:\/\/www.alpacaexpeditions.com\/es\/#website"},"primaryImageOfPage":{"@id":"https:\/\/www.alpacaexpeditions.com\/es\/tour-de-lujo-en-los-andes-peruanos-6d-5n\/#primaryimage"},"image":{"@id":"https:\/\/www.alpacaexpeditions.com\/es\/tour-de-lujo-en-los-andes-peruanos-6d-5n\/#primaryimage"},"thumbnailUrl":"https:\/\/www.alpacaexpeditions.com\/wp-content\/uploads\/Inca-Trail-Trek-Machu-Picchu-Hiking-Tours-4-D-3-N-Private-Tour-768x436-1.avif","datePublished":"2022-01-07T21:41:33+00:00","dateModified":"2026-04-01T17:42:52+00:00","breadcrumb":{"@id":"https:\/\/www.alpacaexpeditions.com\/es\/tour-de-lujo-en-los-andes-peruanos-6d-5n\/#breadcrumb"},"inLanguage":"es","potentialAction":[{"@type":"ReadAction","target":["https:\/\/www.alpacaexpeditions.com\/es\/tour-de-lujo-en-los-andes-peruanos-6d-5n\/"]}]},{"@type":"ImageObject","inLanguage":"es","@id":"https:\/\/www.alpacaexpeditions.com\/es\/tour-de-lujo-en-los-andes-peruanos-6d-5n\/#primaryimage","url":"https:\/\/www.alpacaexpeditions.com\/wp-content\/uploads\/Inca-Trail-Trek-Machu-Picchu-Hiking-Tours-4-D-3-N-Private-Tour-768x436-1.avif","contentUrl":"https:\/\/www.alpacaexpeditions.com\/wp-content\/uploads\/Inca-Trail-Trek-Machu-Picchu-Hiking-Tours-4-D-3-N-Private-Tour-768x436-1.avif","width":768,"height":436},{"@type":"BreadcrumbList","@id":"https:\/\/www.alpacaexpeditions.com\/es\/tour-de-lujo-en-los-andes-peruanos-6d-5n\/#breadcrumb","itemListElement":[{"@type":"ListItem","position":1,"name":"Home","item":"https:\/\/www.alpacaexpeditions.com\/es\/"},{"@type":"ListItem","position":2,"name":"Tour de Lujo en los Andes Peruanos 6D\/5N"}]},{"@type":"WebSite","@id":"https:\/\/www.alpacaexpeditions.com\/es\/#website","url":"https:\/\/www.alpacaexpeditions.com\/es\/","name":"Alpaca Expeditions","description":"","publisher":{"@id":"https:\/\/www.alpacaexpeditions.com\/es\/#organization"},"potentialAction":[{"@type":"SearchAction","target":{"@type":"EntryPoint","urlTemplate":"https:\/\/www.alpacaexpeditions.com\/es\/?s={search_term_string}"},"query-input":{"@type":"PropertyValueSpecification","valueRequired":true,"valueName":"search_term_string"}}],"inLanguage":"es"},{"@type":"Organization","@id":"https:\/\/www.alpacaexpeditions.com\/es\/#organization","name":"Alpaca Expeditions","url":"https:\/\/www.alpacaexpeditions.com\/es\/","logo":{"@type":"ImageObject","inLanguage":"es","@id":"https:\/\/www.alpacaexpeditions.com\/es\/#\/schema\/logo\/image\/","url":"https:\/\/www.alpacaexpeditions.com\/wp-content\/uploads\/Logo-Alpaca-Expeditions-1.svg","contentUrl":"https:\/\/www.alpacaexpeditions.com\/wp-content\/uploads\/Logo-Alpaca-Expeditions-1.svg","caption":"Alpaca Expeditions"},"image":{"@id":"https:\/\/www.alpacaexpeditions.com\/es\/#\/schema\/logo\/image\/"},"sameAs":["https:\/\/www.facebook.com\/alpacaexpeditionstravelperu","https:\/\/x.com\/trekwithalpaca","https:\/\/www.instagram.com\/trekwithalpaca\/"]}]}},"_links":{"self":[{"href":"https:\/\/www.alpacaexpeditions.com\/es\/wp-json\/wp\/v2\/pages\/12217","targetHints":{"allow":["GET"]}}],"collection":[{"href":"https:\/\/www.alpacaexpeditions.com\/es\/wp-json\/wp\/v2\/pages"}],"about":[{"href":"https:\/\/www.alpacaexpeditions.com\/es\/wp-json\/wp\/v2\/types\/page"}],"author":[{"embeddable":true,"href":"https:\/\/www.alpacaexpeditions.com\/es\/wp-json\/wp\/v2\/users\/1"}],"replies":[{"embeddable":true,"href":"https:\/\/www.alpacaexpeditions.com\/es\/wp-json\/wp\/v2\/comments?post=12217"}],"version-history":[{"count":0,"href":"https:\/\/www.alpacaexpeditions.com\/es\/wp-json\/wp\/v2\/pages\/12217\/revisions"}],"wp:featuredmedia":[{"embeddable":true,"href":"https:\/\/www.alpacaexpeditions.com\/es\/wp-json\/wp\/v2\/media\/10736"}],"wp:attachment":[{"href":"https:\/\/www.alpacaexpeditions.com\/es\/wp-json\/wp\/v2\/media?parent=12217"}],"wp:term":[{"taxonomy":"category","embeddable":true,"href":"https:\/\/www.alpacaexpeditions.com\/es\/wp-json\/wp\/v2\/categories?post=12217"},{"taxonomy":"post_tag","embeddable":true,"href":"https:\/\/www.alpacaexpeditions.com\/es\/wp-json\/wp\/v2\/tags?post=12217"}],"curies":[{"name":"wp","href":"https:\/\/api.w.org\/{rel}","templated":true}]}}