{"id":2211,"date":"2021-01-28T20:21:26","date_gmt":"2021-01-28T20:21:26","guid":{"rendered":"https:\/\/www.alpacaexpeditions.com\/inca-trail-expedition-5d4n\/"},"modified":"2026-03-07T17:13:22","modified_gmt":"2026-03-07T17:13:22","slug":"camino-inca-5d-4n","status":"publish","type":"page","link":"https:\/\/www.alpacaexpeditions.com\/es\/camino-inca-5d-4n\/","title":{"rendered":"Camino Inca Machu Picchu 5D\/4N"},"content":{"rendered":"<h2 style=\"text-align: justify;\">Principales caracter\u00edsticas del recorrido Camino Inca Machu Picchu 5D\/4N<\/h2>\n<p style=\"text-align: justify;\">\u00a1Un recorrido para ir\u00a0 un poco m\u00e1s despacio en este <strong>Camino Inca a Machu Picchu!<\/strong> Disfrutar\u00e1s durante 5 d\u00edas de las maravillas de los Andes!<\/p>\n<p style=\"text-align: justify;\">Las caminatas del Camino Inca a Machu Picchu generalmente siguen el mismo itinerario que nuestra <a href=\"https:\/\/www.alpacaexpeditions.com\/es\/clasico-camino-inca-a-machu-picchu-4d-3n-servicio-grupal\/\" target=\"_blank\" rel=\"noopener\">caminata cl\u00e1sica de 4 d\u00edas<\/a> por el Camino Inca, pero a un ritmo m\u00e1s pausado.<\/p>\n<p style=\"text-align: justify;\">Esto significa que puedes pasar m\u00e1s tiempo en cada ruina a lo largo del camino. Sin duda, una excelente opci\u00f3n para aquellos preocupados por su capacidad y velocidad de caminata, as\u00ed como para familias con excursionistas m\u00e1s j\u00f3venes.<\/p>\n<div class=\"package-info\" style=\"text-align: justify;\"><span class=\"head\"><strong>Tipo de tour:<\/strong> Senderismo con pernocta en campamentos, aventura, historia y cultura.<\/span><\/div>\n<div class=\"package-info\" style=\"text-align: justify;\"><strong>Distancia total:\u00a0<\/strong>\u00a043 Km \/ 26 millas.<\/div>\n<div class=\"package-info\" style=\"text-align: justify;\"><span class=\"head\"><strong>Recomendado:<\/strong> Para aquellos que disfrutan de caminatas largas y tienen una condici\u00f3n f\u00edsica moderada. En tales casos este recorrido por el Camino del Inca a Machu Piccu de hecho, es ideal.<\/span><\/div>\n<div class=\"package-info\" style=\"text-align: justify;\"><span class=\"head\"><strong>Consideraciones:\u00a0<\/strong>S<\/span><span class=\"head\">e requiere un permiso de ingreso (Alpaca Expeditions lo obtendr\u00e1 por ti en cuanto reserves con nosotros). Por ello debes\u00a0 reservar con anticipaci\u00f3n.<\/span><\/div>\n<div class=\"package-info\" style=\"text-align: justify;\">\n<div class=\"package-info\"><span class=\"head\"><strong>Temporada:<\/strong><\/span><span class=\"head\">\u00a0Desde 1 de marzo al 31 de enero.<\/span><\/div>\n<div><span class=\"head\"><strong>Camino cerrado:<\/strong><\/span><span class=\"head\">\u00a0Febrero (cerrado por el gobierno para iniciar mantenimiento)<\/span><\/div>\n<\/div>\n<div style=\"text-align: justify;\"><\/div>\n<div style=\"text-align: justify;\">Ahora bien, si est\u00e1s decidido a realizar este recorrido de 5D\/4N por el Camino Inca, te detallamos c\u00f3mo ser\u00e1 el itinerario a seguir. A fin de que puedas organizarte y mentalizarte para vivir esta extraordinaria experiencia.<\/div>\n<div style=\"text-align: justify;\"><\/div>\n<h2 style=\"text-align: center;\">\u00a1Disfruta de este recorrido sin preocupaciones!<\/h2>\n<div style=\"text-align: justify;\"><\/div>\n<div style=\"text-align: justify;\">Un asunto que debes tener en cuenta para tu mayor tranquilidad es que, contar\u00e1s con gu\u00edas expertos que te har\u00e1n un acompa\u00f1amiento eficiente. Es decir, est\u00e1n capacitados para responder ante cualquier eventualidad. Adem\u00e1s, los equipamos con tecnolog\u00eda que te permite incluso comunicarte desde cualquier parte del recorrido a trav\u00e9s de un tel\u00e9fono satelital, en caso de que as\u00ed lo requieras.<\/div>\n<div style=\"text-align: justify;\"><\/div>\n<div style=\"text-align: justify;\">En Alpaca pensamos en tu seguridad, disfrute y entretenimiento, por ello hacemos que cada recorrido por el <strong>Camino Inca Machu Picchu\u00a0<\/strong>sea inolvidable, concentr\u00e1ndote en el <a href=\"https:\/\/www.nationalgeographicla.com\/video\/tv\/por-que-se-construyo-machu-picchu\" target=\"_blank\" rel=\"noopener\">valor natural e hist\u00f3rico del lugar<\/a>. Dejando entonces tu seguridad cubierta para que puedas vivir esta experiencia plenamente.<\/div>","protected":false},"excerpt":{"rendered":"<p>Principales caracter\u00edsticas del recorrido Camino Inca Machu Picchu 5D\/4N \u00a1Un recorrido para ir\u00a0 un poco m\u00e1s despacio en este Camino Inca a Machu Picchu! Disfrutar\u00e1s durante 5 d\u00edas de las maravillas de los Andes! Las caminatas del Camino Inca a Machu Picchu generalmente siguen el mismo itinerario que nuestra caminata cl\u00e1sica de 4 d\u00edas por [&hellip;]<\/p>","protected":false},"author":1,"featured_media":1328,"parent":0,"menu_order":343,"comment_status":"closed","ping_status":"closed","template":"tour-page.php","meta":{"_acf_changed":false,"inline_featured_image":false,"footnotes":""},"categories":[177,22],"tags":[],"class_list":["post-2211","page","type-page","status-publish","has-post-thumbnail","hentry","category-excursiones-de-aventura","category-inca-trail-treks-es"],"acf":[],"yoast_head":"<!-- This site is optimized with the Yoast SEO Premium plugin v19.3 (Yoast SEO v27.3) - https:\/\/yoast.com\/product\/yoast-seo-premium-wordpress\/ -->\n<title>Camino Inca Machu Picchu 5D\/4N - Alpaca Expeditions<\/title>\n<meta name=\"description\" content=\"El recorrido por el Camino Inca Machu Picchu 5D\/4N te permite hacer un trayecto m\u00e1s pausado para disfrutarlo m\u00e1s.\" \/>\n<meta name=\"robots\" content=\"index, follow, max-snippet:-1, max-image-preview:large, max-video-preview:-1\" \/>\n<link rel=\"canonical\" href=\"https:\/\/www.alpacaexpeditions.com\/es\/camino-inca-5d-4n\/\" \/>\n<meta property=\"og:locale\" content=\"es_ES\" \/>\n<meta property=\"og:type\" content=\"article\" \/>\n<meta property=\"og:title\" content=\"Camino Inca Machu Picchu 5D\/4N\" \/>\n<meta property=\"og:description\" content=\"El recorrido por el Camino Inca Machu Picchu 5D\/4N te permite hacer un trayecto m\u00e1s pausado para disfrutarlo m\u00e1s.\" \/>\n<meta property=\"og:url\" content=\"https:\/\/www.alpacaexpeditions.com\/es\/camino-inca-5d-4n\/\" \/>\n<meta property=\"og:site_name\" content=\"Alpaca Expeditions\" \/>\n<meta property=\"article:publisher\" content=\"https:\/\/www.facebook.com\/alpacaexpeditionstravelperu\" \/>\n<meta property=\"article:modified_time\" content=\"2026-03-07T17:13:22+00:00\" \/>\n<meta property=\"og:image\" content=\"https:\/\/www.alpacaexpeditions.com\/wp-content\/uploads\/Inca-Trail-to-Machu-Picchu-5D-4N.jpg\" \/>\n\t<meta property=\"og:image:width\" content=\"640\" \/>\n\t<meta property=\"og:image:height\" content=\"322\" \/>\n\t<meta property=\"og:image:type\" content=\"image\/jpeg\" \/>\n<meta name=\"twitter:card\" content=\"summary_large_image\" \/>\n<meta name=\"twitter:site\" content=\"@trekwithalpaca\" \/>\n<meta name=\"twitter:label1\" content=\"Tiempo de lectura\" \/>\n\t<meta name=\"twitter:data1\" content=\"36 minutos\" \/>\n<!-- \/ Yoast SEO Premium plugin. -->","yoast_head_json":{"title":"Camino Inca Machu Picchu 5D\/4N - Alpaca Expeditions","description":"El recorrido por el Camino Inca Machu Picchu 5D\/4N te permite hacer un trayecto m\u00e1s pausado para disfrutarlo m\u00e1s.","robots":{"index":"index","follow":"follow","max-snippet":"max-snippet:-1","max-image-preview":"max-image-preview:large","max-video-preview":"max-video-preview:-1"},"canonical":"https:\/\/www.alpacaexpeditions.com\/es\/camino-inca-5d-4n\/","og_locale":"es_ES","og_type":"article","og_title":"Camino Inca Machu Picchu 5D\/4N","og_description":"El recorrido por el Camino Inca Machu Picchu 5D\/4N te permite hacer un trayecto m\u00e1s pausado para disfrutarlo m\u00e1s.","og_url":"https:\/\/www.alpacaexpeditions.com\/es\/camino-inca-5d-4n\/","og_site_name":"Alpaca Expeditions","article_publisher":"https:\/\/www.facebook.com\/alpacaexpeditionstravelperu","article_modified_time":"2026-03-07T17:13:22+00:00","og_image":[{"width":640,"height":322,"url":"https:\/\/www.alpacaexpeditions.com\/wp-content\/uploads\/Inca-Trail-to-Machu-Picchu-5D-4N.jpg","type":"image\/jpeg"}],"twitter_card":"summary_large_image","twitter_site":"@trekwithalpaca","twitter_misc":{"Tiempo de lectura":"36 minutos"},"schema":{"@context":"https:\/\/schema.org","@graph":[{"@type":"WebPage","@id":"https:\/\/www.alpacaexpeditions.com\/es\/camino-inca-5d-4n\/","url":"https:\/\/www.alpacaexpeditions.com\/es\/camino-inca-5d-4n\/","name":"Camino Inca Machu Picchu 5D\/4N - Alpaca Expeditions","isPartOf":{"@id":"https:\/\/www.alpacaexpeditions.com\/es\/#website"},"primaryImageOfPage":{"@id":"https:\/\/www.alpacaexpeditions.com\/es\/camino-inca-5d-4n\/#primaryimage"},"image":{"@id":"https:\/\/www.alpacaexpeditions.com\/es\/camino-inca-5d-4n\/#primaryimage"},"thumbnailUrl":"https:\/\/www.alpacaexpeditions.com\/wp-content\/uploads\/Inca-Trail-to-Machu-Picchu-5D-4N.jpg","datePublished":"2021-01-28T20:21:26+00:00","dateModified":"2026-03-07T17:13:22+00:00","description":"El recorrido por el Camino Inca Machu Picchu 5D\/4N te permite hacer un trayecto m\u00e1s pausado para disfrutarlo m\u00e1s.","breadcrumb":{"@id":"https:\/\/www.alpacaexpeditions.com\/es\/camino-inca-5d-4n\/#breadcrumb"},"inLanguage":"es","potentialAction":[{"@type":"ReadAction","target":["https:\/\/www.alpacaexpeditions.com\/es\/camino-inca-5d-4n\/"]}]},{"@type":"ImageObject","inLanguage":"es","@id":"https:\/\/www.alpacaexpeditions.com\/es\/camino-inca-5d-4n\/#primaryimage","url":"https:\/\/www.alpacaexpeditions.com\/wp-content\/uploads\/Inca-Trail-to-Machu-Picchu-5D-4N.jpg","contentUrl":"https:\/\/www.alpacaexpeditions.com\/wp-content\/uploads\/Inca-Trail-to-Machu-Picchu-5D-4N.jpg","width":640,"height":322,"caption":"Inca Trail to Machu Picchu 5D 4N"},{"@type":"BreadcrumbList","@id":"https:\/\/www.alpacaexpeditions.com\/es\/camino-inca-5d-4n\/#breadcrumb","itemListElement":[{"@type":"ListItem","position":1,"name":"Home","item":"https:\/\/www.alpacaexpeditions.com\/es\/"},{"@type":"ListItem","position":2,"name":"Camino Inca Machu Picchu 5D\/4N"}]},{"@type":"WebSite","@id":"https:\/\/www.alpacaexpeditions.com\/es\/#website","url":"https:\/\/www.alpacaexpeditions.com\/es\/","name":"Alpaca Expeditions","description":"","publisher":{"@id":"https:\/\/www.alpacaexpeditions.com\/es\/#organization"},"potentialAction":[{"@type":"SearchAction","target":{"@type":"EntryPoint","urlTemplate":"https:\/\/www.alpacaexpeditions.com\/es\/?s={search_term_string}"},"query-input":{"@type":"PropertyValueSpecification","valueRequired":true,"valueName":"search_term_string"}}],"inLanguage":"es"},{"@type":"Organization","@id":"https:\/\/www.alpacaexpeditions.com\/es\/#organization","name":"Alpaca Expeditions","url":"https:\/\/www.alpacaexpeditions.com\/es\/","logo":{"@type":"ImageObject","inLanguage":"es","@id":"https:\/\/www.alpacaexpeditions.com\/es\/#\/schema\/logo\/image\/","url":"https:\/\/www.alpacaexpeditions.com\/wp-content\/uploads\/Logo-Alpaca-Expeditions-1.svg","contentUrl":"https:\/\/www.alpacaexpeditions.com\/wp-content\/uploads\/Logo-Alpaca-Expeditions-1.svg","caption":"Alpaca Expeditions"},"image":{"@id":"https:\/\/www.alpacaexpeditions.com\/es\/#\/schema\/logo\/image\/"},"sameAs":["https:\/\/www.facebook.com\/alpacaexpeditionstravelperu","https:\/\/x.com\/trekwithalpaca","https:\/\/www.instagram.com\/trekwithalpaca\/"]}]}},"_links":{"self":[{"href":"https:\/\/www.alpacaexpeditions.com\/es\/wp-json\/wp\/v2\/pages\/2211","targetHints":{"allow":["GET"]}}],"collection":[{"href":"https:\/\/www.alpacaexpeditions.com\/es\/wp-json\/wp\/v2\/pages"}],"about":[{"href":"https:\/\/www.alpacaexpeditions.com\/es\/wp-json\/wp\/v2\/types\/page"}],"author":[{"embeddable":true,"href":"https:\/\/www.alpacaexpeditions.com\/es\/wp-json\/wp\/v2\/users\/1"}],"replies":[{"embeddable":true,"href":"https:\/\/www.alpacaexpeditions.com\/es\/wp-json\/wp\/v2\/comments?post=2211"}],"version-history":[{"count":0,"href":"https:\/\/www.alpacaexpeditions.com\/es\/wp-json\/wp\/v2\/pages\/2211\/revisions"}],"wp:featuredmedia":[{"embeddable":true,"href":"https:\/\/www.alpacaexpeditions.com\/es\/wp-json\/wp\/v2\/media\/1328"}],"wp:attachment":[{"href":"https:\/\/www.alpacaexpeditions.com\/es\/wp-json\/wp\/v2\/media?parent=2211"}],"wp:term":[{"taxonomy":"category","embeddable":true,"href":"https:\/\/www.alpacaexpeditions.com\/es\/wp-json\/wp\/v2\/categories?post=2211"},{"taxonomy":"post_tag","embeddable":true,"href":"https:\/\/www.alpacaexpeditions.com\/es\/wp-json\/wp\/v2\/tags?post=2211"}],"curies":[{"name":"wp","href":"https:\/\/api.w.org\/{rel}","templated":true}]}}