{"id":2367,"date":"2021-04-07T15:05:29","date_gmt":"2021-04-07T15:05:29","guid":{"rendered":"https:\/\/www.alpacaexpeditions.com\/our-chefs\/"},"modified":"2022-01-28T22:50:42","modified_gmt":"2022-01-28T22:50:42","slug":"nuestros-chefs","status":"publish","type":"page","link":"https:\/\/www.alpacaexpeditions.com\/es\/nuestros-chefs\/","title":{"rendered":"Nuestros Chefs"},"content":{"rendered":"<p>Caminar a lo largo de la monta\u00f1a en su camino a la conquista de Machu Picchu es una experiencia \u00fanica en la vida. Que no ser\u00e1 posible realizar sin nuestro personal. Nuestros gu\u00edas y porteadores hacen posible la caminata y proporcionan toda la ayuda necesaria, pero el verdadero secreto detr\u00e1s de nuestro lema &#8221;el viaje es el destino&#8221; se sabe bien que va a comer todos los d\u00edas gracias a nuestros chefs de trekking.<br \/>\nSer un chef de trekking para el Camino Inca o cualquier aventura hacia Machu Picchu no es nada f\u00e1cil. Un chef de trekking tiene que llevar todo el equipo necesario para las comidas de cada d\u00eda, montar la tienda de cocina y comenzar el proceso para proporcionar los mejores platos que pueda imaginar.<\/p>\n<p>Todas las comidas se cocinan en el momento y siguen los protocolos m\u00e1s detallados para que la comida sea deliciosa y segura para ser consumida. Nuestros chefs de trekking pueden atender cualquier necesidad diet\u00e9tica o alergia sin perder nada del sabor que tendr\u00e1n estas comidas. Un gran desayuno caliente, un almuerzo de tres platos y una hora feliz con cena para hacer de cada d\u00eda un placer. \u00a1El senderismo es mejor cuando se sabe que la mejor comida te est\u00e1 esperando!<\/p>","protected":false},"excerpt":{"rendered":"<p>Caminar a lo largo de la monta\u00f1a en su camino a la conquista de Machu Picchu es una experiencia \u00fanica en la vida. Que no ser\u00e1 posible realizar sin nuestro personal. Nuestros gu\u00edas y porteadores hacen posible la caminata y proporcionan toda la ayuda necesaria, pero el verdadero secreto detr\u00e1s de nuestro lema &#8221;el viaje [&hellip;]<\/p>","protected":false},"author":1,"featured_media":1128,"parent":0,"menu_order":249,"comment_status":"closed","ping_status":"closed","template":"page.php","meta":{"_acf_changed":false,"inline_featured_image":false,"footnotes":""},"categories":[],"tags":[],"class_list":["post-2367","page","type-page","status-publish","has-post-thumbnail","hentry"],"acf":[],"yoast_head":"<!-- This site is optimized with the Yoast SEO Premium plugin v19.3 (Yoast SEO v27.3) - https:\/\/yoast.com\/product\/yoast-seo-premium-wordpress\/ -->\n<title>Nuestros Chefs - Alpaca Expeditions<\/title>\n<meta name=\"robots\" content=\"index, follow, max-snippet:-1, max-image-preview:large, max-video-preview:-1\" \/>\n<link rel=\"canonical\" href=\"https:\/\/www.alpacaexpeditions.com\/es\/nuestros-chefs\/\" \/>\n<meta property=\"og:locale\" content=\"es_ES\" \/>\n<meta property=\"og:type\" content=\"article\" \/>\n<meta property=\"og:title\" content=\"Nuestros Chefs\" \/>\n<meta property=\"og:description\" content=\"Caminar a lo largo de la monta\u00f1a en su camino a la conquista de Machu Picchu es una experiencia \u00fanica en la vida. Que no ser\u00e1 posible realizar sin nuestro personal. Nuestros gu\u00edas y porteadores hacen posible la caminata y proporcionan toda la ayuda necesaria, pero el verdadero secreto detr\u00e1s de nuestro lema &#8221;el viaje [&hellip;]\" \/>\n<meta property=\"og:url\" content=\"https:\/\/www.alpacaexpeditions.com\/es\/nuestros-chefs\/\" \/>\n<meta property=\"og:site_name\" content=\"Alpaca Expeditions\" \/>\n<meta property=\"article:publisher\" content=\"https:\/\/www.facebook.com\/alpacaexpeditionstravelperu\" \/>\n<meta property=\"article:modified_time\" content=\"2022-01-28T22:50:42+00:00\" \/>\n<meta property=\"og:image\" content=\"https:\/\/www.alpacaexpeditions.com\/wp-content\/uploads\/Our-Cooks.jpg\" \/>\n\t<meta property=\"og:image:width\" content=\"1000\" \/>\n\t<meta property=\"og:image:height\" content=\"620\" \/>\n\t<meta property=\"og:image:type\" content=\"image\/jpeg\" \/>\n<meta name=\"twitter:card\" content=\"summary_large_image\" \/>\n<meta name=\"twitter:site\" content=\"@trekwithalpaca\" \/>\n<meta name=\"twitter:label1\" content=\"Tiempo de lectura\" \/>\n\t<meta name=\"twitter:data1\" content=\"1 minuto\" \/>\n<!-- \/ Yoast SEO Premium plugin. -->","yoast_head_json":{"title":"Nuestros Chefs - Alpaca Expeditions","robots":{"index":"index","follow":"follow","max-snippet":"max-snippet:-1","max-image-preview":"max-image-preview:large","max-video-preview":"max-video-preview:-1"},"canonical":"https:\/\/www.alpacaexpeditions.com\/es\/nuestros-chefs\/","og_locale":"es_ES","og_type":"article","og_title":"Nuestros Chefs","og_description":"Caminar a lo largo de la monta\u00f1a en su camino a la conquista de Machu Picchu es una experiencia \u00fanica en la vida. Que no ser\u00e1 posible realizar sin nuestro personal. Nuestros gu\u00edas y porteadores hacen posible la caminata y proporcionan toda la ayuda necesaria, pero el verdadero secreto detr\u00e1s de nuestro lema &#8221;el viaje [&hellip;]","og_url":"https:\/\/www.alpacaexpeditions.com\/es\/nuestros-chefs\/","og_site_name":"Alpaca Expeditions","article_publisher":"https:\/\/www.facebook.com\/alpacaexpeditionstravelperu","article_modified_time":"2022-01-28T22:50:42+00:00","og_image":[{"width":1000,"height":620,"url":"https:\/\/www.alpacaexpeditions.com\/wp-content\/uploads\/Our-Cooks.jpg","type":"image\/jpeg"}],"twitter_card":"summary_large_image","twitter_site":"@trekwithalpaca","twitter_misc":{"Tiempo de lectura":"1 minuto"},"schema":{"@context":"https:\/\/schema.org","@graph":[{"@type":"WebPage","@id":"https:\/\/www.alpacaexpeditions.com\/es\/nuestros-chefs\/","url":"https:\/\/www.alpacaexpeditions.com\/es\/nuestros-chefs\/","name":"Nuestros Chefs - Alpaca Expeditions","isPartOf":{"@id":"https:\/\/www.alpacaexpeditions.com\/es\/#website"},"primaryImageOfPage":{"@id":"https:\/\/www.alpacaexpeditions.com\/es\/nuestros-chefs\/#primaryimage"},"image":{"@id":"https:\/\/www.alpacaexpeditions.com\/es\/nuestros-chefs\/#primaryimage"},"thumbnailUrl":"https:\/\/www.alpacaexpeditions.com\/wp-content\/uploads\/Our-Cooks.jpg","datePublished":"2021-04-07T15:05:29+00:00","dateModified":"2022-01-28T22:50:42+00:00","breadcrumb":{"@id":"https:\/\/www.alpacaexpeditions.com\/es\/nuestros-chefs\/#breadcrumb"},"inLanguage":"es","potentialAction":[{"@type":"ReadAction","target":["https:\/\/www.alpacaexpeditions.com\/es\/nuestros-chefs\/"]}]},{"@type":"ImageObject","inLanguage":"es","@id":"https:\/\/www.alpacaexpeditions.com\/es\/nuestros-chefs\/#primaryimage","url":"https:\/\/www.alpacaexpeditions.com\/wp-content\/uploads\/Our-Cooks.jpg","contentUrl":"https:\/\/www.alpacaexpeditions.com\/wp-content\/uploads\/Our-Cooks.jpg","width":1000,"height":620,"caption":"Our Cooks"},{"@type":"BreadcrumbList","@id":"https:\/\/www.alpacaexpeditions.com\/es\/nuestros-chefs\/#breadcrumb","itemListElement":[{"@type":"ListItem","position":1,"name":"Home","item":"https:\/\/www.alpacaexpeditions.com\/es\/"},{"@type":"ListItem","position":2,"name":"Nuestros Chefs"}]},{"@type":"WebSite","@id":"https:\/\/www.alpacaexpeditions.com\/es\/#website","url":"https:\/\/www.alpacaexpeditions.com\/es\/","name":"Alpaca Expeditions","description":"","publisher":{"@id":"https:\/\/www.alpacaexpeditions.com\/es\/#organization"},"potentialAction":[{"@type":"SearchAction","target":{"@type":"EntryPoint","urlTemplate":"https:\/\/www.alpacaexpeditions.com\/es\/?s={search_term_string}"},"query-input":{"@type":"PropertyValueSpecification","valueRequired":true,"valueName":"search_term_string"}}],"inLanguage":"es"},{"@type":"Organization","@id":"https:\/\/www.alpacaexpeditions.com\/es\/#organization","name":"Alpaca Expeditions","url":"https:\/\/www.alpacaexpeditions.com\/es\/","logo":{"@type":"ImageObject","inLanguage":"es","@id":"https:\/\/www.alpacaexpeditions.com\/es\/#\/schema\/logo\/image\/","url":"https:\/\/www.alpacaexpeditions.com\/wp-content\/uploads\/Logo-Alpaca-Expeditions-1.svg","contentUrl":"https:\/\/www.alpacaexpeditions.com\/wp-content\/uploads\/Logo-Alpaca-Expeditions-1.svg","caption":"Alpaca Expeditions"},"image":{"@id":"https:\/\/www.alpacaexpeditions.com\/es\/#\/schema\/logo\/image\/"},"sameAs":["https:\/\/www.facebook.com\/alpacaexpeditionstravelperu","https:\/\/x.com\/trekwithalpaca","https:\/\/www.instagram.com\/trekwithalpaca\/"]}]}},"_links":{"self":[{"href":"https:\/\/www.alpacaexpeditions.com\/es\/wp-json\/wp\/v2\/pages\/2367","targetHints":{"allow":["GET"]}}],"collection":[{"href":"https:\/\/www.alpacaexpeditions.com\/es\/wp-json\/wp\/v2\/pages"}],"about":[{"href":"https:\/\/www.alpacaexpeditions.com\/es\/wp-json\/wp\/v2\/types\/page"}],"author":[{"embeddable":true,"href":"https:\/\/www.alpacaexpeditions.com\/es\/wp-json\/wp\/v2\/users\/1"}],"replies":[{"embeddable":true,"href":"https:\/\/www.alpacaexpeditions.com\/es\/wp-json\/wp\/v2\/comments?post=2367"}],"version-history":[{"count":0,"href":"https:\/\/www.alpacaexpeditions.com\/es\/wp-json\/wp\/v2\/pages\/2367\/revisions"}],"wp:featuredmedia":[{"embeddable":true,"href":"https:\/\/www.alpacaexpeditions.com\/es\/wp-json\/wp\/v2\/media\/1128"}],"wp:attachment":[{"href":"https:\/\/www.alpacaexpeditions.com\/es\/wp-json\/wp\/v2\/media?parent=2367"}],"wp:term":[{"taxonomy":"category","embeddable":true,"href":"https:\/\/www.alpacaexpeditions.com\/es\/wp-json\/wp\/v2\/categories?post=2367"},{"taxonomy":"post_tag","embeddable":true,"href":"https:\/\/www.alpacaexpeditions.com\/es\/wp-json\/wp\/v2\/tags?post=2367"}],"curies":[{"name":"wp","href":"https:\/\/api.w.org\/{rel}","templated":true}]}}