{"id":2373,"date":"2021-04-08T03:54:44","date_gmt":"2021-04-08T03:54:44","guid":{"rendered":"https:\/\/www.alpacaexpeditions.com\/our-porters-the-green-machine\/"},"modified":"2022-12-27T17:18:16","modified_gmt":"2022-12-27T17:18:16","slug":"porteadores-green-machine","status":"publish","type":"page","link":"https:\/\/www.alpacaexpeditions.com\/es\/porteadores-green-machine\/","title":{"rendered":"Porteadores: Green Machine"},"content":{"rendered":"<p>Nuestros porteadores representan al pueblo peruano, tanto a los hombres como a las mujeres que est\u00e1n en el coraz\u00f3n de nuestra empresa. No es posible crear la experiencia que ofrecemos sin el incre\u00edble trabajo de nuestro equipo de porteadores. Est\u00e1n formados por hombres y mujeres de diferentes edades que est\u00e1n dispuestos a dejar sus hogares a varias horas de distancia durante d\u00edas. Suelen ser agricultores.<\/p>\n<p>Ser porteador es un trabajo duro. Lamentablemente, ver\u00e1s en muchas otras empresas que los porteadores llevan sandalias que se caen a pedazos. Muchos duermen en el suelo sin mantas y comen sin cubiertos. Para nosotros, esta es una forma inaceptable de tratar a nuestra gente peruana, por lo que intentamos ser l\u00edderes en el tratamiento de todos nuestros porteadores.<\/p>\n<p>Nos esforzamos por tratarlos con respeto, ofreci\u00e9ndoles salarios justos y un equipamiento adecuado. Nos preocupamos por su salud y la de sus familias, y nos comprometemos con proyectos sociales para ayudar a enriquecer sus vidas. La mayor\u00eda de nuestro equipo empez\u00f3 como porteadores, incluido nuestro propietario Ra\u00fal, y esperamos poder mejorar sus vidas ya que ellos mejoran nuestra empresa.<\/p>\n<p>Hemos abierto nuestras puertas a las mujeres de Cusco, y hemos tenido la suerte de contar con mujeres porteadoras. Ellas trabajan para nosotros con sonrisas a\u00fan m\u00e1s grandes y esp\u00edritus m\u00e1s brillantes. Estamos muy emocionados de que conozcas a nuestro incre\u00edble equipo de Green Machine.<\/p>","protected":false},"excerpt":{"rendered":"<p>Nuestros porteadores representan al pueblo peruano, tanto a los hombres como a las mujeres que est\u00e1n en el coraz\u00f3n de nuestra empresa. No es posible crear la experiencia que ofrecemos sin el incre\u00edble trabajo de nuestro equipo de porteadores. Est\u00e1n formados por hombres y mujeres de diferentes edades que est\u00e1n dispuestos a dejar sus hogares [&hellip;]<\/p>","protected":false},"author":1,"featured_media":1125,"parent":0,"menu_order":242,"comment_status":"closed","ping_status":"closed","template":"porters-page.php","meta":{"_acf_changed":false,"inline_featured_image":false,"footnotes":""},"categories":[82,81],"tags":[],"class_list":["post-2373","page","type-page","status-publish","has-post-thumbnail","hentry","category-alpaca-expeditions-porters-es","category-our-community-es"],"acf":[],"yoast_head":"<!-- This site is optimized with the Yoast SEO Premium plugin v19.3 (Yoast SEO v27.3) - https:\/\/yoast.com\/product\/yoast-seo-premium-wordpress\/ -->\n<title>Porteadores: Green Machine - Alpaca Expeditions<\/title>\n<meta name=\"robots\" content=\"index, follow, max-snippet:-1, max-image-preview:large, max-video-preview:-1\" \/>\n<link rel=\"canonical\" href=\"https:\/\/www.alpacaexpeditions.com\/es\/porteadores-green-machine\/\" \/>\n<meta property=\"og:locale\" content=\"es_ES\" \/>\n<meta property=\"og:type\" content=\"article\" \/>\n<meta property=\"og:title\" content=\"Porteadores: Green Machine\" \/>\n<meta property=\"og:description\" content=\"Nuestros porteadores representan al pueblo peruano, tanto a los hombres como a las mujeres que est\u00e1n en el coraz\u00f3n de nuestra empresa. No es posible crear la experiencia que ofrecemos sin el incre\u00edble trabajo de nuestro equipo de porteadores. Est\u00e1n formados por hombres y mujeres de diferentes edades que est\u00e1n dispuestos a dejar sus hogares [&hellip;]\" \/>\n<meta property=\"og:url\" content=\"https:\/\/www.alpacaexpeditions.com\/es\/porteadores-green-machine\/\" \/>\n<meta property=\"og:site_name\" content=\"Alpaca Expeditions\" \/>\n<meta property=\"article:publisher\" content=\"https:\/\/www.facebook.com\/alpacaexpeditionstravelperu\" \/>\n<meta property=\"article:modified_time\" content=\"2022-12-27T17:18:16+00:00\" \/>\n<meta property=\"og:image\" content=\"https:\/\/www.alpacaexpeditions.com\/wp-content\/uploads\/Our-Porter-The-Green-Machine-Alpaca-Expeditions.jpg\" \/>\n\t<meta property=\"og:image:width\" content=\"1000\" \/>\n\t<meta property=\"og:image:height\" content=\"620\" \/>\n\t<meta property=\"og:image:type\" content=\"image\/jpeg\" \/>\n<meta name=\"twitter:card\" content=\"summary_large_image\" \/>\n<meta name=\"twitter:site\" content=\"@trekwithalpaca\" \/>\n<meta name=\"twitter:label1\" content=\"Tiempo de lectura\" \/>\n\t<meta name=\"twitter:data1\" content=\"1 minuto\" \/>\n<!-- \/ Yoast SEO Premium plugin. -->","yoast_head_json":{"title":"Porteadores: Green Machine - Alpaca Expeditions","robots":{"index":"index","follow":"follow","max-snippet":"max-snippet:-1","max-image-preview":"max-image-preview:large","max-video-preview":"max-video-preview:-1"},"canonical":"https:\/\/www.alpacaexpeditions.com\/es\/porteadores-green-machine\/","og_locale":"es_ES","og_type":"article","og_title":"Porteadores: Green Machine","og_description":"Nuestros porteadores representan al pueblo peruano, tanto a los hombres como a las mujeres que est\u00e1n en el coraz\u00f3n de nuestra empresa. No es posible crear la experiencia que ofrecemos sin el incre\u00edble trabajo de nuestro equipo de porteadores. Est\u00e1n formados por hombres y mujeres de diferentes edades que est\u00e1n dispuestos a dejar sus hogares [&hellip;]","og_url":"https:\/\/www.alpacaexpeditions.com\/es\/porteadores-green-machine\/","og_site_name":"Alpaca Expeditions","article_publisher":"https:\/\/www.facebook.com\/alpacaexpeditionstravelperu","article_modified_time":"2022-12-27T17:18:16+00:00","og_image":[{"width":1000,"height":620,"url":"https:\/\/www.alpacaexpeditions.com\/wp-content\/uploads\/Our-Porter-The-Green-Machine-Alpaca-Expeditions.jpg","type":"image\/jpeg"}],"twitter_card":"summary_large_image","twitter_site":"@trekwithalpaca","twitter_misc":{"Tiempo de lectura":"1 minuto"},"schema":{"@context":"https:\/\/schema.org","@graph":[{"@type":"WebPage","@id":"https:\/\/www.alpacaexpeditions.com\/es\/porteadores-green-machine\/","url":"https:\/\/www.alpacaexpeditions.com\/es\/porteadores-green-machine\/","name":"Porteadores: Green Machine - Alpaca Expeditions","isPartOf":{"@id":"https:\/\/www.alpacaexpeditions.com\/es\/#website"},"primaryImageOfPage":{"@id":"https:\/\/www.alpacaexpeditions.com\/es\/porteadores-green-machine\/#primaryimage"},"image":{"@id":"https:\/\/www.alpacaexpeditions.com\/es\/porteadores-green-machine\/#primaryimage"},"thumbnailUrl":"https:\/\/www.alpacaexpeditions.com\/wp-content\/uploads\/Our-Porter-The-Green-Machine-Alpaca-Expeditions.jpg","datePublished":"2021-04-08T03:54:44+00:00","dateModified":"2022-12-27T17:18:16+00:00","breadcrumb":{"@id":"https:\/\/www.alpacaexpeditions.com\/es\/porteadores-green-machine\/#breadcrumb"},"inLanguage":"es","potentialAction":[{"@type":"ReadAction","target":["https:\/\/www.alpacaexpeditions.com\/es\/porteadores-green-machine\/"]}]},{"@type":"ImageObject","inLanguage":"es","@id":"https:\/\/www.alpacaexpeditions.com\/es\/porteadores-green-machine\/#primaryimage","url":"https:\/\/www.alpacaexpeditions.com\/wp-content\/uploads\/Our-Porter-The-Green-Machine-Alpaca-Expeditions.jpg","contentUrl":"https:\/\/www.alpacaexpeditions.com\/wp-content\/uploads\/Our-Porter-The-Green-Machine-Alpaca-Expeditions.jpg","width":1000,"height":620,"caption":"Our Porter The Green Machine Alpaca Expeditions"},{"@type":"BreadcrumbList","@id":"https:\/\/www.alpacaexpeditions.com\/es\/porteadores-green-machine\/#breadcrumb","itemListElement":[{"@type":"ListItem","position":1,"name":"Home","item":"https:\/\/www.alpacaexpeditions.com\/es\/"},{"@type":"ListItem","position":2,"name":"Porteadores: Green Machine"}]},{"@type":"WebSite","@id":"https:\/\/www.alpacaexpeditions.com\/es\/#website","url":"https:\/\/www.alpacaexpeditions.com\/es\/","name":"Alpaca Expeditions","description":"","publisher":{"@id":"https:\/\/www.alpacaexpeditions.com\/es\/#organization"},"potentialAction":[{"@type":"SearchAction","target":{"@type":"EntryPoint","urlTemplate":"https:\/\/www.alpacaexpeditions.com\/es\/?s={search_term_string}"},"query-input":{"@type":"PropertyValueSpecification","valueRequired":true,"valueName":"search_term_string"}}],"inLanguage":"es"},{"@type":"Organization","@id":"https:\/\/www.alpacaexpeditions.com\/es\/#organization","name":"Alpaca Expeditions","url":"https:\/\/www.alpacaexpeditions.com\/es\/","logo":{"@type":"ImageObject","inLanguage":"es","@id":"https:\/\/www.alpacaexpeditions.com\/es\/#\/schema\/logo\/image\/","url":"https:\/\/www.alpacaexpeditions.com\/wp-content\/uploads\/Logo-Alpaca-Expeditions-1.svg","contentUrl":"https:\/\/www.alpacaexpeditions.com\/wp-content\/uploads\/Logo-Alpaca-Expeditions-1.svg","caption":"Alpaca Expeditions"},"image":{"@id":"https:\/\/www.alpacaexpeditions.com\/es\/#\/schema\/logo\/image\/"},"sameAs":["https:\/\/www.facebook.com\/alpacaexpeditionstravelperu","https:\/\/x.com\/trekwithalpaca","https:\/\/www.instagram.com\/trekwithalpaca\/"]}]}},"_links":{"self":[{"href":"https:\/\/www.alpacaexpeditions.com\/es\/wp-json\/wp\/v2\/pages\/2373","targetHints":{"allow":["GET"]}}],"collection":[{"href":"https:\/\/www.alpacaexpeditions.com\/es\/wp-json\/wp\/v2\/pages"}],"about":[{"href":"https:\/\/www.alpacaexpeditions.com\/es\/wp-json\/wp\/v2\/types\/page"}],"author":[{"embeddable":true,"href":"https:\/\/www.alpacaexpeditions.com\/es\/wp-json\/wp\/v2\/users\/1"}],"replies":[{"embeddable":true,"href":"https:\/\/www.alpacaexpeditions.com\/es\/wp-json\/wp\/v2\/comments?post=2373"}],"version-history":[{"count":0,"href":"https:\/\/www.alpacaexpeditions.com\/es\/wp-json\/wp\/v2\/pages\/2373\/revisions"}],"wp:featuredmedia":[{"embeddable":true,"href":"https:\/\/www.alpacaexpeditions.com\/es\/wp-json\/wp\/v2\/media\/1125"}],"wp:attachment":[{"href":"https:\/\/www.alpacaexpeditions.com\/es\/wp-json\/wp\/v2\/media?parent=2373"}],"wp:term":[{"taxonomy":"category","embeddable":true,"href":"https:\/\/www.alpacaexpeditions.com\/es\/wp-json\/wp\/v2\/categories?post=2373"},{"taxonomy":"post_tag","embeddable":true,"href":"https:\/\/www.alpacaexpeditions.com\/es\/wp-json\/wp\/v2\/tags?post=2373"}],"curies":[{"name":"wp","href":"https:\/\/api.w.org\/{rel}","templated":true}]}}