{"id":2413,"date":"2021-01-28T20:21:45","date_gmt":"2021-01-28T20:21:45","guid":{"rendered":"https:\/\/www.alpacaexpeditions.com\/inca-trail-with-hotel-2d1n\/"},"modified":"2026-02-02T20:16:29","modified_gmt":"2026-02-02T20:16:29","slug":"camino-inca-con-hotel-2-dias-1-noche","status":"publish","type":"page","link":"https:\/\/www.alpacaexpeditions.com\/es\/camino-inca-con-hotel-2-dias-1-noche\/","title":{"rendered":"Caminata corta Camino Inca con Hotel 2D\/1N"},"content":{"rendered":"<h2>Caracter\u00edsticas Camino del Inca corto con hotel (Per\u00fa &#8211; Cusco)<\/h2>\n<p>A continuaci\u00f3n te presentamos las caracter\u00edsticas del <strong>Camino del Inca corto con hotel (Per\u00fa &#8211; Cusco)<\/strong>\u00a0que debes tener presente antes de dar inicio a esta maravillosa aventura:<\/p>\n<div class=\"package-info\"><span class=\"head\"><strong>Tipo de tour:<\/strong>\u00a0<\/span>\u00a0Trekking, aventura, historia y cultura<\/div>\n<div class=\"package-info\"><span class=\"head\"><strong>Bueno para:<\/strong>\u00a0 Personas con condici\u00f3n f\u00edsica moderada<\/span><\/div>\n<div class=\"package-info\"><span class=\"head\"><strong>Dificultad:<\/strong>\u00a0<\/span>\u00a0Media<\/div>\n<div class=\"package-info\"><span class=\"head\"><strong>Consideraciones:<\/strong> Se requiere un permiso de ingreso. (Alpaca Expeditions obtendr\u00e1 este permiso en cuanto reserve con nosotros).<\/span><\/div>\n<div><strong>Incluye:<\/strong> este tour al camino del inca corto con hotel incluye gu\u00edas profesionales encargados de orientarte y guiar a lo largo del camino; una noche en un hotel en Aguas Calientes; transporte al hotel y tren de regreso a Aguas Calientes; todas las comidas el primer d\u00eda y desayuno para el segundo; y agua durante toda la caminata. Tambi\u00e9n se presta el servicio de primeros auxilios y la utilizaci\u00f3n de tel\u00e9fonos sat\u00e9litales, de ser necesario.<\/div>\n<div><strong>No incluye:<\/strong>\u00a0 porteadores, por lo que ser\u00e1 tu responsabilidad llevar y cuidar tus pertenencias. En el caso de requerir uno, tiene un costo adicional.<\/div>\n<div><\/div>\n<div class=\"package-info\"><span class=\"head\">Como sucede con todos nuestros<strong> tours a <a href=\"https:\/\/www.nationalgeographicla.com\/viajes\/los-10-mejores-secretos-del-machu-picchu\" target=\"_blank\" rel=\"noopener\">Machu Picchu<\/a><\/strong>, el tour Camino del Inca corto con hotel suele agotarse r\u00e1pidamente. Por lo que nuestra recomendaci\u00f3n es que planifiques y reserves con suficiente antelaci\u00f3n (de uno a tre meses).<\/span><\/div>\n<div>Hay <a href=\"https:\/\/www.alpacaexpeditions.com\/es\/treks-camino-inca\/\" target=\"_blank\" rel=\"noopener\">otros factores que debes considerar<\/a> al momento de realizar el Camino Inca.<\/div>\n<div><\/div>\n<div>Si deseas hacer el recorrido Camino Inca sin gran esfuerzo, esta resulta la opci\u00f3n ideal. \u00a1Cont\u00e1ctanos y reserva tu cupo para este a\u00f1o!<\/div>\n<div><\/div>\n<div>En el tour Camino del Inca corto con hotel nos encargaremos de que vivas la mejor experiencia de tu vida. Podr\u00e1s contar con las mejores prestaciones: un hotel de lujo, platos exquisitos y un personal altamente capacitado con el que te sentir\u00e1s en familia.<\/div>\n<div><\/div>\n<div>Nos esperes m\u00e1s y conoce de primera mano la impresionantes ruinas incas a lo largo del camino.<\/div>\n<p>&nbsp;<\/p>","protected":false},"excerpt":{"rendered":"<p>Caracter\u00edsticas Camino del Inca corto con hotel (Per\u00fa &#8211; Cusco) A continuaci\u00f3n te presentamos las caracter\u00edsticas del Camino del Inca corto con hotel (Per\u00fa &#8211; Cusco)\u00a0que debes tener presente antes de dar inicio a esta maravillosa aventura: Tipo de tour:\u00a0\u00a0Trekking, aventura, historia y cultura Bueno para:\u00a0 Personas con condici\u00f3n f\u00edsica moderada Dificultad:\u00a0\u00a0Media Consideraciones: Se requiere [&hellip;]<\/p>","protected":false},"author":1,"featured_media":10503,"parent":0,"menu_order":340,"comment_status":"closed","ping_status":"closed","template":"tour-page.php","meta":{"_acf_changed":false,"inline_featured_image":false,"footnotes":""},"categories":[177,22,23],"tags":[],"class_list":["post-2413","page","type-page","status-publish","has-post-thumbnail","hentry","category-excursiones-de-aventura","category-inca-trail-treks-es","category-most-popular-inca-treks-tours-es"],"acf":[],"yoast_head":"<!-- This site is optimized with the Yoast SEO Premium plugin v19.3 (Yoast SEO v27.3) - https:\/\/yoast.com\/product\/yoast-seo-premium-wordpress\/ -->\n<title>Caminata corta Camino Inca con Hotel 2D\/1N - Alpaca Expeditions<\/title>\n<meta name=\"description\" content=\"Realiza junto con AlpacaExpeditions el recorrido Camino del Inca corto (Per\u00fa - Cusco) con hotel (2D\/1N) \u00a1Ser\u00e1 una experiencia inigualable!\" \/>\n<meta name=\"robots\" content=\"index, follow, max-snippet:-1, max-image-preview:large, max-video-preview:-1\" \/>\n<link rel=\"canonical\" href=\"https:\/\/www.alpacaexpeditions.com\/es\/camino-inca-con-hotel-2-dias-1-noche\/\" \/>\n<meta property=\"og:locale\" content=\"es_ES\" \/>\n<meta property=\"og:type\" content=\"article\" \/>\n<meta property=\"og:title\" content=\"Caminata corta Camino Inca con Hotel 2D\/1N\" \/>\n<meta property=\"og:description\" content=\"Realiza junto con AlpacaExpeditions el recorrido Camino del Inca corto (Per\u00fa - Cusco) con hotel (2D\/1N) \u00a1Ser\u00e1 una experiencia inigualable!\" \/>\n<meta property=\"og:url\" content=\"https:\/\/www.alpacaexpeditions.com\/es\/camino-inca-con-hotel-2-dias-1-noche\/\" \/>\n<meta property=\"og:site_name\" content=\"Alpaca Expeditions\" \/>\n<meta property=\"article:publisher\" content=\"https:\/\/www.facebook.com\/alpacaexpeditionstravelperu\" \/>\n<meta property=\"article:modified_time\" content=\"2026-02-02T20:16:29+00:00\" \/>\n<meta name=\"twitter:card\" content=\"summary_large_image\" \/>\n<meta name=\"twitter:site\" content=\"@trekwithalpaca\" \/>\n<meta name=\"twitter:label1\" content=\"Tiempo de lectura\" \/>\n\t<meta name=\"twitter:data1\" content=\"27 minutos\" \/>\n<!-- \/ Yoast SEO Premium plugin. -->","yoast_head_json":{"title":"Caminata corta Camino Inca con Hotel 2D\/1N - Alpaca Expeditions","description":"Realiza junto con AlpacaExpeditions el recorrido Camino del Inca corto (Per\u00fa - Cusco) con hotel (2D\/1N) \u00a1Ser\u00e1 una experiencia inigualable!","robots":{"index":"index","follow":"follow","max-snippet":"max-snippet:-1","max-image-preview":"max-image-preview:large","max-video-preview":"max-video-preview:-1"},"canonical":"https:\/\/www.alpacaexpeditions.com\/es\/camino-inca-con-hotel-2-dias-1-noche\/","og_locale":"es_ES","og_type":"article","og_title":"Caminata corta Camino Inca con Hotel 2D\/1N","og_description":"Realiza junto con AlpacaExpeditions el recorrido Camino del Inca corto (Per\u00fa - Cusco) con hotel (2D\/1N) \u00a1Ser\u00e1 una experiencia inigualable!","og_url":"https:\/\/www.alpacaexpeditions.com\/es\/camino-inca-con-hotel-2-dias-1-noche\/","og_site_name":"Alpaca Expeditions","article_publisher":"https:\/\/www.facebook.com\/alpacaexpeditionstravelperu","article_modified_time":"2026-02-02T20:16:29+00:00","twitter_card":"summary_large_image","twitter_site":"@trekwithalpaca","twitter_misc":{"Tiempo de lectura":"27 minutos"},"schema":{"@context":"https:\/\/schema.org","@graph":[{"@type":"WebPage","@id":"https:\/\/www.alpacaexpeditions.com\/es\/camino-inca-con-hotel-2-dias-1-noche\/","url":"https:\/\/www.alpacaexpeditions.com\/es\/camino-inca-con-hotel-2-dias-1-noche\/","name":"Caminata corta Camino Inca con Hotel 2D\/1N - Alpaca Expeditions","isPartOf":{"@id":"https:\/\/www.alpacaexpeditions.com\/es\/#website"},"primaryImageOfPage":{"@id":"https:\/\/www.alpacaexpeditions.com\/es\/camino-inca-con-hotel-2-dias-1-noche\/#primaryimage"},"image":{"@id":"https:\/\/www.alpacaexpeditions.com\/es\/camino-inca-con-hotel-2-dias-1-noche\/#primaryimage"},"thumbnailUrl":"https:\/\/www.alpacaexpeditions.com\/wp-content\/uploads\/Inca-Trail-Trek-Hotel-2-Days-1-Night-AE-768x614-1.avif","datePublished":"2021-01-28T20:21:45+00:00","dateModified":"2026-02-02T20:16:29+00:00","description":"Realiza junto con AlpacaExpeditions el recorrido Camino del Inca corto (Per\u00fa - Cusco) con hotel (2D\/1N) \u00a1Ser\u00e1 una experiencia inigualable!","breadcrumb":{"@id":"https:\/\/www.alpacaexpeditions.com\/es\/camino-inca-con-hotel-2-dias-1-noche\/#breadcrumb"},"inLanguage":"es","potentialAction":[{"@type":"ReadAction","target":["https:\/\/www.alpacaexpeditions.com\/es\/camino-inca-con-hotel-2-dias-1-noche\/"]}]},{"@type":"ImageObject","inLanguage":"es","@id":"https:\/\/www.alpacaexpeditions.com\/es\/camino-inca-con-hotel-2-dias-1-noche\/#primaryimage","url":"https:\/\/www.alpacaexpeditions.com\/wp-content\/uploads\/Inca-Trail-Trek-Hotel-2-Days-1-Night-AE-768x614-1.avif","contentUrl":"https:\/\/www.alpacaexpeditions.com\/wp-content\/uploads\/Inca-Trail-Trek-Hotel-2-Days-1-Night-AE-768x614-1.avif","width":768,"height":614,"caption":"Inca-Trail-Trek-Hotel-2-Days-1-Night-AE"},{"@type":"BreadcrumbList","@id":"https:\/\/www.alpacaexpeditions.com\/es\/camino-inca-con-hotel-2-dias-1-noche\/#breadcrumb","itemListElement":[{"@type":"ListItem","position":1,"name":"Home","item":"https:\/\/www.alpacaexpeditions.com\/es\/"},{"@type":"ListItem","position":2,"name":"Caminata corta Camino Inca con Hotel 2D\/1N"}]},{"@type":"WebSite","@id":"https:\/\/www.alpacaexpeditions.com\/es\/#website","url":"https:\/\/www.alpacaexpeditions.com\/es\/","name":"Alpaca Expeditions","description":"","publisher":{"@id":"https:\/\/www.alpacaexpeditions.com\/es\/#organization"},"potentialAction":[{"@type":"SearchAction","target":{"@type":"EntryPoint","urlTemplate":"https:\/\/www.alpacaexpeditions.com\/es\/?s={search_term_string}"},"query-input":{"@type":"PropertyValueSpecification","valueRequired":true,"valueName":"search_term_string"}}],"inLanguage":"es"},{"@type":"Organization","@id":"https:\/\/www.alpacaexpeditions.com\/es\/#organization","name":"Alpaca Expeditions","url":"https:\/\/www.alpacaexpeditions.com\/es\/","logo":{"@type":"ImageObject","inLanguage":"es","@id":"https:\/\/www.alpacaexpeditions.com\/es\/#\/schema\/logo\/image\/","url":"https:\/\/www.alpacaexpeditions.com\/wp-content\/uploads\/Logo-Alpaca-Expeditions-1.svg","contentUrl":"https:\/\/www.alpacaexpeditions.com\/wp-content\/uploads\/Logo-Alpaca-Expeditions-1.svg","caption":"Alpaca Expeditions"},"image":{"@id":"https:\/\/www.alpacaexpeditions.com\/es\/#\/schema\/logo\/image\/"},"sameAs":["https:\/\/www.facebook.com\/alpacaexpeditionstravelperu","https:\/\/x.com\/trekwithalpaca","https:\/\/www.instagram.com\/trekwithalpaca\/"]}]}},"_links":{"self":[{"href":"https:\/\/www.alpacaexpeditions.com\/es\/wp-json\/wp\/v2\/pages\/2413","targetHints":{"allow":["GET"]}}],"collection":[{"href":"https:\/\/www.alpacaexpeditions.com\/es\/wp-json\/wp\/v2\/pages"}],"about":[{"href":"https:\/\/www.alpacaexpeditions.com\/es\/wp-json\/wp\/v2\/types\/page"}],"author":[{"embeddable":true,"href":"https:\/\/www.alpacaexpeditions.com\/es\/wp-json\/wp\/v2\/users\/1"}],"replies":[{"embeddable":true,"href":"https:\/\/www.alpacaexpeditions.com\/es\/wp-json\/wp\/v2\/comments?post=2413"}],"version-history":[{"count":0,"href":"https:\/\/www.alpacaexpeditions.com\/es\/wp-json\/wp\/v2\/pages\/2413\/revisions"}],"wp:featuredmedia":[{"embeddable":true,"href":"https:\/\/www.alpacaexpeditions.com\/es\/wp-json\/wp\/v2\/media\/10503"}],"wp:attachment":[{"href":"https:\/\/www.alpacaexpeditions.com\/es\/wp-json\/wp\/v2\/media?parent=2413"}],"wp:term":[{"taxonomy":"category","embeddable":true,"href":"https:\/\/www.alpacaexpeditions.com\/es\/wp-json\/wp\/v2\/categories?post=2413"},{"taxonomy":"post_tag","embeddable":true,"href":"https:\/\/www.alpacaexpeditions.com\/es\/wp-json\/wp\/v2\/tags?post=2413"}],"curies":[{"name":"wp","href":"https:\/\/api.w.org\/{rel}","templated":true}]}}