{"id":2425,"date":"2021-02-25T17:29:27","date_gmt":"2021-02-25T17:29:27","guid":{"rendered":"https:\/\/www.alpacaexpeditions.com\/lares-trek-to-machu-picchu-4d3n\/"},"modified":"2026-05-04T11:31:37","modified_gmt":"2026-05-04T11:31:37","slug":"lares-trek-a-machu-picchu-4d-3n","status":"publish","type":"page","link":"https:\/\/www.alpacaexpeditions.com\/es\/lares-trek-a-machu-picchu-4d-3n\/","title":{"rendered":"Camino Lares a Machu Picchu 4D \/ 3N"},"content":{"rendered":"<h2>Caracter\u00edsticas Tour Camino Valle de Lares a Machu Picchu 4D\/3N:<\/h2>\n<p>Estas son las caracter\u00edsticas del <strong>Tour Camino Valle de Lares a Machu Picchu<\/strong> que debes conocer antes de iniciar esta maravillosa aventura:<\/p>\n<div><span class=\"head\"><strong>Ubicaci\u00f3n del Tour:\u00a0<\/strong>Esta ubicado en el distrito de <a href=\"https:\/\/www.distrito.pe\/distrito-lares.html\" target=\"_blank\" rel=\"noopener\">Lares <\/a>Provincia de Calca- Cusco\u00a0<\/span><\/div>\n<div class=\"package-info\"><span class=\"head\"><strong>Tipo de Tour:<\/strong>\u00a0\u00a0Trekking \/ M\u00edstico, cultural, aventura<\/span><\/div>\n<div class=\"package-info\"><span class=\"head\"><strong>Bueno para:<\/strong>\u00a0<\/span>\u00a0Aquellos en condici\u00f3n f\u00edsica moderada, familias.<\/div>\n<div class=\"package-info\"><span class=\"head\"><strong>Dificultad:<\/strong>\u00a0 Moderada. No es una caminata t\u00e9cnica, pero la altitud puede afectar a algunas personas.<\/span><\/div>\n<div><span class=\"head\"><strong>Consideraci\u00f3n:<\/strong>\u00a0<\/span>\u00a0Dado que est\u00e1 haciendo Trekking en las alturas, esta es una de nuestras caminatas m\u00e1s fr\u00edas. Prep\u00e1rate para llevar <a href=\"https:\/\/www.alpacaexpeditions.com\/es\/equipo-de-viaje\/\" target=\"_blank\" rel=\"noopener\">prendas abrigadoras.<\/a><\/div>\n<div><span class=\"head\"><strong>Temporada:<\/strong>\u00a0<\/span>\u00a0Abierto todo el a\u00f1o, de enero a diciembre.<\/div>","protected":false},"excerpt":{"rendered":"<p>Caracter\u00edsticas Tour Camino Valle de Lares a Machu Picchu 4D\/3N: Estas son las caracter\u00edsticas del Tour Camino Valle de Lares a Machu Picchu que debes conocer antes de iniciar esta maravillosa aventura: Ubicaci\u00f3n del Tour:\u00a0Esta ubicado en el distrito de Lares Provincia de Calca- Cusco\u00a0 Tipo de Tour:\u00a0\u00a0Trekking \/ M\u00edstico, cultural, aventura Bueno para:\u00a0\u00a0Aquellos en [&hellip;]<\/p>","protected":false},"author":1,"featured_media":10925,"parent":0,"menu_order":336,"comment_status":"closed","ping_status":"closed","template":"tour-page.php","meta":{"_acf_changed":false,"inline_featured_image":false,"footnotes":""},"categories":[83,177,85],"tags":[],"class_list":["post-2425","page","type-page","status-publish","has-post-thumbnail","hentry","category-alternative-treks-es","category-excursiones-de-aventura","category-lares-treks-es"],"acf":[],"yoast_head":"<!-- This site is optimized with the Yoast SEO Premium plugin v19.3 (Yoast SEO v27.3) - https:\/\/yoast.com\/product\/yoast-seo-premium-wordpress\/ -->\n<title>Camino Lares a Machu Picchu 4D \/ 3N - Alpaca Expeditions<\/title>\n<meta name=\"description\" content=\"Este viaje de cuatro d\u00edas por la ruta Camino Valle de Lares a Machu Picchu es una de las mejores experiencias que podr\u00e1s vivir.\" \/>\n<meta name=\"robots\" content=\"index, follow, max-snippet:-1, max-image-preview:large, max-video-preview:-1\" \/>\n<link rel=\"canonical\" href=\"https:\/\/www.alpacaexpeditions.com\/es\/lares-trek-a-machu-picchu-4d-3n\/\" \/>\n<meta property=\"og:locale\" content=\"es_ES\" \/>\n<meta property=\"og:type\" content=\"article\" \/>\n<meta property=\"og:title\" content=\"Camino Lares a Machu Picchu 4D \/ 3N\" \/>\n<meta property=\"og:description\" content=\"Este viaje de cuatro d\u00edas por la ruta Camino Valle de Lares a Machu Picchu es una de las mejores experiencias que podr\u00e1s vivir.\" \/>\n<meta property=\"og:url\" content=\"https:\/\/www.alpacaexpeditions.com\/es\/lares-trek-a-machu-picchu-4d-3n\/\" \/>\n<meta property=\"og:site_name\" content=\"Alpaca Expeditions\" \/>\n<meta property=\"article:publisher\" content=\"https:\/\/www.facebook.com\/alpacaexpeditionstravelperu\" \/>\n<meta property=\"article:modified_time\" content=\"2026-05-04T11:31:37+00:00\" \/>\n<meta name=\"twitter:card\" content=\"summary_large_image\" \/>\n<meta name=\"twitter:site\" content=\"@trekwithalpaca\" \/>\n<meta name=\"twitter:label1\" content=\"Tiempo de lectura\" \/>\n\t<meta name=\"twitter:data1\" content=\"27 minutos\" \/>\n<!-- \/ Yoast SEO Premium plugin. -->","yoast_head_json":{"title":"Camino Lares a Machu Picchu 4D \/ 3N - Alpaca Expeditions","description":"Este viaje de cuatro d\u00edas por la ruta Camino Valle de Lares a Machu Picchu es una de las mejores experiencias que podr\u00e1s vivir.","robots":{"index":"index","follow":"follow","max-snippet":"max-snippet:-1","max-image-preview":"max-image-preview:large","max-video-preview":"max-video-preview:-1"},"canonical":"https:\/\/www.alpacaexpeditions.com\/es\/lares-trek-a-machu-picchu-4d-3n\/","og_locale":"es_ES","og_type":"article","og_title":"Camino Lares a Machu Picchu 4D \/ 3N","og_description":"Este viaje de cuatro d\u00edas por la ruta Camino Valle de Lares a Machu Picchu es una de las mejores experiencias que podr\u00e1s vivir.","og_url":"https:\/\/www.alpacaexpeditions.com\/es\/lares-trek-a-machu-picchu-4d-3n\/","og_site_name":"Alpaca Expeditions","article_publisher":"https:\/\/www.facebook.com\/alpacaexpeditionstravelperu","article_modified_time":"2026-05-04T11:31:37+00:00","twitter_card":"summary_large_image","twitter_site":"@trekwithalpaca","twitter_misc":{"Tiempo de lectura":"27 minutos"},"schema":{"@context":"https:\/\/schema.org","@graph":[{"@type":"WebPage","@id":"https:\/\/www.alpacaexpeditions.com\/es\/lares-trek-a-machu-picchu-4d-3n\/","url":"https:\/\/www.alpacaexpeditions.com\/es\/lares-trek-a-machu-picchu-4d-3n\/","name":"Camino Lares a Machu Picchu 4D \/ 3N - Alpaca Expeditions","isPartOf":{"@id":"https:\/\/www.alpacaexpeditions.com\/es\/#website"},"primaryImageOfPage":{"@id":"https:\/\/www.alpacaexpeditions.com\/es\/lares-trek-a-machu-picchu-4d-3n\/#primaryimage"},"image":{"@id":"https:\/\/www.alpacaexpeditions.com\/es\/lares-trek-a-machu-picchu-4d-3n\/#primaryimage"},"thumbnailUrl":"https:\/\/www.alpacaexpeditions.com\/wp-content\/uploads\/Lares-Trek-to-Machu-Picchu-4-D-3-N-AE-768x615-1.avif","datePublished":"2021-02-25T17:29:27+00:00","dateModified":"2026-05-04T11:31:37+00:00","description":"Este viaje de cuatro d\u00edas por la ruta Camino Valle de Lares a Machu Picchu es una de las mejores experiencias que podr\u00e1s vivir.","breadcrumb":{"@id":"https:\/\/www.alpacaexpeditions.com\/es\/lares-trek-a-machu-picchu-4d-3n\/#breadcrumb"},"inLanguage":"es","potentialAction":[{"@type":"ReadAction","target":["https:\/\/www.alpacaexpeditions.com\/es\/lares-trek-a-machu-picchu-4d-3n\/"]}]},{"@type":"ImageObject","inLanguage":"es","@id":"https:\/\/www.alpacaexpeditions.com\/es\/lares-trek-a-machu-picchu-4d-3n\/#primaryimage","url":"https:\/\/www.alpacaexpeditions.com\/wp-content\/uploads\/Lares-Trek-to-Machu-Picchu-4-D-3-N-AE-768x615-1.avif","contentUrl":"https:\/\/www.alpacaexpeditions.com\/wp-content\/uploads\/Lares-Trek-to-Machu-Picchu-4-D-3-N-AE-768x615-1.avif","width":768,"height":615,"caption":"Lares Trek to Machu Picchu"},{"@type":"BreadcrumbList","@id":"https:\/\/www.alpacaexpeditions.com\/es\/lares-trek-a-machu-picchu-4d-3n\/#breadcrumb","itemListElement":[{"@type":"ListItem","position":1,"name":"Home","item":"https:\/\/www.alpacaexpeditions.com\/es\/"},{"@type":"ListItem","position":2,"name":"Camino Lares a Machu Picchu 4D \/ 3N"}]},{"@type":"WebSite","@id":"https:\/\/www.alpacaexpeditions.com\/es\/#website","url":"https:\/\/www.alpacaexpeditions.com\/es\/","name":"Alpaca Expeditions","description":"","publisher":{"@id":"https:\/\/www.alpacaexpeditions.com\/es\/#organization"},"potentialAction":[{"@type":"SearchAction","target":{"@type":"EntryPoint","urlTemplate":"https:\/\/www.alpacaexpeditions.com\/es\/?s={search_term_string}"},"query-input":{"@type":"PropertyValueSpecification","valueRequired":true,"valueName":"search_term_string"}}],"inLanguage":"es"},{"@type":"Organization","@id":"https:\/\/www.alpacaexpeditions.com\/es\/#organization","name":"Alpaca Expeditions","url":"https:\/\/www.alpacaexpeditions.com\/es\/","logo":{"@type":"ImageObject","inLanguage":"es","@id":"https:\/\/www.alpacaexpeditions.com\/es\/#\/schema\/logo\/image\/","url":"https:\/\/www.alpacaexpeditions.com\/wp-content\/uploads\/Logo-Alpaca-Expeditions-1.svg","contentUrl":"https:\/\/www.alpacaexpeditions.com\/wp-content\/uploads\/Logo-Alpaca-Expeditions-1.svg","caption":"Alpaca Expeditions"},"image":{"@id":"https:\/\/www.alpacaexpeditions.com\/es\/#\/schema\/logo\/image\/"},"sameAs":["https:\/\/www.facebook.com\/alpacaexpeditionstravelperu","https:\/\/x.com\/trekwithalpaca","https:\/\/www.instagram.com\/trekwithalpaca\/"]}]}},"_links":{"self":[{"href":"https:\/\/www.alpacaexpeditions.com\/es\/wp-json\/wp\/v2\/pages\/2425","targetHints":{"allow":["GET"]}}],"collection":[{"href":"https:\/\/www.alpacaexpeditions.com\/es\/wp-json\/wp\/v2\/pages"}],"about":[{"href":"https:\/\/www.alpacaexpeditions.com\/es\/wp-json\/wp\/v2\/types\/page"}],"author":[{"embeddable":true,"href":"https:\/\/www.alpacaexpeditions.com\/es\/wp-json\/wp\/v2\/users\/1"}],"replies":[{"embeddable":true,"href":"https:\/\/www.alpacaexpeditions.com\/es\/wp-json\/wp\/v2\/comments?post=2425"}],"version-history":[{"count":0,"href":"https:\/\/www.alpacaexpeditions.com\/es\/wp-json\/wp\/v2\/pages\/2425\/revisions"}],"wp:featuredmedia":[{"embeddable":true,"href":"https:\/\/www.alpacaexpeditions.com\/es\/wp-json\/wp\/v2\/media\/10925"}],"wp:attachment":[{"href":"https:\/\/www.alpacaexpeditions.com\/es\/wp-json\/wp\/v2\/media?parent=2425"}],"wp:term":[{"taxonomy":"category","embeddable":true,"href":"https:\/\/www.alpacaexpeditions.com\/es\/wp-json\/wp\/v2\/categories?post=2425"},{"taxonomy":"post_tag","embeddable":true,"href":"https:\/\/www.alpacaexpeditions.com\/es\/wp-json\/wp\/v2\/tags?post=2425"}],"curies":[{"name":"wp","href":"https:\/\/api.w.org\/{rel}","templated":true}]}}