{"id":2478,"date":"2021-04-04T14:30:56","date_gmt":"2021-04-04T14:30:56","guid":{"rendered":"https:\/\/www.alpacaexpeditions.com\/inca-trail-treks\/"},"modified":"2026-01-22T16:52:57","modified_gmt":"2026-01-22T16:52:57","slug":"caminatas-camino-inca","status":"publish","type":"page","link":"https:\/\/www.alpacaexpeditions.com\/es\/caminatas-camino-inca\/","title":{"rendered":"Treks para Caminos Inca a Machu Picchu"},"content":{"rendered":"<h2>Factores que debe de tomar en consideraci\u00f3n en su viaje por el Camino Inca a Machu Picchu<\/h2>\n<p>Camino Inca a Machu Picchu\u00a0o\u00a0<strong>Qapaq \u00d1an<\/strong>\u00a0en Quechua, es considerado la m\u00e1s famosa caminata que recorre 6 pa\u00edses (Colombia, Ecuador, Per\u00fa, Bolivia, Argentina y Chile) de Sudam\u00e9rica, y es considerado &#8220;Patrimonio Vivo&#8221;. En esta caminata podr\u00e1 descubrir estupendos paisajes, monta\u00f1as, flora y fauna que se encuentra a 4200 msm con nubes a nuestro alrededor.<\/p>\n<p>Esta ruta es una de las m\u00e1s hermosas y espectaculares del mundo. Este trekking de 4 d\u00edas te llevar\u00e1 a trav\u00e9s de impresionantes paisajes andinos, antiguos sitios arqueol\u00f3gicos y una biodiversidad incomparable, culminando en una de las 7 maravillas del mundo Machu Picchu. Desde el km 82, caminar\u00e1s por senderos incas originales, cruzando altos pasos de monta\u00f1a y valles tropicales, mientras te sumerges en la historia del Imperio Inca. Durante el recorrido, explorar\u00e1s monumentos como <strong>Patallacta<\/strong>, <strong>Runcuracay<\/strong> y <strong>Wi\u00f1ay Wayna<\/strong>, antes de llegar a la <strong>Puerta del Sol<\/strong>, desde donde disfrutar\u00e1s de una vista panor\u00e1mica inigualable de Machu Picchu. La experiencia es desafiante, pero gratificante, y te ofrece una conexi\u00f3n profunda con la cultura ancestral. \u00a1<a href=\"https:\/\/www.alpacaexpeditions.com\/es\/reservas\/book\">Reserva tu lugar<\/a> y vive la magia del Camino Inca Clasico con Alpaca Expeditions.<\/p>\n<p><strong>Tiempo:<\/strong>\u00a0Actualmente existen dos alternativas de realizar la caminata;\u00a0<a href=\"https:\/\/www.alpacaexpeditions.com\/es\/camino-del-inca-corto-con-camping\/\"><strong>Camino Inca 2 d\u00edas \/ 1 noche<\/strong><\/a>\u00a0o el\u00a0<a href=\"https:\/\/www.alpacaexpeditions.com\/es\/clasico-camino-inca-a-machu-picchu-4d-3n-servicio-grupal\/\"><strong>Camino Inca Clasico de 4 d\u00edas \/ 3 noches<\/strong><\/a>. Para poder realizar esta m\u00e1gica caminata debe de realizar su reserva con meses de anticipaci\u00f3n.<\/p>\n<p><strong>Acceso limitado:<\/strong>\u00a0Si tiene pensado realizar esta caminata le recomendamos que haga su reserva inmediatamente antes de que se termine los espacios en la fecha elegida. Muchas personas desean realizar este recorrido por lo cual dificulta conseguir el espacio disponible y asegurar su boleto. En la actualidad la\u00a0<strong><a href=\"https:\/\/www.alpacaexpeditions.com\/es\/disponibilidad-camino-inca\/\">disponibilidad del Camino Inca<\/a> a Machu Picchu<\/strong>\u00a0que el gobierno permite es de 500 permisos diarios incluyendo personal de apoyo, gu\u00edas, cocineros y porteadores que integran el equipo necesario de viaje.<\/p>\n<h3>Cosas que debes saber acerca del Camino Inca a Machu Picchu<\/h3>\n<p>El famoso\u00a0<strong>Camino Inca a Machu Picchu<\/strong>\u00a0cansiderado la mejor caminata de 43 kilometros de recorrido, es uno de los recorridos mas realizados por aquellos que desean descubrir la\u00a0ruta del inca, ver la selva y fauna. Al finalizar el\u00a0Camino Inca\u00a0llegara a Machu Picchu que fue elegida como una de las Nuevas\u00a07 Maravillas del Mundo Moderno.<\/p>\n<p>Antes de embarcarte en la aventura del <strong>Camino Inca Cl\u00e1sico<\/strong> hacia Machu Picchu, hay varios factores clave a considerar para asegurar una experiencia inolvidable.<\/p>\n<p><strong>Reserva anticipada:<\/strong> El acceso al Camino Inka est\u00e1 limitado a 500 personas al d\u00eda, incluyendo gu\u00edas y portadores, por lo que es esencial reservar con meses de antelaci\u00f3n, especialmente en temporada alta (mayo-septiembre).<\/p>\n<p><strong>Condiciones f\u00edsicas:<\/strong> La ruta es exigente, con ascensos a altitudes de hasta 4,200 m. Es recomendable estar en buena forma f\u00edsica y aclimatarse a la altura en Cusco o alrededores antes de comenzar.<\/p>\n<p><strong>Equipo adecuado:<\/strong> Lleva ropa c\u00f3moda, impermeable y calzado de trekking adecuado. Adem\u00e1s, no olvides protector solar, repelente de insectos y suficiente agua.<\/p>\n<p><strong>Clima:<\/strong> El clima puede ser impredecible, por lo que es importante estar preparado para lluvia y fr\u00edo, especialmente en las ma\u00f1anas y noches.<\/p>\n<h3>\u00bfPor qu\u00e9 elegirnos?<\/h3>\n<p>Sabemos que un viaje como este no es solo una caminata m\u00e1s; es una experiencia de vida. Por eso alpaca expeditions nos comprometemos a ofrecerte una experiencia personalizada, cuidando todos los detalles para que puedas disfrutar al m\u00e1ximo de cada momento. Nuestro equipo de gu\u00edas expertos, apasionados por la cultura inca, te llevar\u00e1 a trav\u00e9s del Camino Inca con seguridad.Adem\u00e1s, te proporcionamos todo lo necesario para que tu caminata sea c\u00f3moda y memorable: desde el transporte hasta la log\u00edstica, pasando por un equipo profesional y un trato c\u00e1lido y cercano.<\/p>\n<p>Si est\u00e1s listo para vivir esta aventura \u00fanica, alpaca expeditions estar\u00e1 encantada de acompa\u00f1arte en cada paso del camino.<\/p>\n<p><strong>Camino Inca Cl\u00e1sico de 4 d\u00edas<\/strong> es, sin lugar a dudas, la opci\u00f3n m\u00e1s popular y conocida entre los viajeros que desean experimentar la esencia del trekking hacia Machu Picchu. Durante estos cuatro d\u00edas, los senderistas atraviesan paisajes impresionantes y una serie de ruinas arqueol\u00f3gicas incas, todo ello mientras se enfrentan a una caminata desafiante pero accesible.<\/p>\n<p>El camino inka ofrece La llegada a Machu Picchu a trav\u00e9s de la Puerta del Sol (Intipunku) es la culminaci\u00f3n del viaje, una de las vistas m\u00e1s espectaculares que un viajero puede experimentar.<\/p>\n<p><strong>El Camino Inca de 5 d\u00edas<\/strong> es una versi\u00f3n extendida de la ruta cl\u00e1sica, dise\u00f1ada para aquellos que prefieren un ritmo m\u00e1s pausado y disfrutan de una experiencia m\u00e1s tranquila. Esta opci\u00f3n permite un d\u00eda extra de caminata que puede hacer la traves\u00eda m\u00e1s placentera y accesible para los trekkers.<br \/>\nAl igual que en el Camino Inca cl\u00e1sico, la llegada final es en Machu Picchu, con una experiencia m\u00e1s relajada y sin tanta presi\u00f3n por el tiempo.<\/p>\n<p><strong>Inca de 2 d\u00edas<\/strong>, Si el tiempo es limitado, pero a\u00fan deseas vivir la experiencia del Camino Inca, el Camino Inca de 2 d\u00edas es la opci\u00f3n ideal. Este recorrido comienza en el kil\u00f3metro 104 de la v\u00eda f\u00e9rrea, y en dos d\u00edas se cubre una porci\u00f3n del Camino Inca tradicional, llegando a Machu Picchu por la <strong>Puerta del Sol<\/strong>.<\/p>\n<p><strong>Camino Inca con Salkantay 7 d\u00edas<\/strong><br \/>\nEl Camino Inca con Salkantay es una de las rutas m\u00e1s exigentes y completas, que combina el trekking por el impresionante <strong>Salkantay<\/strong> con el tradicional Camino Inca. Esta es la opci\u00f3n perfecta para los aventureros que buscan un desaf\u00edo.<\/p>\n<p><strong>Precio:<\/strong>\u00a0El depender\u00e1 del tour que elija, nosotros brindamos los siguientes tours:<\/p>","protected":false},"excerpt":{"rendered":"<p>Factores que debe de tomar en consideraci\u00f3n en su viaje por el Camino Inca a Machu Picchu Camino Inca a Machu Picchu\u00a0o\u00a0Qapaq \u00d1an\u00a0en Quechua, es considerado la m\u00e1s famosa caminata que recorre 6 pa\u00edses (Colombia, Ecuador, Per\u00fa, Bolivia, Argentina y Chile) de Sudam\u00e9rica, y es considerado &#8220;Patrimonio Vivo&#8221;. En esta caminata podr\u00e1 descubrir estupendos paisajes, [&hellip;]<\/p>","protected":false},"author":1,"featured_media":446,"parent":0,"menu_order":281,"comment_status":"closed","ping_status":"closed","template":"landing-page.php","meta":{"_acf_changed":false,"inline_featured_image":false,"footnotes":""},"categories":[],"tags":[],"class_list":["post-2478","page","type-page","status-publish","has-post-thumbnail","hentry"],"acf":[],"yoast_head":"<!-- This site is optimized with the Yoast SEO Premium plugin v19.3 (Yoast SEO v27.3) - https:\/\/yoast.com\/product\/yoast-seo-premium-wordpress\/ -->\n<title>Treks para Caminos Inca a Machu Picchu<\/title>\n<meta name=\"description\" content=\"Camino Inca a Machupicchu, es uno de los destinos preferidos por nuestros viajeros. Es una combinaci\u00f3n de historia, paisajes y magia.\" \/>\n<meta name=\"robots\" content=\"index, follow, max-snippet:-1, max-image-preview:large, max-video-preview:-1\" \/>\n<link rel=\"canonical\" href=\"https:\/\/www.alpacaexpeditions.com\/es\/caminatas-camino-inca\/\" \/>\n<meta property=\"og:locale\" content=\"es_ES\" \/>\n<meta property=\"og:type\" content=\"article\" \/>\n<meta property=\"og:title\" content=\"Treks para Caminos Inca a Machu Picchu\" \/>\n<meta property=\"og:description\" content=\"Camino Inca a Machupicchu, es uno de los destinos preferidos por nuestros viajeros. Es una combinaci\u00f3n de historia, paisajes y magia.\" \/>\n<meta property=\"og:url\" content=\"https:\/\/www.alpacaexpeditions.com\/es\/caminatas-camino-inca\/\" \/>\n<meta property=\"og:site_name\" content=\"Alpaca Expeditions\" \/>\n<meta property=\"article:publisher\" content=\"https:\/\/www.facebook.com\/alpacaexpeditionstravelperu\" \/>\n<meta property=\"article:modified_time\" content=\"2026-01-22T16:52:57+00:00\" \/>\n<meta property=\"og:image\" content=\"https:\/\/www.alpacaexpeditions.com\/wp-content\/uploads\/Inca-Trail-4-Days-4D-3N-Private-Tour-Alpaca-Expeditions.png\" \/>\n\t<meta property=\"og:image:width\" content=\"640\" \/>\n\t<meta property=\"og:image:height\" content=\"322\" \/>\n\t<meta property=\"og:image:type\" content=\"image\/png\" \/>\n<meta name=\"twitter:card\" content=\"summary_large_image\" \/>\n<meta name=\"twitter:site\" content=\"@trekwithalpaca\" \/>\n<meta name=\"twitter:label1\" content=\"Tiempo de lectura\" \/>\n\t<meta name=\"twitter:data1\" content=\"5 minutos\" \/>\n<!-- \/ Yoast SEO Premium plugin. -->","yoast_head_json":{"title":"Treks para Caminos Inca a Machu Picchu","description":"Camino Inca a Machupicchu, es uno de los destinos preferidos por nuestros viajeros. Es una combinaci\u00f3n de historia, paisajes y magia.","robots":{"index":"index","follow":"follow","max-snippet":"max-snippet:-1","max-image-preview":"max-image-preview:large","max-video-preview":"max-video-preview:-1"},"canonical":"https:\/\/www.alpacaexpeditions.com\/es\/caminatas-camino-inca\/","og_locale":"es_ES","og_type":"article","og_title":"Treks para Caminos Inca a Machu Picchu","og_description":"Camino Inca a Machupicchu, es uno de los destinos preferidos por nuestros viajeros. Es una combinaci\u00f3n de historia, paisajes y magia.","og_url":"https:\/\/www.alpacaexpeditions.com\/es\/caminatas-camino-inca\/","og_site_name":"Alpaca Expeditions","article_publisher":"https:\/\/www.facebook.com\/alpacaexpeditionstravelperu","article_modified_time":"2026-01-22T16:52:57+00:00","og_image":[{"width":640,"height":322,"url":"https:\/\/www.alpacaexpeditions.com\/wp-content\/uploads\/Inca-Trail-4-Days-4D-3N-Private-Tour-Alpaca-Expeditions.png","type":"image\/png"}],"twitter_card":"summary_large_image","twitter_site":"@trekwithalpaca","twitter_misc":{"Tiempo de lectura":"5 minutos"},"schema":{"@context":"https:\/\/schema.org","@graph":[{"@type":"WebPage","@id":"https:\/\/www.alpacaexpeditions.com\/es\/caminatas-camino-inca\/","url":"https:\/\/www.alpacaexpeditions.com\/es\/caminatas-camino-inca\/","name":"Treks para Caminos Inca a Machu Picchu","isPartOf":{"@id":"https:\/\/www.alpacaexpeditions.com\/es\/#website"},"primaryImageOfPage":{"@id":"https:\/\/www.alpacaexpeditions.com\/es\/caminatas-camino-inca\/#primaryimage"},"image":{"@id":"https:\/\/www.alpacaexpeditions.com\/es\/caminatas-camino-inca\/#primaryimage"},"thumbnailUrl":"https:\/\/www.alpacaexpeditions.com\/wp-content\/uploads\/Inca-Trail-4-Days-4D-3N-Private-Tour-Alpaca-Expeditions.png","datePublished":"2021-04-04T14:30:56+00:00","dateModified":"2026-01-22T16:52:57+00:00","description":"Camino Inca a Machupicchu, es uno de los destinos preferidos por nuestros viajeros. Es una combinaci\u00f3n de historia, paisajes y magia.","breadcrumb":{"@id":"https:\/\/www.alpacaexpeditions.com\/es\/caminatas-camino-inca\/#breadcrumb"},"inLanguage":"es","potentialAction":[{"@type":"ReadAction","target":["https:\/\/www.alpacaexpeditions.com\/es\/caminatas-camino-inca\/"]}]},{"@type":"ImageObject","inLanguage":"es","@id":"https:\/\/www.alpacaexpeditions.com\/es\/caminatas-camino-inca\/#primaryimage","url":"https:\/\/www.alpacaexpeditions.com\/wp-content\/uploads\/Inca-Trail-4-Days-4D-3N-Private-Tour-Alpaca-Expeditions.png","contentUrl":"https:\/\/www.alpacaexpeditions.com\/wp-content\/uploads\/Inca-Trail-4-Days-4D-3N-Private-Tour-Alpaca-Expeditions.png","width":640,"height":322},{"@type":"BreadcrumbList","@id":"https:\/\/www.alpacaexpeditions.com\/es\/caminatas-camino-inca\/#breadcrumb","itemListElement":[{"@type":"ListItem","position":1,"name":"Home","item":"https:\/\/www.alpacaexpeditions.com\/es\/"},{"@type":"ListItem","position":2,"name":"Treks para Caminos Inca a Machu Picchu"}]},{"@type":"WebSite","@id":"https:\/\/www.alpacaexpeditions.com\/es\/#website","url":"https:\/\/www.alpacaexpeditions.com\/es\/","name":"Alpaca Expeditions","description":"","publisher":{"@id":"https:\/\/www.alpacaexpeditions.com\/es\/#organization"},"potentialAction":[{"@type":"SearchAction","target":{"@type":"EntryPoint","urlTemplate":"https:\/\/www.alpacaexpeditions.com\/es\/?s={search_term_string}"},"query-input":{"@type":"PropertyValueSpecification","valueRequired":true,"valueName":"search_term_string"}}],"inLanguage":"es"},{"@type":"Organization","@id":"https:\/\/www.alpacaexpeditions.com\/es\/#organization","name":"Alpaca Expeditions","url":"https:\/\/www.alpacaexpeditions.com\/es\/","logo":{"@type":"ImageObject","inLanguage":"es","@id":"https:\/\/www.alpacaexpeditions.com\/es\/#\/schema\/logo\/image\/","url":"https:\/\/www.alpacaexpeditions.com\/wp-content\/uploads\/Logo-Alpaca-Expeditions-1.svg","contentUrl":"https:\/\/www.alpacaexpeditions.com\/wp-content\/uploads\/Logo-Alpaca-Expeditions-1.svg","caption":"Alpaca Expeditions"},"image":{"@id":"https:\/\/www.alpacaexpeditions.com\/es\/#\/schema\/logo\/image\/"},"sameAs":["https:\/\/www.facebook.com\/alpacaexpeditionstravelperu","https:\/\/x.com\/trekwithalpaca","https:\/\/www.instagram.com\/trekwithalpaca\/"]}]}},"_links":{"self":[{"href":"https:\/\/www.alpacaexpeditions.com\/es\/wp-json\/wp\/v2\/pages\/2478","targetHints":{"allow":["GET"]}}],"collection":[{"href":"https:\/\/www.alpacaexpeditions.com\/es\/wp-json\/wp\/v2\/pages"}],"about":[{"href":"https:\/\/www.alpacaexpeditions.com\/es\/wp-json\/wp\/v2\/types\/page"}],"author":[{"embeddable":true,"href":"https:\/\/www.alpacaexpeditions.com\/es\/wp-json\/wp\/v2\/users\/1"}],"replies":[{"embeddable":true,"href":"https:\/\/www.alpacaexpeditions.com\/es\/wp-json\/wp\/v2\/comments?post=2478"}],"version-history":[{"count":0,"href":"https:\/\/www.alpacaexpeditions.com\/es\/wp-json\/wp\/v2\/pages\/2478\/revisions"}],"wp:featuredmedia":[{"embeddable":true,"href":"https:\/\/www.alpacaexpeditions.com\/es\/wp-json\/wp\/v2\/media\/446"}],"wp:attachment":[{"href":"https:\/\/www.alpacaexpeditions.com\/es\/wp-json\/wp\/v2\/media?parent=2478"}],"wp:term":[{"taxonomy":"category","embeddable":true,"href":"https:\/\/www.alpacaexpeditions.com\/es\/wp-json\/wp\/v2\/categories?post=2478"},{"taxonomy":"post_tag","embeddable":true,"href":"https:\/\/www.alpacaexpeditions.com\/es\/wp-json\/wp\/v2\/tags?post=2478"}],"curies":[{"name":"wp","href":"https:\/\/api.w.org\/{rel}","templated":true}]}}