{"id":2518,"date":"2021-04-05T19:33:01","date_gmt":"2021-04-05T19:33:01","guid":{"rendered":"https:\/\/www.alpacaexpeditions.com\/ausangate-rainbow-mountain-treks-peru\/"},"modified":"2025-01-31T21:45:47","modified_gmt":"2025-01-31T21:45:47","slug":"caminatas-a-ausangate","status":"publish","type":"page","link":"https:\/\/www.alpacaexpeditions.com\/es\/caminatas-a-ausangate\/","title":{"rendered":"Caminatas a la Monta\u00f1a de 7 Colores o Ausangate"},"content":{"rendered":"<p style=\"text-align: center;\"><strong>AUSANGATE Y MONTA\u00d1A DE COLORES<\/strong><br \/>\n<strong>&#8220;ES IR M\u00c1S ALL\u00c1 DEL CAMINO INCA&#8221;<\/strong><\/p>\n<p><span style=\"font-weight: 400;\">De todas las caminatas alternativas al Camino Inca, el <strong>Ausangate Trek o Caminata a la Monta\u00f1a de 7 Colores<\/strong> es a menudo etiquetado como el m\u00e1s \u201c\u00e9pico\u201d por su arduo y gratificante viaje a trav\u00e9s de los picos m\u00e1s altos, bosques de piedra caliza, glaciares y senderos remotos. Este trekking es ideal para los viajeros m\u00e1s aventureros a los que no les importa el desaf\u00edo y que anhelan el pa\u00eds de los grandes cielos.<\/span><\/p>\n<p>La <strong>Monta\u00f1a del Arco Iris<\/strong> es una monta\u00f1a conocida por su gama natural de turquesas, lavandas, dorados y granates creados por el sedimento de minerales en toda la zona, y es una visita obligada durante su estancia en Per\u00fa.<\/p>\n<h4>\u00bfPor qu\u00e9 elegir a Alpaca Expeditions para su caminata en Ausangate?<\/h4>\n<p>Nos enorgullecemos de ofrecerte un equipo de acampada de primera calidad, comidas nutritivas en el camino preparadas por chefs profesionales y procedimientos de seguridad l\u00edderes en cada caminata. Tambi\u00e9n puedes sentirte bien por apoyar a una empresa 100% peruana que es activa en sus comunidades locales, llevando a cabo una serie de proyectos sociales, as\u00ed como iniciativas en el bienestar de los porteadores.<\/p>","protected":false},"excerpt":{"rendered":"<p>AUSANGATE Y MONTA\u00d1A DE COLORES &#8220;ES IR M\u00c1S ALL\u00c1 DEL CAMINO INCA&#8221; De todas las caminatas alternativas al Camino Inca, el Ausangate Trek o Caminata a la Monta\u00f1a de 7 Colores es a menudo etiquetado como el m\u00e1s \u201c\u00e9pico\u201d por su arduo y gratificante viaje a trav\u00e9s de los picos m\u00e1s altos, bosques de piedra [&hellip;]<\/p>","protected":false},"author":1,"featured_media":0,"parent":0,"menu_order":270,"comment_status":"closed","ping_status":"closed","template":"landing-page.php","meta":{"_acf_changed":false,"inline_featured_image":false,"footnotes":""},"categories":[],"tags":[],"class_list":["post-2518","page","type-page","status-publish","hentry"],"acf":[],"yoast_head":"<!-- This site is optimized with the Yoast SEO Premium plugin v19.3 (Yoast SEO v27.3) - https:\/\/yoast.com\/product\/yoast-seo-premium-wordpress\/ -->\n<title>Caminatas a la Monta\u00f1a de 7 Colores | Alpaca Expeditions<\/title>\n<meta name=\"description\" content=\"Explora la Monta\u00f1a de los 7 Colores y los paisajes de Ausangate en una caminata \u00fanica. \u00a1Vive la aventura en los Andes y reserva hoy!\" \/>\n<meta name=\"robots\" content=\"index, follow, max-snippet:-1, max-image-preview:large, max-video-preview:-1\" \/>\n<link rel=\"canonical\" href=\"https:\/\/www.alpacaexpeditions.com\/es\/caminatas-a-ausangate\/\" \/>\n<meta property=\"og:locale\" content=\"es_ES\" \/>\n<meta property=\"og:type\" content=\"article\" \/>\n<meta property=\"og:title\" content=\"Caminatas a la Monta\u00f1a de 7 Colores o Ausangate\" \/>\n<meta property=\"og:description\" content=\"Explora la Monta\u00f1a de los 7 Colores y los paisajes de Ausangate en una caminata \u00fanica. \u00a1Vive la aventura en los Andes y reserva hoy!\" \/>\n<meta property=\"og:url\" content=\"https:\/\/www.alpacaexpeditions.com\/es\/caminatas-a-ausangate\/\" \/>\n<meta property=\"og:site_name\" content=\"Alpaca Expeditions\" \/>\n<meta property=\"article:publisher\" content=\"https:\/\/www.facebook.com\/alpacaexpeditionstravelperu\" \/>\n<meta property=\"article:modified_time\" content=\"2025-01-31T21:45:47+00:00\" \/>\n<meta name=\"twitter:card\" content=\"summary_large_image\" \/>\n<meta name=\"twitter:site\" content=\"@trekwithalpaca\" \/>\n<meta name=\"twitter:label1\" content=\"Tiempo de lectura\" \/>\n\t<meta name=\"twitter:data1\" content=\"2 minutos\" \/>\n<!-- \/ Yoast SEO Premium plugin. -->","yoast_head_json":{"title":"Caminatas a la Monta\u00f1a de 7 Colores | Alpaca Expeditions","description":"Explora la Monta\u00f1a de los 7 Colores y los paisajes de Ausangate en una caminata \u00fanica. \u00a1Vive la aventura en los Andes y reserva hoy!","robots":{"index":"index","follow":"follow","max-snippet":"max-snippet:-1","max-image-preview":"max-image-preview:large","max-video-preview":"max-video-preview:-1"},"canonical":"https:\/\/www.alpacaexpeditions.com\/es\/caminatas-a-ausangate\/","og_locale":"es_ES","og_type":"article","og_title":"Caminatas a la Monta\u00f1a de 7 Colores o Ausangate","og_description":"Explora la Monta\u00f1a de los 7 Colores y los paisajes de Ausangate en una caminata \u00fanica. \u00a1Vive la aventura en los Andes y reserva hoy!","og_url":"https:\/\/www.alpacaexpeditions.com\/es\/caminatas-a-ausangate\/","og_site_name":"Alpaca Expeditions","article_publisher":"https:\/\/www.facebook.com\/alpacaexpeditionstravelperu","article_modified_time":"2025-01-31T21:45:47+00:00","twitter_card":"summary_large_image","twitter_site":"@trekwithalpaca","twitter_misc":{"Tiempo de lectura":"2 minutos"},"schema":{"@context":"https:\/\/schema.org","@graph":[{"@type":"WebPage","@id":"https:\/\/www.alpacaexpeditions.com\/es\/caminatas-a-ausangate\/","url":"https:\/\/www.alpacaexpeditions.com\/es\/caminatas-a-ausangate\/","name":"Caminatas a la Monta\u00f1a de 7 Colores | Alpaca Expeditions","isPartOf":{"@id":"https:\/\/www.alpacaexpeditions.com\/es\/#website"},"datePublished":"2021-04-05T19:33:01+00:00","dateModified":"2025-01-31T21:45:47+00:00","description":"Explora la Monta\u00f1a de los 7 Colores y los paisajes de Ausangate en una caminata \u00fanica. \u00a1Vive la aventura en los Andes y reserva hoy!","breadcrumb":{"@id":"https:\/\/www.alpacaexpeditions.com\/es\/caminatas-a-ausangate\/#breadcrumb"},"inLanguage":"es","potentialAction":[{"@type":"ReadAction","target":["https:\/\/www.alpacaexpeditions.com\/es\/caminatas-a-ausangate\/"]}]},{"@type":"BreadcrumbList","@id":"https:\/\/www.alpacaexpeditions.com\/es\/caminatas-a-ausangate\/#breadcrumb","itemListElement":[{"@type":"ListItem","position":1,"name":"Home","item":"https:\/\/www.alpacaexpeditions.com\/es\/"},{"@type":"ListItem","position":2,"name":"Caminatas a la Monta\u00f1a de 7 Colores o Ausangate"}]},{"@type":"WebSite","@id":"https:\/\/www.alpacaexpeditions.com\/es\/#website","url":"https:\/\/www.alpacaexpeditions.com\/es\/","name":"Alpaca Expeditions","description":"","publisher":{"@id":"https:\/\/www.alpacaexpeditions.com\/es\/#organization"},"potentialAction":[{"@type":"SearchAction","target":{"@type":"EntryPoint","urlTemplate":"https:\/\/www.alpacaexpeditions.com\/es\/?s={search_term_string}"},"query-input":{"@type":"PropertyValueSpecification","valueRequired":true,"valueName":"search_term_string"}}],"inLanguage":"es"},{"@type":"Organization","@id":"https:\/\/www.alpacaexpeditions.com\/es\/#organization","name":"Alpaca Expeditions","url":"https:\/\/www.alpacaexpeditions.com\/es\/","logo":{"@type":"ImageObject","inLanguage":"es","@id":"https:\/\/www.alpacaexpeditions.com\/es\/#\/schema\/logo\/image\/","url":"https:\/\/www.alpacaexpeditions.com\/wp-content\/uploads\/Logo-Alpaca-Expeditions-1.svg","contentUrl":"https:\/\/www.alpacaexpeditions.com\/wp-content\/uploads\/Logo-Alpaca-Expeditions-1.svg","caption":"Alpaca Expeditions"},"image":{"@id":"https:\/\/www.alpacaexpeditions.com\/es\/#\/schema\/logo\/image\/"},"sameAs":["https:\/\/www.facebook.com\/alpacaexpeditionstravelperu","https:\/\/x.com\/trekwithalpaca","https:\/\/www.instagram.com\/trekwithalpaca\/"]}]}},"_links":{"self":[{"href":"https:\/\/www.alpacaexpeditions.com\/es\/wp-json\/wp\/v2\/pages\/2518","targetHints":{"allow":["GET"]}}],"collection":[{"href":"https:\/\/www.alpacaexpeditions.com\/es\/wp-json\/wp\/v2\/pages"}],"about":[{"href":"https:\/\/www.alpacaexpeditions.com\/es\/wp-json\/wp\/v2\/types\/page"}],"author":[{"embeddable":true,"href":"https:\/\/www.alpacaexpeditions.com\/es\/wp-json\/wp\/v2\/users\/1"}],"replies":[{"embeddable":true,"href":"https:\/\/www.alpacaexpeditions.com\/es\/wp-json\/wp\/v2\/comments?post=2518"}],"version-history":[{"count":0,"href":"https:\/\/www.alpacaexpeditions.com\/es\/wp-json\/wp\/v2\/pages\/2518\/revisions"}],"wp:attachment":[{"href":"https:\/\/www.alpacaexpeditions.com\/es\/wp-json\/wp\/v2\/media?parent=2518"}],"wp:term":[{"taxonomy":"category","embeddable":true,"href":"https:\/\/www.alpacaexpeditions.com\/es\/wp-json\/wp\/v2\/categories?post=2518"},{"taxonomy":"post_tag","embeddable":true,"href":"https:\/\/www.alpacaexpeditions.com\/es\/wp-json\/wp\/v2\/tags?post=2518"}],"curies":[{"name":"wp","href":"https:\/\/api.w.org\/{rel}","templated":true}]}}