{"id":2523,"date":"2021-04-08T03:41:48","date_gmt":"2021-04-08T03:41:48","guid":{"rendered":"https:\/\/www.alpacaexpeditions.com\/our-company\/"},"modified":"2025-01-06T15:21:55","modified_gmt":"2025-01-06T15:21:55","slug":"nuestra-compania","status":"publish","type":"page","link":"https:\/\/www.alpacaexpeditions.com\/es\/nuestra-compania\/","title":{"rendered":"Compa\u00f1ia"},"content":{"rendered":"<p>Alpaca Expeditions est\u00e1 especializada en ofrecer una experiencia \u00fanica, guiada por profesionales locales, que te ayudaran a reliazar la reserva de camino inca.<\/p>\n<p>Al elegir <strong>Alpaca Expeditions<\/strong> no solo optar\u00e1s por un recorrido tur\u00edstico, sino por una experiencia transformadora que te conectar\u00e1 profundamente con la historia y la cultura. Desde el primer contacto hasta el regreso a tu hogar, nuestro equipo estar\u00e1 all\u00ed para ofrecerte un servicio excepcional y asegurarse de que disfrutes cada momento del viaje.<\/p>\n<p>Camino Inca a Machu Picchu es una experiencia que te cambiar\u00e1 para siempre. Y alpaca expeditions y nosotros estaremos all\u00ed para acompa\u00f1arte en cada paso del camino, asegur\u00e1ndonos de que tu experiencia sea segura, y, sobre todo, \u00fanica.<\/p>\n<p>\u00a1Ven y recorre con nosotros el Camino Inca!<\/p>\n<h3>Misi\u00f3n<\/h3>\n<p>Nuestra misi\u00f3n es ofrecer a nuestros clientes una experiencia inigualable a trav\u00e9s del Camino Inca, brindando un servicio de calidad, atenci\u00f3n personalizada y seguridad en cada etapa de la traves\u00eda. Nos enfocamos en mantener el respeto por el entorno natural y la cultura local, trabajando con gu\u00edas especializados y equipo de primera categor\u00eda. <\/p>\n<h3>Visi\u00f3n<\/h3>\n<p>Aspiramos a ser la agencia l\u00edder en turismo de aventura en el Per\u00fa, reconocida por nuestra excelencia en la organizaci\u00f3n de recorridos en el Camino Inca y por promover un turismo sostenible y responsable. En Alpaca Expeditions, buscamos conectar a los viajeros con la historia, la cultura y la belleza natural del Per\u00fa, fomentando el respeto por las tradiciones locales y el cuidado del medio ambiente, mientras ofrecemos experiencias seguras, enriquecedoras y \u00fanicas. <\/p>\n<p>Adem\u00e1s, nos comprometemos a ser un ejemplo de sostenibilidad y calidad en el turismo peruano, ofreciendo tours personalizados, ya sea un recorrido en tren o una caminata \u00e9pica por las monta\u00f1as, con la misma dedicaci\u00f3n y excelencia para cada cliente. Tambi\u00e9n trabajamos para proporcionar un servicio de alta calidad a los visitantes, creando oportunidades educativas y dinamizando la econom\u00eda para las familias en la regi\u00f3n del Cusco.<\/p>\n<h3>Metas de la Agencia<\/h3>\n<p><strong>Brindar una experiencia personalizada y \u00fanica:<\/strong> Nos comprometemos a entender las expectativas y necesidades de nuestros viajeros para que su experiencia en el Camino Inca sea inolvidable, adaptando cada recorrido a sus intereses y capacidades.<\/p>\n<p><strong>Promover el turismo responsable:<\/strong> Trabajamos para minimizar el impacto ambiental del trekking, fomentando pr\u00e1cticas responsables como la reducci\u00f3n de residuos, el uso de productos ecol\u00f3gicos y el respeto a las comunidades locales.<\/p>\n<p><strong>Capacitar y empoderar a la comunidad local:<\/strong> Nuestros gu\u00edas y personal son nativos de la regi\u00f3n, lo que no solo garantiza un conocimiento profundo de la historia y la cultura inca, sino que tambi\u00e9n contribuye al desarrollo econ\u00f3mico y social de las comunidades cercanas al Camino Inca.<\/p>\n<p><strong>Garantizar seguridad y confort durante el trekking:<\/strong> Proporcionamos equipo de alta calidad, como mochilas, botas de trekking, ropa y equipos de campamento, para asegurar que nuestros clientes tengan una experiencia c\u00f3moda y segura a lo largo de los cuatro d\u00edas de recorrido.<\/p>\n<p><strong>Fomentar el respeto por el patrimonio hist\u00f3rico y natural:<\/strong> Promovemos la preservaci\u00f3n de los sitios arqueol\u00f3gicos y la flora y fauna locales, para que las futuras generaciones puedan disfrutar de este viaje extraordinario.<\/p>\n<h3>Logistica humana<\/h3>\n<p>Alpaca Expeditions ofrece una log\u00edstica humana y personalizada para cada viajero. Contamos con gu\u00edas expertos, cocineros locales y porteadores capacitados, quienes aseguran que el viaje sea c\u00f3modo y seguro. Nos encargamos de todos los detalles, desde el transporte hasta el alojamiento, garantizando una experiencia sin preocupaciones. Nuestro enfoque en la log\u00edstica humana asegura que cada miembro del equipo reciba un trato digno, promoviendo un turismo responsable y sostenible.<\/p>\n<h3>Logistica \u2013 Alpaca Expeditions<\/h3>\n<p>En Alpaca expeditions, cada detalle est\u00e1 cuidadosamente planificado para que tu experiencia en el Camino Inca a Machu Picchu sea inolvidable y sin preocupaciones. Desde el momento de tu reserva, nos encargamos de todo: proporcionamos los equipos necesarios como son tiendas de campa\u00f1a, mesas, sillas, carpa comedora, ba\u00f1os portables, los tickets de ingreso a los parques nacionales y Machu Picchu, y un equipo de profesionales altamente capacitados.<\/p>\n<p>Contamos con gu\u00edas especializados en la ruta del Camino Inca gu\u00edas locales de la regi\u00f3n, quienes no solo aseguran tu seguridad y bienestar, sino que tambi\u00e9n comparten su profundo conocimiento de la historia y cultura inca. Adem\u00e1s, nuestros porteadores se encargan del transporte del equipo pesado, garantizando que puedas disfrutar del recorrido con comodidad.<\/p>\n<p>Nos aseguramos de que los tickets para cada tramo est\u00e9n gestionados con antelaci\u00f3n, evitando cualquier contratiempo. Todo esto, sumado a un servicio personalizado.<\/p>\n<h3>Comida \u2013 Alpaca Expeditions<\/h3>\n<p>En Alpaca Expeditions entendemos que cada viajero tiene necesidades alimenticias \u00fanicas. Por eso, durante tu recorrido por el <strong>Camino Inca a Machu Picchu<\/strong>, nos aseguramos de ofrecerte opciones de comida que se ajusten a tus preferencias y restricciones. Ya seas vegetariano, vegano, o tengas alguna intolerancia alimentaria como el gluten, preparamos men\u00fas personalizados y deliciosos, utilizando ingredientes frescos y locales.<\/p>\n<p>Nuestro equipo de chefs especializados en trekking garantiza que cada comida sea nutritiva, energ\u00e9tica y adecuada para afrontar el desaf\u00edo f\u00edsico del recorrido, sin comprometer el sabor ni la calidad. Adem\u00e1s, todas las comidas condiciones higi\u00e9nicas, asegurando tu bienestar durante todo el viaje.<\/p>\n<h3>Reviews \u2013 Alpaca Expeditions<\/h3>\n<p><strong>M\u00e1s de 23,000 Rese\u00f1as en TripAdvisor que Avalan Nuestro Trabajo<\/strong><\/p>\n<p>Nos enorgullece contar con m\u00e1s de <strong>23,000 rese\u00f1as en TripAdvisor<\/strong> que reflejan la satisfacci\u00f3n y confianza de nuestros clientes. Cada comentario es una prueba del compromiso, la dedicaci\u00f3n y el excelente servicio que ofrecemos en cada experiencia. Ya sea un trekking por el Camino Inca, un tour por Cusco o una visita a Machu Picchu, nuestras rese\u00f1as hablan por s\u00ed solas.<\/p>\n<p>Las valoraciones positivas resaltan no solo la calidad de nuestros gu\u00edas y personal, sino tambi\u00e9n la log\u00edstica impecable, la atenci\u00f3n personalizada y el cuidado de los detalles que hacen que cada viaje sea \u00fanico.<\/p>","protected":false},"excerpt":{"rendered":"<p>Alpaca Expeditions est\u00e1 especializada en ofrecer una experiencia \u00fanica, guiada por profesionales locales, que te ayudaran a reliazar la reserva de camino inca. Al elegir Alpaca Expeditions no solo optar\u00e1s por un recorrido tur\u00edstico, sino por una experiencia transformadora que te conectar\u00e1 profundamente con la historia y la cultura. Desde el primer contacto hasta el [&hellip;]<\/p>","protected":false},"author":1,"featured_media":0,"parent":0,"menu_order":239,"comment_status":"closed","ping_status":"closed","template":"company-page.php","meta":{"_acf_changed":false,"inline_featured_image":false,"footnotes":""},"categories":[],"tags":[],"class_list":["post-2523","page","type-page","status-publish","hentry"],"acf":[],"yoast_head":"<!-- This site is optimized with the Yoast SEO Premium plugin v19.3 (Yoast SEO v27.3) - https:\/\/yoast.com\/product\/yoast-seo-premium-wordpress\/ -->\n<title>Compa\u00f1ia - Alpaca Expeditions<\/title>\n<meta name=\"robots\" content=\"index, follow, max-snippet:-1, max-image-preview:large, max-video-preview:-1\" \/>\n<link rel=\"canonical\" href=\"https:\/\/www.alpacaexpeditions.com\/es\/nuestra-compania\/\" \/>\n<meta property=\"og:locale\" content=\"es_ES\" \/>\n<meta property=\"og:type\" content=\"article\" \/>\n<meta property=\"og:title\" content=\"Compa\u00f1ia\" \/>\n<meta property=\"og:description\" content=\"Alpaca Expeditions est\u00e1 especializada en ofrecer una experiencia \u00fanica, guiada por profesionales locales, que te ayudaran a reliazar la reserva de camino inca. Al elegir Alpaca Expeditions no solo optar\u00e1s por un recorrido tur\u00edstico, sino por una experiencia transformadora que te conectar\u00e1 profundamente con la historia y la cultura. Desde el primer contacto hasta el [&hellip;]\" \/>\n<meta property=\"og:url\" content=\"https:\/\/www.alpacaexpeditions.com\/es\/nuestra-compania\/\" \/>\n<meta property=\"og:site_name\" content=\"Alpaca Expeditions\" \/>\n<meta property=\"article:publisher\" content=\"https:\/\/www.facebook.com\/alpacaexpeditionstravelperu\" \/>\n<meta property=\"article:modified_time\" content=\"2025-01-06T15:21:55+00:00\" \/>\n<meta name=\"twitter:card\" content=\"summary_large_image\" \/>\n<meta name=\"twitter:site\" content=\"@trekwithalpaca\" \/>\n<meta name=\"twitter:label1\" content=\"Tiempo de lectura\" \/>\n\t<meta name=\"twitter:data1\" content=\"5 minutos\" \/>\n<!-- \/ Yoast SEO Premium plugin. -->","yoast_head_json":{"title":"Compa\u00f1ia - Alpaca Expeditions","robots":{"index":"index","follow":"follow","max-snippet":"max-snippet:-1","max-image-preview":"max-image-preview:large","max-video-preview":"max-video-preview:-1"},"canonical":"https:\/\/www.alpacaexpeditions.com\/es\/nuestra-compania\/","og_locale":"es_ES","og_type":"article","og_title":"Compa\u00f1ia","og_description":"Alpaca Expeditions est\u00e1 especializada en ofrecer una experiencia \u00fanica, guiada por profesionales locales, que te ayudaran a reliazar la reserva de camino inca. Al elegir Alpaca Expeditions no solo optar\u00e1s por un recorrido tur\u00edstico, sino por una experiencia transformadora que te conectar\u00e1 profundamente con la historia y la cultura. Desde el primer contacto hasta el [&hellip;]","og_url":"https:\/\/www.alpacaexpeditions.com\/es\/nuestra-compania\/","og_site_name":"Alpaca Expeditions","article_publisher":"https:\/\/www.facebook.com\/alpacaexpeditionstravelperu","article_modified_time":"2025-01-06T15:21:55+00:00","twitter_card":"summary_large_image","twitter_site":"@trekwithalpaca","twitter_misc":{"Tiempo de lectura":"5 minutos"},"schema":{"@context":"https:\/\/schema.org","@graph":[{"@type":"WebPage","@id":"https:\/\/www.alpacaexpeditions.com\/es\/nuestra-compania\/","url":"https:\/\/www.alpacaexpeditions.com\/es\/nuestra-compania\/","name":"Compa\u00f1ia - Alpaca Expeditions","isPartOf":{"@id":"https:\/\/www.alpacaexpeditions.com\/es\/#website"},"datePublished":"2021-04-08T03:41:48+00:00","dateModified":"2025-01-06T15:21:55+00:00","breadcrumb":{"@id":"https:\/\/www.alpacaexpeditions.com\/es\/nuestra-compania\/#breadcrumb"},"inLanguage":"es","potentialAction":[{"@type":"ReadAction","target":["https:\/\/www.alpacaexpeditions.com\/es\/nuestra-compania\/"]}]},{"@type":"BreadcrumbList","@id":"https:\/\/www.alpacaexpeditions.com\/es\/nuestra-compania\/#breadcrumb","itemListElement":[{"@type":"ListItem","position":1,"name":"Home","item":"https:\/\/www.alpacaexpeditions.com\/es\/"},{"@type":"ListItem","position":2,"name":"Compa\u00f1ia"}]},{"@type":"WebSite","@id":"https:\/\/www.alpacaexpeditions.com\/es\/#website","url":"https:\/\/www.alpacaexpeditions.com\/es\/","name":"Alpaca Expeditions","description":"","publisher":{"@id":"https:\/\/www.alpacaexpeditions.com\/es\/#organization"},"potentialAction":[{"@type":"SearchAction","target":{"@type":"EntryPoint","urlTemplate":"https:\/\/www.alpacaexpeditions.com\/es\/?s={search_term_string}"},"query-input":{"@type":"PropertyValueSpecification","valueRequired":true,"valueName":"search_term_string"}}],"inLanguage":"es"},{"@type":"Organization","@id":"https:\/\/www.alpacaexpeditions.com\/es\/#organization","name":"Alpaca Expeditions","url":"https:\/\/www.alpacaexpeditions.com\/es\/","logo":{"@type":"ImageObject","inLanguage":"es","@id":"https:\/\/www.alpacaexpeditions.com\/es\/#\/schema\/logo\/image\/","url":"https:\/\/www.alpacaexpeditions.com\/wp-content\/uploads\/Logo-Alpaca-Expeditions-1.svg","contentUrl":"https:\/\/www.alpacaexpeditions.com\/wp-content\/uploads\/Logo-Alpaca-Expeditions-1.svg","caption":"Alpaca Expeditions"},"image":{"@id":"https:\/\/www.alpacaexpeditions.com\/es\/#\/schema\/logo\/image\/"},"sameAs":["https:\/\/www.facebook.com\/alpacaexpeditionstravelperu","https:\/\/x.com\/trekwithalpaca","https:\/\/www.instagram.com\/trekwithalpaca\/"]}]}},"_links":{"self":[{"href":"https:\/\/www.alpacaexpeditions.com\/es\/wp-json\/wp\/v2\/pages\/2523","targetHints":{"allow":["GET"]}}],"collection":[{"href":"https:\/\/www.alpacaexpeditions.com\/es\/wp-json\/wp\/v2\/pages"}],"about":[{"href":"https:\/\/www.alpacaexpeditions.com\/es\/wp-json\/wp\/v2\/types\/page"}],"author":[{"embeddable":true,"href":"https:\/\/www.alpacaexpeditions.com\/es\/wp-json\/wp\/v2\/users\/1"}],"replies":[{"embeddable":true,"href":"https:\/\/www.alpacaexpeditions.com\/es\/wp-json\/wp\/v2\/comments?post=2523"}],"version-history":[{"count":0,"href":"https:\/\/www.alpacaexpeditions.com\/es\/wp-json\/wp\/v2\/pages\/2523\/revisions"}],"wp:attachment":[{"href":"https:\/\/www.alpacaexpeditions.com\/es\/wp-json\/wp\/v2\/media?parent=2523"}],"wp:term":[{"taxonomy":"category","embeddable":true,"href":"https:\/\/www.alpacaexpeditions.com\/es\/wp-json\/wp\/v2\/categories?post=2523"},{"taxonomy":"post_tag","embeddable":true,"href":"https:\/\/www.alpacaexpeditions.com\/es\/wp-json\/wp\/v2\/tags?post=2523"}],"curies":[{"name":"wp","href":"https:\/\/api.w.org\/{rel}","templated":true}]}}