{"id":2699,"date":"2021-02-25T20:32:21","date_gmt":"2021-02-25T20:32:21","guid":{"rendered":"https:\/\/www.alpacaexpeditions.com\/sacred-valley-2-day-machu-picchu-3d-2n\/"},"modified":"2026-02-03T16:50:35","modified_gmt":"2026-02-03T16:50:35","slug":"valle-sagrado-2dias-machu-picchu-3d-2n","status":"publish","type":"page","link":"https:\/\/www.alpacaexpeditions.com\/es\/valle-sagrado-2dias-machu-picchu-3d-2n\/","title":{"rendered":"Valle Sagrado 2 d\u00edas y Machu Picchu"},"content":{"rendered":"<h2><span style=\"vertical-align: inherit;\"><span style=\"vertical-align: inherit;\">Caracter\u00edsticas del Tour Valle Sagrado 2 d\u00edas y Machu Picchu<\/span><\/span><\/h2>\n<p><span style=\"vertical-align: inherit;\"><span style=\"vertical-align: inherit;\">Te presentamos las caracter\u00edsticas de nuestro <\/span><\/span><strong><span style=\"vertical-align: inherit;\"><span style=\"vertical-align: inherit;\">Tour Valle Sagrado y Machu Picchu<\/span><\/span><\/strong><span style=\"vertical-align: inherit;\"><span style=\"vertical-align: inherit;\"> que debes muy presente antes de dar inicio a esta maravillosa experiencia:<\/span><\/span><\/p>\n<p><span class=\"head\"><strong><span style=\"vertical-align: inherit;\"><span style=\"vertical-align: inherit;\">Ubicaci\u00f3n del Tour:<\/span><\/span><\/strong><span style=\"vertical-align: inherit;\"><span style=\"vertical-align: inherit;\"> \u00a0El <\/span><\/span><a href=\"https:\/\/historia.nationalgeographic.com.es\/a\/valle-sagrado-incas_9676\"><span style=\"vertical-align: inherit;\"><span style=\"vertical-align: inherit;\">Valle Sagrado<\/span><\/span><\/a><span style=\"vertical-align: inherit;\"><span style=\"vertical-align: inherit;\"> de los Incas est\u00e1 ubicado entre las poblaciones de Pisac, Urubamba y Ollantaytambo, <\/span><\/span><strong><br \/>\n<span style=\"vertical-align: inherit;\"><span style=\"vertical-align: inherit;\">Tipo de Tour:<\/span><\/span><\/strong>\u00a0<\/span><span style=\"vertical-align: inherit;\"><span style=\"vertical-align: inherit;\"> \u00a0Cultural y hist\u00f3rico<\/span><\/span><br \/>\n<span class=\"head\"><strong><span style=\"vertical-align: inherit;\"><span style=\"vertical-align: inherit;\"> Dificultad:<\/span><\/span><\/strong>\u00a0<\/span><span style=\"vertical-align: inherit;\"><span style=\"vertical-align: inherit;\"> \u00a0f\u00e1cil solo camina por los centros arqueol\u00f3gicos<\/span><\/span><\/p>\n<div class=\"package-info\">\n<div class=\"package-info\">\u00a0<em><span style=\"vertical-align: inherit;\"><span style=\"vertical-align: inherit;\">Este recorrido solo se puede organizar para un m\u00ednimo de cuatro participantes.<\/span><\/span><\/em><\/div>\n<\/div>","protected":false},"excerpt":{"rendered":"<p>Caracter\u00edsticas del Tour Valle Sagrado 2 d\u00edas y Machu Picchu Te presentamos las caracter\u00edsticas de nuestro Tour Valle Sagrado y Machu Picchu que debes muy presente antes de dar inicio a esta maravillosa experiencia: Ubicaci\u00f3n del Tour: \u00a0El Valle Sagrado de los Incas est\u00e1 ubicado entre las poblaciones de Pisac, Urubamba y Ollantaytambo, Tipo de [&hellip;]<\/p>","protected":false},"author":1,"featured_media":11094,"parent":0,"menu_order":325,"comment_status":"closed","ping_status":"closed","template":"tour-page.php","meta":{"_acf_changed":false,"inline_featured_image":false,"footnotes":""},"categories":[178,91],"tags":[],"class_list":["post-2699","page","type-page","status-publish","has-post-thumbnail","hentry","category-experiencias-culturales","category-tours-by-train-es"],"acf":[],"yoast_head":"<!-- This site is optimized with the Yoast SEO Premium plugin v19.3 (Yoast SEO v27.3) - https:\/\/yoast.com\/product\/yoast-seo-premium-wordpress\/ -->\n<title>Valle Sagrado 2 d\u00edas y Machu Picchu - Alpaca Expeditions<\/title>\n<meta name=\"description\" content=\"Hemos dise\u00f1ado un tour que te permite conocer muy de cerca el Valle Sagrado de los Incas y Machu Picchu. \u00a1Entra y conoce los detalles!\" \/>\n<meta name=\"robots\" content=\"index, follow, max-snippet:-1, max-image-preview:large, max-video-preview:-1\" \/>\n<link rel=\"canonical\" href=\"https:\/\/www.alpacaexpeditions.com\/es\/valle-sagrado-2dias-machu-picchu-3d-2n\/\" \/>\n<meta property=\"og:locale\" content=\"es_ES\" \/>\n<meta property=\"og:type\" content=\"article\" \/>\n<meta property=\"og:title\" content=\"Valle Sagrado 2 d\u00edas y Machu Picchu\" \/>\n<meta property=\"og:description\" content=\"Hemos dise\u00f1ado un tour que te permite conocer muy de cerca el Valle Sagrado de los Incas y Machu Picchu. \u00a1Entra y conoce los detalles!\" \/>\n<meta property=\"og:url\" content=\"https:\/\/www.alpacaexpeditions.com\/es\/valle-sagrado-2dias-machu-picchu-3d-2n\/\" \/>\n<meta property=\"og:site_name\" content=\"Alpaca Expeditions\" \/>\n<meta property=\"article:publisher\" content=\"https:\/\/www.facebook.com\/alpacaexpeditionstravelperu\" \/>\n<meta property=\"article:modified_time\" content=\"2026-02-03T16:50:35+00:00\" \/>\n<meta name=\"twitter:card\" content=\"summary_large_image\" \/>\n<meta name=\"twitter:site\" content=\"@trekwithalpaca\" \/>\n<meta name=\"twitter:label1\" content=\"Tiempo de lectura\" \/>\n\t<meta name=\"twitter:data1\" content=\"13 minutos\" \/>\n<!-- \/ Yoast SEO Premium plugin. -->","yoast_head_json":{"title":"Valle Sagrado 2 d\u00edas y Machu Picchu - Alpaca Expeditions","description":"Hemos dise\u00f1ado un tour que te permite conocer muy de cerca el Valle Sagrado de los Incas y Machu Picchu. \u00a1Entra y conoce los detalles!","robots":{"index":"index","follow":"follow","max-snippet":"max-snippet:-1","max-image-preview":"max-image-preview:large","max-video-preview":"max-video-preview:-1"},"canonical":"https:\/\/www.alpacaexpeditions.com\/es\/valle-sagrado-2dias-machu-picchu-3d-2n\/","og_locale":"es_ES","og_type":"article","og_title":"Valle Sagrado 2 d\u00edas y Machu Picchu","og_description":"Hemos dise\u00f1ado un tour que te permite conocer muy de cerca el Valle Sagrado de los Incas y Machu Picchu. \u00a1Entra y conoce los detalles!","og_url":"https:\/\/www.alpacaexpeditions.com\/es\/valle-sagrado-2dias-machu-picchu-3d-2n\/","og_site_name":"Alpaca Expeditions","article_publisher":"https:\/\/www.facebook.com\/alpacaexpeditionstravelperu","article_modified_time":"2026-02-03T16:50:35+00:00","twitter_card":"summary_large_image","twitter_site":"@trekwithalpaca","twitter_misc":{"Tiempo de lectura":"13 minutos"},"schema":{"@context":"https:\/\/schema.org","@graph":[{"@type":"WebPage","@id":"https:\/\/www.alpacaexpeditions.com\/es\/valle-sagrado-2dias-machu-picchu-3d-2n\/","url":"https:\/\/www.alpacaexpeditions.com\/es\/valle-sagrado-2dias-machu-picchu-3d-2n\/","name":"Valle Sagrado 2 d\u00edas y Machu Picchu - Alpaca Expeditions","isPartOf":{"@id":"https:\/\/www.alpacaexpeditions.com\/es\/#website"},"primaryImageOfPage":{"@id":"https:\/\/www.alpacaexpeditions.com\/es\/valle-sagrado-2dias-machu-picchu-3d-2n\/#primaryimage"},"image":{"@id":"https:\/\/www.alpacaexpeditions.com\/es\/valle-sagrado-2dias-machu-picchu-3d-2n\/#primaryimage"},"thumbnailUrl":"https:\/\/www.alpacaexpeditions.com\/wp-content\/uploads\/Sacred-Valley-2-Day-Machu-Picchu-3D-2N-AE-1.avif","datePublished":"2021-02-25T20:32:21+00:00","dateModified":"2026-02-03T16:50:35+00:00","description":"Hemos dise\u00f1ado un tour que te permite conocer muy de cerca el Valle Sagrado de los Incas y Machu Picchu. \u00a1Entra y conoce los detalles!","breadcrumb":{"@id":"https:\/\/www.alpacaexpeditions.com\/es\/valle-sagrado-2dias-machu-picchu-3d-2n\/#breadcrumb"},"inLanguage":"es","potentialAction":[{"@type":"ReadAction","target":["https:\/\/www.alpacaexpeditions.com\/es\/valle-sagrado-2dias-machu-picchu-3d-2n\/"]}]},{"@type":"ImageObject","inLanguage":"es","@id":"https:\/\/www.alpacaexpeditions.com\/es\/valle-sagrado-2dias-machu-picchu-3d-2n\/#primaryimage","url":"https:\/\/www.alpacaexpeditions.com\/wp-content\/uploads\/Sacred-Valley-2-Day-Machu-Picchu-3D-2N-AE-1.avif","contentUrl":"https:\/\/www.alpacaexpeditions.com\/wp-content\/uploads\/Sacred-Valley-2-Day-Machu-Picchu-3D-2N-AE-1.avif","width":1000,"height":800,"caption":"Sacred-Valley-2-Day-Machu-Picchu-3D-2N"},{"@type":"BreadcrumbList","@id":"https:\/\/www.alpacaexpeditions.com\/es\/valle-sagrado-2dias-machu-picchu-3d-2n\/#breadcrumb","itemListElement":[{"@type":"ListItem","position":1,"name":"Home","item":"https:\/\/www.alpacaexpeditions.com\/es\/"},{"@type":"ListItem","position":2,"name":"Valle Sagrado 2 d\u00edas y Machu Picchu"}]},{"@type":"WebSite","@id":"https:\/\/www.alpacaexpeditions.com\/es\/#website","url":"https:\/\/www.alpacaexpeditions.com\/es\/","name":"Alpaca Expeditions","description":"","publisher":{"@id":"https:\/\/www.alpacaexpeditions.com\/es\/#organization"},"potentialAction":[{"@type":"SearchAction","target":{"@type":"EntryPoint","urlTemplate":"https:\/\/www.alpacaexpeditions.com\/es\/?s={search_term_string}"},"query-input":{"@type":"PropertyValueSpecification","valueRequired":true,"valueName":"search_term_string"}}],"inLanguage":"es"},{"@type":"Organization","@id":"https:\/\/www.alpacaexpeditions.com\/es\/#organization","name":"Alpaca Expeditions","url":"https:\/\/www.alpacaexpeditions.com\/es\/","logo":{"@type":"ImageObject","inLanguage":"es","@id":"https:\/\/www.alpacaexpeditions.com\/es\/#\/schema\/logo\/image\/","url":"https:\/\/www.alpacaexpeditions.com\/wp-content\/uploads\/Logo-Alpaca-Expeditions-1.svg","contentUrl":"https:\/\/www.alpacaexpeditions.com\/wp-content\/uploads\/Logo-Alpaca-Expeditions-1.svg","caption":"Alpaca Expeditions"},"image":{"@id":"https:\/\/www.alpacaexpeditions.com\/es\/#\/schema\/logo\/image\/"},"sameAs":["https:\/\/www.facebook.com\/alpacaexpeditionstravelperu","https:\/\/x.com\/trekwithalpaca","https:\/\/www.instagram.com\/trekwithalpaca\/"]}]}},"_links":{"self":[{"href":"https:\/\/www.alpacaexpeditions.com\/es\/wp-json\/wp\/v2\/pages\/2699","targetHints":{"allow":["GET"]}}],"collection":[{"href":"https:\/\/www.alpacaexpeditions.com\/es\/wp-json\/wp\/v2\/pages"}],"about":[{"href":"https:\/\/www.alpacaexpeditions.com\/es\/wp-json\/wp\/v2\/types\/page"}],"author":[{"embeddable":true,"href":"https:\/\/www.alpacaexpeditions.com\/es\/wp-json\/wp\/v2\/users\/1"}],"replies":[{"embeddable":true,"href":"https:\/\/www.alpacaexpeditions.com\/es\/wp-json\/wp\/v2\/comments?post=2699"}],"version-history":[{"count":0,"href":"https:\/\/www.alpacaexpeditions.com\/es\/wp-json\/wp\/v2\/pages\/2699\/revisions"}],"wp:featuredmedia":[{"embeddable":true,"href":"https:\/\/www.alpacaexpeditions.com\/es\/wp-json\/wp\/v2\/media\/11094"}],"wp:attachment":[{"href":"https:\/\/www.alpacaexpeditions.com\/es\/wp-json\/wp\/v2\/media?parent=2699"}],"wp:term":[{"taxonomy":"category","embeddable":true,"href":"https:\/\/www.alpacaexpeditions.com\/es\/wp-json\/wp\/v2\/categories?post=2699"},{"taxonomy":"post_tag","embeddable":true,"href":"https:\/\/www.alpacaexpeditions.com\/es\/wp-json\/wp\/v2\/tags?post=2699"}],"curies":[{"name":"wp","href":"https:\/\/api.w.org\/{rel}","templated":true}]}}