{"id":2700,"date":"2021-02-25T20:32:36","date_gmt":"2021-02-25T20:32:36","guid":{"rendered":"https:\/\/www.alpacaexpeditions.com\/4d3n-cusco-city-sacred-valley-2-day-machu-picchu\/"},"modified":"2025-12-02T05:32:31","modified_gmt":"2025-12-02T05:32:31","slug":"ciudad-de-cusco-valle-sagrado-machu-picchu-4d-3n","status":"publish","type":"page","link":"https:\/\/www.alpacaexpeditions.com\/es\/ciudad-de-cusco-valle-sagrado-machu-picchu-4d-3n\/","title":{"rendered":"Tour Ciudad de Cusco, Valle Sagrado 2 d\u00edas y Machu Picchu"},"content":{"rendered":"<div>\n<h2><span class=\"head\"><b>Caracter\u00edsticas del Tour\u00a0<\/b><strong>Ciudad de Cusco, Valle Sagrado 2 d\u00edas y Machu Picchu<\/strong><\/span><\/h2>\n<div><span class=\"head\">A continuaci\u00f3n te presentamos las caracter\u00edsticas del Tour ciudad de Cusco, Valle Sagrado y Machu Picchu que debes tener presente si quieres vivir esta aventura<\/span><span class=\"head\">:<\/span><\/div>\n<div><\/div>\n<p><span class=\"head\"><strong>Ubicaci\u00f3n del Tour:<\/strong>\u00a0Ciudad de Cusco con el Valle Sagrado de los Incas est\u00e1\u00a0 entre las poblaciones de Pisaq, Urubamba, <a href=\"https:\/\/es.wikipedia.org\/wiki\/Ollantaytambo\">Ollantaytambo<\/a>, Maras, Moray y\u00a0 Chinchero,<\/span><\/p>\n<\/div>\n<div class=\"package-info\"><span class=\"head\"><strong>Tipo de tour:<\/strong>\u00a0\u00a0vea los aspectos m\u00e1s destacados de la regi\u00f3n de Cusco y aprenda qu\u00e9 hizo que los incas fueran tan notables Este recorrido visita todos los aspectos m\u00e1s destacados de Cusco y el Valle Sagrado antes de dirigirse en tren a la Ciudadela Perdida de los Incas, Machu Picchu. Al final de los 4 d\u00edas, ser\u00e1s un experto en historia inca. Deje que Alpaca Expeditions maneje toda la log\u00edstica, rel\u00e1jese y disfrute del esplendor de <a href=\"https:\/\/www.alpacaexpeditions.com\/es\/cusco-cuna-del-imperio-inca\/\" target=\"_blank\" rel=\"noopener\">Cusco<\/a>.<\/span><\/div>\n<div class=\"package-info\"><span class=\"head\"><strong>Dificultad:<\/strong>\u00a0<\/span>\u00a0f\u00e1cil<\/div>\n<div class=\"package-info\"><span class=\"head\"><strong>Puntos destacados visitados:<\/strong>\u00a0<\/span>\u00a0Sachsayhuaman, Pisaq, Ollantaytambo, Maras, Moray y Machu Picchu<\/div>\n<div class=\"package-info\"><span class=\"head\"><strong>Incluye:<\/strong>\u00a0\u00a0Todos sus tours realizados por Alpaca Expeditions, entradas, transporte terrestre y 3 noches de hoteles.<\/span><\/div>","protected":false},"excerpt":{"rendered":"<p>Caracter\u00edsticas del Tour\u00a0Ciudad de Cusco, Valle Sagrado 2 d\u00edas y Machu Picchu A continuaci\u00f3n te presentamos las caracter\u00edsticas del Tour ciudad de Cusco, Valle Sagrado y Machu Picchu que debes tener presente si quieres vivir esta aventura: Ubicaci\u00f3n del Tour:\u00a0Ciudad de Cusco con el Valle Sagrado de los Incas est\u00e1\u00a0 entre las poblaciones de Pisaq, [&hellip;]<\/p>","protected":false},"author":1,"featured_media":1503,"parent":0,"menu_order":356,"comment_status":"closed","ping_status":"closed","template":"tour-page.php","meta":{"_acf_changed":false,"inline_featured_image":false,"footnotes":""},"categories":[178,91],"tags":[],"class_list":["post-2700","page","type-page","status-publish","has-post-thumbnail","hentry","category-experiencias-culturales","category-tours-by-train-es"],"acf":[],"yoast_head":"<!-- This site is optimized with the Yoast SEO Premium plugin v19.3 (Yoast SEO v27.3) - https:\/\/yoast.com\/product\/yoast-seo-premium-wordpress\/ -->\n<title>Tour Ciudad de Cusco, Valle Sagrado 2 d\u00edas y Machu Picchu - Alpaca Expeditions<\/title>\n<meta name=\"robots\" content=\"index, follow, max-snippet:-1, max-image-preview:large, max-video-preview:-1\" \/>\n<link rel=\"canonical\" href=\"https:\/\/www.alpacaexpeditions.com\/es\/ciudad-de-cusco-valle-sagrado-machu-picchu-4d-3n\/\" \/>\n<meta property=\"og:locale\" content=\"es_ES\" \/>\n<meta property=\"og:type\" content=\"article\" \/>\n<meta property=\"og:title\" content=\"Tour Ciudad de Cusco, Valle Sagrado 2 d\u00edas y Machu Picchu\" \/>\n<meta property=\"og:description\" content=\"Caracter\u00edsticas del Tour\u00a0Ciudad de Cusco, Valle Sagrado 2 d\u00edas y Machu Picchu A continuaci\u00f3n te presentamos las caracter\u00edsticas del Tour ciudad de Cusco, Valle Sagrado y Machu Picchu que debes tener presente si quieres vivir esta aventura: Ubicaci\u00f3n del Tour:\u00a0Ciudad de Cusco con el Valle Sagrado de los Incas est\u00e1\u00a0 entre las poblaciones de Pisaq, [&hellip;]\" \/>\n<meta property=\"og:url\" content=\"https:\/\/www.alpacaexpeditions.com\/es\/ciudad-de-cusco-valle-sagrado-machu-picchu-4d-3n\/\" \/>\n<meta property=\"og:site_name\" content=\"Alpaca Expeditions\" \/>\n<meta property=\"article:publisher\" content=\"https:\/\/www.facebook.com\/alpacaexpeditionstravelperu\" \/>\n<meta property=\"article:modified_time\" content=\"2025-12-02T05:32:31+00:00\" \/>\n<meta property=\"og:image\" content=\"https:\/\/www.alpacaexpeditions.com\/wp-content\/uploads\/Cusco-City-Sacred-Valley-2-Day-Machu-Picchu-4-D-3-N.jpg\" \/>\n\t<meta property=\"og:image:width\" content=\"640\" \/>\n\t<meta property=\"og:image:height\" content=\"322\" \/>\n\t<meta property=\"og:image:type\" content=\"image\/jpeg\" \/>\n<meta name=\"twitter:card\" content=\"summary_large_image\" \/>\n<meta name=\"twitter:site\" content=\"@trekwithalpaca\" \/>\n<meta name=\"twitter:label1\" content=\"Tiempo de lectura\" \/>\n\t<meta name=\"twitter:data1\" content=\"17 minutos\" \/>\n<!-- \/ Yoast SEO Premium plugin. -->","yoast_head_json":{"title":"Tour Ciudad de Cusco, Valle Sagrado 2 d\u00edas y Machu Picchu - Alpaca Expeditions","robots":{"index":"index","follow":"follow","max-snippet":"max-snippet:-1","max-image-preview":"max-image-preview:large","max-video-preview":"max-video-preview:-1"},"canonical":"https:\/\/www.alpacaexpeditions.com\/es\/ciudad-de-cusco-valle-sagrado-machu-picchu-4d-3n\/","og_locale":"es_ES","og_type":"article","og_title":"Tour Ciudad de Cusco, Valle Sagrado 2 d\u00edas y Machu Picchu","og_description":"Caracter\u00edsticas del Tour\u00a0Ciudad de Cusco, Valle Sagrado 2 d\u00edas y Machu Picchu A continuaci\u00f3n te presentamos las caracter\u00edsticas del Tour ciudad de Cusco, Valle Sagrado y Machu Picchu que debes tener presente si quieres vivir esta aventura: Ubicaci\u00f3n del Tour:\u00a0Ciudad de Cusco con el Valle Sagrado de los Incas est\u00e1\u00a0 entre las poblaciones de Pisaq, [&hellip;]","og_url":"https:\/\/www.alpacaexpeditions.com\/es\/ciudad-de-cusco-valle-sagrado-machu-picchu-4d-3n\/","og_site_name":"Alpaca Expeditions","article_publisher":"https:\/\/www.facebook.com\/alpacaexpeditionstravelperu","article_modified_time":"2025-12-02T05:32:31+00:00","og_image":[{"width":640,"height":322,"url":"https:\/\/www.alpacaexpeditions.com\/wp-content\/uploads\/Cusco-City-Sacred-Valley-2-Day-Machu-Picchu-4-D-3-N.jpg","type":"image\/jpeg"}],"twitter_card":"summary_large_image","twitter_site":"@trekwithalpaca","twitter_misc":{"Tiempo de lectura":"17 minutos"},"schema":{"@context":"https:\/\/schema.org","@graph":[{"@type":"WebPage","@id":"https:\/\/www.alpacaexpeditions.com\/es\/ciudad-de-cusco-valle-sagrado-machu-picchu-4d-3n\/","url":"https:\/\/www.alpacaexpeditions.com\/es\/ciudad-de-cusco-valle-sagrado-machu-picchu-4d-3n\/","name":"Tour Ciudad de Cusco, Valle Sagrado 2 d\u00edas y Machu Picchu - Alpaca Expeditions","isPartOf":{"@id":"https:\/\/www.alpacaexpeditions.com\/es\/#website"},"primaryImageOfPage":{"@id":"https:\/\/www.alpacaexpeditions.com\/es\/ciudad-de-cusco-valle-sagrado-machu-picchu-4d-3n\/#primaryimage"},"image":{"@id":"https:\/\/www.alpacaexpeditions.com\/es\/ciudad-de-cusco-valle-sagrado-machu-picchu-4d-3n\/#primaryimage"},"thumbnailUrl":"https:\/\/www.alpacaexpeditions.com\/wp-content\/uploads\/Cusco-City-Sacred-Valley-2-Day-Machu-Picchu-4-D-3-N.jpg","datePublished":"2021-02-25T20:32:36+00:00","dateModified":"2025-12-02T05:32:31+00:00","breadcrumb":{"@id":"https:\/\/www.alpacaexpeditions.com\/es\/ciudad-de-cusco-valle-sagrado-machu-picchu-4d-3n\/#breadcrumb"},"inLanguage":"es","potentialAction":[{"@type":"ReadAction","target":["https:\/\/www.alpacaexpeditions.com\/es\/ciudad-de-cusco-valle-sagrado-machu-picchu-4d-3n\/"]}]},{"@type":"ImageObject","inLanguage":"es","@id":"https:\/\/www.alpacaexpeditions.com\/es\/ciudad-de-cusco-valle-sagrado-machu-picchu-4d-3n\/#primaryimage","url":"https:\/\/www.alpacaexpeditions.com\/wp-content\/uploads\/Cusco-City-Sacred-Valley-2-Day-Machu-Picchu-4-D-3-N.jpg","contentUrl":"https:\/\/www.alpacaexpeditions.com\/wp-content\/uploads\/Cusco-City-Sacred-Valley-2-Day-Machu-Picchu-4-D-3-N.jpg","width":640,"height":322,"caption":"Cusco City, Sacred Valley 2 Day & Machu Picchu 4 D 3 N"},{"@type":"BreadcrumbList","@id":"https:\/\/www.alpacaexpeditions.com\/es\/ciudad-de-cusco-valle-sagrado-machu-picchu-4d-3n\/#breadcrumb","itemListElement":[{"@type":"ListItem","position":1,"name":"Home","item":"https:\/\/www.alpacaexpeditions.com\/es\/"},{"@type":"ListItem","position":2,"name":"Tour Ciudad de Cusco, Valle Sagrado 2 d\u00edas y Machu Picchu"}]},{"@type":"WebSite","@id":"https:\/\/www.alpacaexpeditions.com\/es\/#website","url":"https:\/\/www.alpacaexpeditions.com\/es\/","name":"Alpaca Expeditions","description":"","publisher":{"@id":"https:\/\/www.alpacaexpeditions.com\/es\/#organization"},"potentialAction":[{"@type":"SearchAction","target":{"@type":"EntryPoint","urlTemplate":"https:\/\/www.alpacaexpeditions.com\/es\/?s={search_term_string}"},"query-input":{"@type":"PropertyValueSpecification","valueRequired":true,"valueName":"search_term_string"}}],"inLanguage":"es"},{"@type":"Organization","@id":"https:\/\/www.alpacaexpeditions.com\/es\/#organization","name":"Alpaca Expeditions","url":"https:\/\/www.alpacaexpeditions.com\/es\/","logo":{"@type":"ImageObject","inLanguage":"es","@id":"https:\/\/www.alpacaexpeditions.com\/es\/#\/schema\/logo\/image\/","url":"https:\/\/www.alpacaexpeditions.com\/wp-content\/uploads\/Logo-Alpaca-Expeditions-1.svg","contentUrl":"https:\/\/www.alpacaexpeditions.com\/wp-content\/uploads\/Logo-Alpaca-Expeditions-1.svg","caption":"Alpaca Expeditions"},"image":{"@id":"https:\/\/www.alpacaexpeditions.com\/es\/#\/schema\/logo\/image\/"},"sameAs":["https:\/\/www.facebook.com\/alpacaexpeditionstravelperu","https:\/\/x.com\/trekwithalpaca","https:\/\/www.instagram.com\/trekwithalpaca\/"]}]}},"_links":{"self":[{"href":"https:\/\/www.alpacaexpeditions.com\/es\/wp-json\/wp\/v2\/pages\/2700","targetHints":{"allow":["GET"]}}],"collection":[{"href":"https:\/\/www.alpacaexpeditions.com\/es\/wp-json\/wp\/v2\/pages"}],"about":[{"href":"https:\/\/www.alpacaexpeditions.com\/es\/wp-json\/wp\/v2\/types\/page"}],"author":[{"embeddable":true,"href":"https:\/\/www.alpacaexpeditions.com\/es\/wp-json\/wp\/v2\/users\/1"}],"replies":[{"embeddable":true,"href":"https:\/\/www.alpacaexpeditions.com\/es\/wp-json\/wp\/v2\/comments?post=2700"}],"version-history":[{"count":0,"href":"https:\/\/www.alpacaexpeditions.com\/es\/wp-json\/wp\/v2\/pages\/2700\/revisions"}],"wp:featuredmedia":[{"embeddable":true,"href":"https:\/\/www.alpacaexpeditions.com\/es\/wp-json\/wp\/v2\/media\/1503"}],"wp:attachment":[{"href":"https:\/\/www.alpacaexpeditions.com\/es\/wp-json\/wp\/v2\/media?parent=2700"}],"wp:term":[{"taxonomy":"category","embeddable":true,"href":"https:\/\/www.alpacaexpeditions.com\/es\/wp-json\/wp\/v2\/categories?post=2700"},{"taxonomy":"post_tag","embeddable":true,"href":"https:\/\/www.alpacaexpeditions.com\/es\/wp-json\/wp\/v2\/tags?post=2700"}],"curies":[{"name":"wp","href":"https:\/\/api.w.org\/{rel}","templated":true}]}}