{"id":2701,"date":"2021-03-10T16:48:33","date_gmt":"2021-03-10T16:48:33","guid":{"rendered":"https:\/\/www.alpacaexpeditions.com\/cusco-city-tour-half-day\/"},"modified":"2025-12-02T05:36:24","modified_gmt":"2025-12-02T05:36:24","slug":"ciudad-de-cusco-medio-dia","status":"publish","type":"page","link":"https:\/\/www.alpacaexpeditions.com\/es\/ciudad-de-cusco-medio-dia\/","title":{"rendered":"Tour Ciudad de Cusco"},"content":{"rendered":"<div class=\"package-info\">\n<div class=\"package-info\">\n<div>\n<h2><span style=\"vertical-align: inherit;\"><span style=\"vertical-align: inherit;\">Caracter\u00edsticas Tour Ciudad de Cusco<\/span><\/span><\/h2>\n<\/div>\n<div><span style=\"vertical-align: inherit;\"><span style=\"vertical-align: inherit;\">A continuaci\u00f3n te presentamos las caracter\u00edsticas de nuestro <\/span><\/span><strong><span style=\"vertical-align: inherit;\"><span style=\"vertical-align: inherit;\">Tour Ciudad de Cusco<\/span><\/span><\/strong><span style=\"vertical-align: inherit;\"><span style=\"vertical-align: inherit;\"> que debes conocer antes de comenzar esta m\u00e1gica experiencia:<\/span><\/span><\/div>\n<div><span class=\"head\"><strong><span style=\"vertical-align: inherit;\"><span style=\"vertical-align: inherit;\">Ubicaci\u00f3n del Tour:<\/span><\/span><\/strong><span style=\"vertical-align: inherit;\"><span style=\"vertical-align: inherit;\"> \u00a0Noreste de la ciudad del <\/span><\/span><a href=\"https:\/\/www.alpacaexpeditions.com\/es\/cusco-cuna-del-imperio-inca\/\" target=\"_blank\" rel=\"noopener\"><span style=\"vertical-align: inherit;\"><span style=\"vertical-align: inherit;\">Cusco<\/span><\/span><\/a><\/span><\/div>\n<div class=\"package-info\"><span class=\"head\"><strong><span style=\"vertical-align: inherit;\"><span style=\"vertical-align: inherit;\">Tipo de Tour:<\/span><\/span><\/strong><span style=\"vertical-align: inherit;\"><span style=\"vertical-align: inherit;\"> \u00a0Tour de medio<\/span><\/span><\/span><span style=\"vertical-align: inherit;\"><span style=\"vertical-align: inherit;\"> \u00a0d\u00eda<\/span><\/span><\/div>\n<div class=\"package-info\"><span class=\"head\"><strong><span style=\"vertical-align: inherit;\"><span style=\"vertical-align: inherit;\">Hora de inicio \/ finalizaci\u00f3n:\u00a0<\/span><\/span><\/strong><span style=\"vertical-align: inherit;\"><span style=\"vertical-align: inherit;\"> El recojo es a la 1 pm del lobby de su hotel y debe regresar alrededor de las 6 pm<\/span><\/span><\/span><\/div>\n<div class=\"package-info\"><span class=\"head\"><strong><span style=\"vertical-align: inherit;\"><span style=\"vertical-align: inherit;\">Consideraci\u00f3n:<\/span><\/span><\/strong><span style=\"vertical-align: inherit;\"><span style=\"vertical-align: inherit;\"> \u00a0\u00a0Calzados c\u00f3modos.<\/span><\/span><\/span><\/div>\n<\/div>\n<div class=\"package-info\"><strong><span style=\"vertical-align: inherit;\"><span style=\"vertical-align: inherit;\">Puntos destacados:<\/span><\/span><\/strong><span style=\"vertical-align: inherit;\"><span style=\"vertical-align: inherit;\"> \u00a0\u00a0Catedral, <a href=\"https:\/\/es.wikipedia.org\/wiki\/Templo_del_Sol_(Ollantaytambo)\" target=\"_blank\" rel=\"noopener\">Templo del Sol<\/a> y sorprendentes 4 centros arqueol\u00f3gicos incas en los l\u00edmites de la ciudad, (Saqsayhuaman, Qenco. Pukapukara y Tambomachay).<\/span><\/span><\/div>\n<div><\/div>\n<div><span style=\"vertical-align: inherit;\"><span style=\"vertical-align: inherit;\">Hemos creado este itinerario \u00fanico de modo que puedes conocer los sitios m\u00e1s emblem\u00e1ticos de esta ciudad en tan solo medio d\u00eda. <\/span><span style=\"vertical-align: inherit;\">Es una opci\u00f3n fuera de lo com\u00fan que te permite conocer bien de cerca la ciudad de los incas.<\/span><\/span><\/div>\n<\/div>","protected":false},"excerpt":{"rendered":"<p>Caracter\u00edsticas Tour Ciudad de Cusco A continuaci\u00f3n te presentamos las caracter\u00edsticas de nuestro Tour Ciudad de Cusco que debes conocer antes de comenzar esta m\u00e1gica experiencia: Ubicaci\u00f3n del Tour: \u00a0Noreste de la ciudad del Cusco Tipo de Tour: \u00a0Tour de medio \u00a0d\u00eda Hora de inicio \/ finalizaci\u00f3n:\u00a0 El recojo es a la 1 pm del [&hellip;]<\/p>","protected":false},"author":1,"featured_media":8393,"parent":0,"menu_order":368,"comment_status":"closed","ping_status":"closed","template":"tour-page.php","meta":{"_acf_changed":false,"inline_featured_image":false,"footnotes":""},"categories":[92,178,91],"tags":[],"class_list":["post-2701","page","type-page","status-publish","has-post-thumbnail","hentry","category-cusco-day-tours-es","category-experiencias-culturales","category-tours-by-train-es"],"acf":[],"yoast_head":"<!-- This site is optimized with the Yoast SEO Premium plugin v19.3 (Yoast SEO v27.3) - https:\/\/yoast.com\/product\/yoast-seo-premium-wordpress\/ -->\n<title>Tour Ciudad de Cusco - Alpaca Expeditions<\/title>\n<meta name=\"description\" content=\"\u00a1Conoce los detalles de nuestro tour Ciudad de Cusco! En medio d\u00eda tendr\u00e1s la oportunidad de conocer los sitios emblem\u00e1ticos de esta ciudad.\" \/>\n<meta name=\"robots\" content=\"index, follow, max-snippet:-1, max-image-preview:large, max-video-preview:-1\" \/>\n<link rel=\"canonical\" href=\"https:\/\/www.alpacaexpeditions.com\/es\/ciudad-de-cusco-medio-dia\/\" \/>\n<meta property=\"og:locale\" content=\"es_ES\" \/>\n<meta property=\"og:type\" content=\"article\" \/>\n<meta property=\"og:title\" content=\"Tour Ciudad de Cusco\" \/>\n<meta property=\"og:description\" content=\"\u00a1Conoce los detalles de nuestro tour Ciudad de Cusco! En medio d\u00eda tendr\u00e1s la oportunidad de conocer los sitios emblem\u00e1ticos de esta ciudad.\" \/>\n<meta property=\"og:url\" content=\"https:\/\/www.alpacaexpeditions.com\/es\/ciudad-de-cusco-medio-dia\/\" \/>\n<meta property=\"og:site_name\" content=\"Alpaca Expeditions\" \/>\n<meta property=\"article:publisher\" content=\"https:\/\/www.facebook.com\/alpacaexpeditionstravelperu\" \/>\n<meta property=\"article:modified_time\" content=\"2025-12-02T05:36:24+00:00\" \/>\n<meta property=\"og:image\" content=\"https:\/\/www.alpacaexpeditions.com\/wp-content\/uploads\/main-square-of-cusco.jpg\" \/>\n\t<meta property=\"og:image:width\" content=\"1500\" \/>\n\t<meta property=\"og:image:height\" content=\"760\" \/>\n\t<meta property=\"og:image:type\" content=\"image\/jpeg\" \/>\n<meta name=\"twitter:card\" content=\"summary_large_image\" \/>\n<meta name=\"twitter:site\" content=\"@trekwithalpaca\" \/>\n<meta name=\"twitter:label1\" content=\"Tiempo de lectura\" \/>\n\t<meta name=\"twitter:data1\" content=\"5 minutos\" \/>\n<!-- \/ Yoast SEO Premium plugin. -->","yoast_head_json":{"title":"Tour Ciudad de Cusco - Alpaca Expeditions","description":"\u00a1Conoce los detalles de nuestro tour Ciudad de Cusco! En medio d\u00eda tendr\u00e1s la oportunidad de conocer los sitios emblem\u00e1ticos de esta ciudad.","robots":{"index":"index","follow":"follow","max-snippet":"max-snippet:-1","max-image-preview":"max-image-preview:large","max-video-preview":"max-video-preview:-1"},"canonical":"https:\/\/www.alpacaexpeditions.com\/es\/ciudad-de-cusco-medio-dia\/","og_locale":"es_ES","og_type":"article","og_title":"Tour Ciudad de Cusco","og_description":"\u00a1Conoce los detalles de nuestro tour Ciudad de Cusco! En medio d\u00eda tendr\u00e1s la oportunidad de conocer los sitios emblem\u00e1ticos de esta ciudad.","og_url":"https:\/\/www.alpacaexpeditions.com\/es\/ciudad-de-cusco-medio-dia\/","og_site_name":"Alpaca Expeditions","article_publisher":"https:\/\/www.facebook.com\/alpacaexpeditionstravelperu","article_modified_time":"2025-12-02T05:36:24+00:00","og_image":[{"width":1500,"height":760,"url":"https:\/\/www.alpacaexpeditions.com\/wp-content\/uploads\/main-square-of-cusco.jpg","type":"image\/jpeg"}],"twitter_card":"summary_large_image","twitter_site":"@trekwithalpaca","twitter_misc":{"Tiempo de lectura":"5 minutos"},"schema":{"@context":"https:\/\/schema.org","@graph":[{"@type":"WebPage","@id":"https:\/\/www.alpacaexpeditions.com\/es\/ciudad-de-cusco-medio-dia\/","url":"https:\/\/www.alpacaexpeditions.com\/es\/ciudad-de-cusco-medio-dia\/","name":"Tour Ciudad de Cusco - Alpaca Expeditions","isPartOf":{"@id":"https:\/\/www.alpacaexpeditions.com\/es\/#website"},"primaryImageOfPage":{"@id":"https:\/\/www.alpacaexpeditions.com\/es\/ciudad-de-cusco-medio-dia\/#primaryimage"},"image":{"@id":"https:\/\/www.alpacaexpeditions.com\/es\/ciudad-de-cusco-medio-dia\/#primaryimage"},"thumbnailUrl":"https:\/\/www.alpacaexpeditions.com\/wp-content\/uploads\/main-square-of-cusco.jpg","datePublished":"2021-03-10T16:48:33+00:00","dateModified":"2025-12-02T05:36:24+00:00","description":"\u00a1Conoce los detalles de nuestro tour Ciudad de Cusco! En medio d\u00eda tendr\u00e1s la oportunidad de conocer los sitios emblem\u00e1ticos de esta ciudad.","breadcrumb":{"@id":"https:\/\/www.alpacaexpeditions.com\/es\/ciudad-de-cusco-medio-dia\/#breadcrumb"},"inLanguage":"es","potentialAction":[{"@type":"ReadAction","target":["https:\/\/www.alpacaexpeditions.com\/es\/ciudad-de-cusco-medio-dia\/"]}]},{"@type":"ImageObject","inLanguage":"es","@id":"https:\/\/www.alpacaexpeditions.com\/es\/ciudad-de-cusco-medio-dia\/#primaryimage","url":"https:\/\/www.alpacaexpeditions.com\/wp-content\/uploads\/main-square-of-cusco.jpg","contentUrl":"https:\/\/www.alpacaexpeditions.com\/wp-content\/uploads\/main-square-of-cusco.jpg","width":1500,"height":760,"caption":"Plaza Principal del Cusco"},{"@type":"BreadcrumbList","@id":"https:\/\/www.alpacaexpeditions.com\/es\/ciudad-de-cusco-medio-dia\/#breadcrumb","itemListElement":[{"@type":"ListItem","position":1,"name":"Home","item":"https:\/\/www.alpacaexpeditions.com\/es\/"},{"@type":"ListItem","position":2,"name":"Tour Ciudad de Cusco"}]},{"@type":"WebSite","@id":"https:\/\/www.alpacaexpeditions.com\/es\/#website","url":"https:\/\/www.alpacaexpeditions.com\/es\/","name":"Alpaca Expeditions","description":"","publisher":{"@id":"https:\/\/www.alpacaexpeditions.com\/es\/#organization"},"potentialAction":[{"@type":"SearchAction","target":{"@type":"EntryPoint","urlTemplate":"https:\/\/www.alpacaexpeditions.com\/es\/?s={search_term_string}"},"query-input":{"@type":"PropertyValueSpecification","valueRequired":true,"valueName":"search_term_string"}}],"inLanguage":"es"},{"@type":"Organization","@id":"https:\/\/www.alpacaexpeditions.com\/es\/#organization","name":"Alpaca Expeditions","url":"https:\/\/www.alpacaexpeditions.com\/es\/","logo":{"@type":"ImageObject","inLanguage":"es","@id":"https:\/\/www.alpacaexpeditions.com\/es\/#\/schema\/logo\/image\/","url":"https:\/\/www.alpacaexpeditions.com\/wp-content\/uploads\/Logo-Alpaca-Expeditions-1.svg","contentUrl":"https:\/\/www.alpacaexpeditions.com\/wp-content\/uploads\/Logo-Alpaca-Expeditions-1.svg","caption":"Alpaca Expeditions"},"image":{"@id":"https:\/\/www.alpacaexpeditions.com\/es\/#\/schema\/logo\/image\/"},"sameAs":["https:\/\/www.facebook.com\/alpacaexpeditionstravelperu","https:\/\/x.com\/trekwithalpaca","https:\/\/www.instagram.com\/trekwithalpaca\/"]}]}},"_links":{"self":[{"href":"https:\/\/www.alpacaexpeditions.com\/es\/wp-json\/wp\/v2\/pages\/2701","targetHints":{"allow":["GET"]}}],"collection":[{"href":"https:\/\/www.alpacaexpeditions.com\/es\/wp-json\/wp\/v2\/pages"}],"about":[{"href":"https:\/\/www.alpacaexpeditions.com\/es\/wp-json\/wp\/v2\/types\/page"}],"author":[{"embeddable":true,"href":"https:\/\/www.alpacaexpeditions.com\/es\/wp-json\/wp\/v2\/users\/1"}],"replies":[{"embeddable":true,"href":"https:\/\/www.alpacaexpeditions.com\/es\/wp-json\/wp\/v2\/comments?post=2701"}],"version-history":[{"count":0,"href":"https:\/\/www.alpacaexpeditions.com\/es\/wp-json\/wp\/v2\/pages\/2701\/revisions"}],"wp:featuredmedia":[{"embeddable":true,"href":"https:\/\/www.alpacaexpeditions.com\/es\/wp-json\/wp\/v2\/media\/8393"}],"wp:attachment":[{"href":"https:\/\/www.alpacaexpeditions.com\/es\/wp-json\/wp\/v2\/media?parent=2701"}],"wp:term":[{"taxonomy":"category","embeddable":true,"href":"https:\/\/www.alpacaexpeditions.com\/es\/wp-json\/wp\/v2\/categories?post=2701"},{"taxonomy":"post_tag","embeddable":true,"href":"https:\/\/www.alpacaexpeditions.com\/es\/wp-json\/wp\/v2\/tags?post=2701"}],"curies":[{"name":"wp","href":"https:\/\/api.w.org\/{rel}","templated":true}]}}