{"id":2846,"date":"2021-03-16T21:44:57","date_gmt":"2021-03-16T21:44:57","guid":{"rendered":"https:\/\/www.alpacaexpeditions.com\/trek-packing-list\/"},"modified":"2024-07-13T17:15:45","modified_gmt":"2024-07-13T17:15:45","slug":"equipo-de-viaje","status":"publish","type":"page","link":"https:\/\/www.alpacaexpeditions.com\/es\/equipo-de-viaje\/","title":{"rendered":"Equipo de Viaje"},"content":{"rendered":"<h3>Pantalones y shorts de trekking<\/h3>\n<h3>Qu\u00e9 empacar para su Camino Inca y caminatas alternativas a Machu Picchu<\/h3>\n<p>El acceso a la informaci\u00f3n sobre el Camino Inca en general puede ser muy estresante, especialmente si usted est\u00e1 buscando una lista de paquetes adecuada para prepararse para su aventura. Todos nosotros aqu\u00ed en Alpaca Expeditions queremos proporcionarle toda la ayuda y asistencia posible, y es por eso que hemos creado esta Lista de Empaque Definitiva.<\/p>\n<p>Esta lista de empaque ser\u00e1 \u00fatil para cualquier caminata que elija y s\u00f3lo habr\u00e1 algunas peque\u00f1as variaciones en las que su equipo de reservas de Alpaca Expeditions puede ayudarle.<\/p>\n<p>Haremos nuestro mejor esfuerzo para mantener esta lista de equipaje tan actualizada como sea posible en base al clima, nuevas marcas, etc. Si tiene preguntas sobre cualquier cosa que encuentre aqu\u00ed &#8211; \u00a1s\u00f3lo h\u00e1ganoslo saber!<\/p>","protected":false},"excerpt":{"rendered":"<p>Pantalones y shorts de trekking Qu\u00e9 empacar para su Camino Inca y caminatas alternativas a Machu Picchu El acceso a la informaci\u00f3n sobre el Camino Inca en general puede ser muy estresante, especialmente si usted est\u00e1 buscando una lista de paquetes adecuada para prepararse para su aventura. Todos nosotros aqu\u00ed en Alpaca Expeditions queremos proporcionarle [&hellip;]<\/p>","protected":false},"author":1,"featured_media":2417,"parent":0,"menu_order":380,"comment_status":"closed","ping_status":"closed","template":"page.php","meta":{"_acf_changed":false,"inline_featured_image":false,"footnotes":""},"categories":[181],"tags":[],"class_list":["post-2846","page","type-page","status-publish","has-post-thumbnail","hentry","category-informacion-adicional"],"acf":[],"yoast_head":"<!-- This site is optimized with the Yoast SEO Premium plugin v19.3 (Yoast SEO v27.3) - https:\/\/yoast.com\/product\/yoast-seo-premium-wordpress\/ -->\n<title>Equipo de Viaje - Alpaca Expeditions<\/title>\n<meta name=\"robots\" content=\"index, follow, max-snippet:-1, max-image-preview:large, max-video-preview:-1\" \/>\n<link rel=\"canonical\" href=\"https:\/\/www.alpacaexpeditions.com\/es\/equipo-de-viaje\/\" \/>\n<meta property=\"og:locale\" content=\"es_ES\" \/>\n<meta property=\"og:type\" content=\"article\" \/>\n<meta property=\"og:title\" content=\"Equipo de Viaje\" \/>\n<meta property=\"og:description\" content=\"Pantalones y shorts de trekking Qu\u00e9 empacar para su Camino Inca y caminatas alternativas a Machu Picchu El acceso a la informaci\u00f3n sobre el Camino Inca en general puede ser muy estresante, especialmente si usted est\u00e1 buscando una lista de paquetes adecuada para prepararse para su aventura. Todos nosotros aqu\u00ed en Alpaca Expeditions queremos proporcionarle [&hellip;]\" \/>\n<meta property=\"og:url\" content=\"https:\/\/www.alpacaexpeditions.com\/es\/equipo-de-viaje\/\" \/>\n<meta property=\"og:site_name\" content=\"Alpaca Expeditions\" \/>\n<meta property=\"article:publisher\" content=\"https:\/\/www.facebook.com\/alpacaexpeditionstravelperu\" \/>\n<meta property=\"article:modified_time\" content=\"2024-07-13T17:15:45+00:00\" \/>\n<meta property=\"og:image\" content=\"https:\/\/www.alpacaexpeditions.com\/wp-content\/uploads\/ULTIMATE-PACKING-LIST-Alpaca-Expeditions.jpg\" \/>\n\t<meta property=\"og:image:width\" content=\"1000\" \/>\n\t<meta property=\"og:image:height\" content=\"620\" \/>\n\t<meta property=\"og:image:type\" content=\"image\/jpeg\" \/>\n<meta name=\"twitter:card\" content=\"summary_large_image\" \/>\n<meta name=\"twitter:site\" content=\"@trekwithalpaca\" \/>\n<meta name=\"twitter:label1\" content=\"Tiempo de lectura\" \/>\n\t<meta name=\"twitter:data1\" content=\"30 minutos\" \/>\n<!-- \/ Yoast SEO Premium plugin. -->","yoast_head_json":{"title":"Equipo de Viaje - Alpaca Expeditions","robots":{"index":"index","follow":"follow","max-snippet":"max-snippet:-1","max-image-preview":"max-image-preview:large","max-video-preview":"max-video-preview:-1"},"canonical":"https:\/\/www.alpacaexpeditions.com\/es\/equipo-de-viaje\/","og_locale":"es_ES","og_type":"article","og_title":"Equipo de Viaje","og_description":"Pantalones y shorts de trekking Qu\u00e9 empacar para su Camino Inca y caminatas alternativas a Machu Picchu El acceso a la informaci\u00f3n sobre el Camino Inca en general puede ser muy estresante, especialmente si usted est\u00e1 buscando una lista de paquetes adecuada para prepararse para su aventura. Todos nosotros aqu\u00ed en Alpaca Expeditions queremos proporcionarle [&hellip;]","og_url":"https:\/\/www.alpacaexpeditions.com\/es\/equipo-de-viaje\/","og_site_name":"Alpaca Expeditions","article_publisher":"https:\/\/www.facebook.com\/alpacaexpeditionstravelperu","article_modified_time":"2024-07-13T17:15:45+00:00","og_image":[{"width":1000,"height":620,"url":"https:\/\/www.alpacaexpeditions.com\/wp-content\/uploads\/ULTIMATE-PACKING-LIST-Alpaca-Expeditions.jpg","type":"image\/jpeg"}],"twitter_card":"summary_large_image","twitter_site":"@trekwithalpaca","twitter_misc":{"Tiempo de lectura":"30 minutos"},"schema":{"@context":"https:\/\/schema.org","@graph":[{"@type":"WebPage","@id":"https:\/\/www.alpacaexpeditions.com\/es\/equipo-de-viaje\/","url":"https:\/\/www.alpacaexpeditions.com\/es\/equipo-de-viaje\/","name":"Equipo de Viaje - Alpaca Expeditions","isPartOf":{"@id":"https:\/\/www.alpacaexpeditions.com\/es\/#website"},"primaryImageOfPage":{"@id":"https:\/\/www.alpacaexpeditions.com\/es\/equipo-de-viaje\/#primaryimage"},"image":{"@id":"https:\/\/www.alpacaexpeditions.com\/es\/equipo-de-viaje\/#primaryimage"},"thumbnailUrl":"https:\/\/www.alpacaexpeditions.com\/wp-content\/uploads\/ULTIMATE-PACKING-LIST-Alpaca-Expeditions.jpg","datePublished":"2021-03-16T21:44:57+00:00","dateModified":"2024-07-13T17:15:45+00:00","breadcrumb":{"@id":"https:\/\/www.alpacaexpeditions.com\/es\/equipo-de-viaje\/#breadcrumb"},"inLanguage":"es","potentialAction":[{"@type":"ReadAction","target":["https:\/\/www.alpacaexpeditions.com\/es\/equipo-de-viaje\/"]}]},{"@type":"ImageObject","inLanguage":"es","@id":"https:\/\/www.alpacaexpeditions.com\/es\/equipo-de-viaje\/#primaryimage","url":"https:\/\/www.alpacaexpeditions.com\/wp-content\/uploads\/ULTIMATE-PACKING-LIST-Alpaca-Expeditions.jpg","contentUrl":"https:\/\/www.alpacaexpeditions.com\/wp-content\/uploads\/ULTIMATE-PACKING-LIST-Alpaca-Expeditions.jpg","width":1000,"height":620,"caption":"ULTIMATE PACKING LIST Alpaca Expeditions"},{"@type":"BreadcrumbList","@id":"https:\/\/www.alpacaexpeditions.com\/es\/equipo-de-viaje\/#breadcrumb","itemListElement":[{"@type":"ListItem","position":1,"name":"Home","item":"https:\/\/www.alpacaexpeditions.com\/es\/"},{"@type":"ListItem","position":2,"name":"Equipo de Viaje"}]},{"@type":"WebSite","@id":"https:\/\/www.alpacaexpeditions.com\/es\/#website","url":"https:\/\/www.alpacaexpeditions.com\/es\/","name":"Alpaca Expeditions","description":"","publisher":{"@id":"https:\/\/www.alpacaexpeditions.com\/es\/#organization"},"potentialAction":[{"@type":"SearchAction","target":{"@type":"EntryPoint","urlTemplate":"https:\/\/www.alpacaexpeditions.com\/es\/?s={search_term_string}"},"query-input":{"@type":"PropertyValueSpecification","valueRequired":true,"valueName":"search_term_string"}}],"inLanguage":"es"},{"@type":"Organization","@id":"https:\/\/www.alpacaexpeditions.com\/es\/#organization","name":"Alpaca Expeditions","url":"https:\/\/www.alpacaexpeditions.com\/es\/","logo":{"@type":"ImageObject","inLanguage":"es","@id":"https:\/\/www.alpacaexpeditions.com\/es\/#\/schema\/logo\/image\/","url":"https:\/\/www.alpacaexpeditions.com\/wp-content\/uploads\/Logo-Alpaca-Expeditions-1.svg","contentUrl":"https:\/\/www.alpacaexpeditions.com\/wp-content\/uploads\/Logo-Alpaca-Expeditions-1.svg","caption":"Alpaca Expeditions"},"image":{"@id":"https:\/\/www.alpacaexpeditions.com\/es\/#\/schema\/logo\/image\/"},"sameAs":["https:\/\/www.facebook.com\/alpacaexpeditionstravelperu","https:\/\/x.com\/trekwithalpaca","https:\/\/www.instagram.com\/trekwithalpaca\/"]}]}},"_links":{"self":[{"href":"https:\/\/www.alpacaexpeditions.com\/es\/wp-json\/wp\/v2\/pages\/2846","targetHints":{"allow":["GET"]}}],"collection":[{"href":"https:\/\/www.alpacaexpeditions.com\/es\/wp-json\/wp\/v2\/pages"}],"about":[{"href":"https:\/\/www.alpacaexpeditions.com\/es\/wp-json\/wp\/v2\/types\/page"}],"author":[{"embeddable":true,"href":"https:\/\/www.alpacaexpeditions.com\/es\/wp-json\/wp\/v2\/users\/1"}],"replies":[{"embeddable":true,"href":"https:\/\/www.alpacaexpeditions.com\/es\/wp-json\/wp\/v2\/comments?post=2846"}],"version-history":[{"count":0,"href":"https:\/\/www.alpacaexpeditions.com\/es\/wp-json\/wp\/v2\/pages\/2846\/revisions"}],"wp:featuredmedia":[{"embeddable":true,"href":"https:\/\/www.alpacaexpeditions.com\/es\/wp-json\/wp\/v2\/media\/2417"}],"wp:attachment":[{"href":"https:\/\/www.alpacaexpeditions.com\/es\/wp-json\/wp\/v2\/media?parent=2846"}],"wp:term":[{"taxonomy":"category","embeddable":true,"href":"https:\/\/www.alpacaexpeditions.com\/es\/wp-json\/wp\/v2\/categories?post=2846"},{"taxonomy":"post_tag","embeddable":true,"href":"https:\/\/www.alpacaexpeditions.com\/es\/wp-json\/wp\/v2\/tags?post=2846"}],"curies":[{"name":"wp","href":"https:\/\/api.w.org\/{rel}","templated":true}]}}