{"id":2860,"date":"2021-04-23T03:30:59","date_gmt":"2021-04-23T03:30:59","guid":{"rendered":"https:\/\/www.alpacaexpeditions.com\/pachacamac-half-day-tour\/"},"modified":"2021-07-01T20:38:39","modified_gmt":"2021-07-01T20:38:39","slug":"pachacamac-tour-de-medio-dia","status":"publish","type":"page","link":"https:\/\/www.alpacaexpeditions.com\/es\/pachacamac-tour-de-medio-dia\/","title":{"rendered":"Pachacamac Tour de medio d\u00eda"},"content":{"rendered":"<p><strong>Lo m\u00e1s destacado:<\/strong> Lima, Pachacamac<br \/>\n<strong>Temporada:<\/strong> Todo el a\u00f1o.<\/p>\n<p>Visitar estas ruinas bien conservadas le dar\u00e1 la sensaci\u00f3n de retroceder en el tiempo hasta el a\u00f1o 200 d.C. En este sitio arqueol\u00f3gico ver\u00e1 el lugar donde los incas cre\u00edan que Pachacamac (Pacha Kamaq en quechua) hab\u00eda creado al primer hombre y a la primera mujer de la tierra.<\/p>","protected":false},"excerpt":{"rendered":"<p>Lo m\u00e1s destacado: Lima, Pachacamac Temporada: Todo el a\u00f1o. Visitar estas ruinas bien conservadas le dar\u00e1 la sensaci\u00f3n de retroceder en el tiempo hasta el a\u00f1o 200 d.C. En este sitio arqueol\u00f3gico ver\u00e1 el lugar donde los incas cre\u00edan que Pachacamac (Pacha Kamaq en quechua) hab\u00eda creado al primer hombre y a la primera mujer [&hellip;]<\/p>","protected":false},"author":1,"featured_media":3462,"parent":0,"menu_order":206,"comment_status":"closed","ping_status":"closed","template":"tour-page.php","meta":{"_acf_changed":false,"inline_featured_image":false,"footnotes":""},"categories":[95],"tags":[],"class_list":["post-2860","page","type-page","status-publish","has-post-thumbnail","hentry","category-tours-in-lima-es"],"acf":[],"yoast_head":"<!-- This site is optimized with the Yoast SEO Premium plugin v19.3 (Yoast SEO v27.3) - https:\/\/yoast.com\/product\/yoast-seo-premium-wordpress\/ -->\n<title>Pachacamac Tour de medio d\u00eda - Alpaca Expeditions<\/title>\n<meta name=\"robots\" content=\"index, follow, max-snippet:-1, max-image-preview:large, max-video-preview:-1\" \/>\n<link rel=\"canonical\" href=\"https:\/\/www.alpacaexpeditions.com\/es\/pachacamac-tour-de-medio-dia\/\" \/>\n<meta property=\"og:locale\" content=\"es_ES\" \/>\n<meta property=\"og:type\" content=\"article\" \/>\n<meta property=\"og:title\" content=\"Pachacamac Tour de medio d\u00eda\" \/>\n<meta property=\"og:description\" content=\"Lo m\u00e1s destacado: Lima, Pachacamac Temporada: Todo el a\u00f1o. Visitar estas ruinas bien conservadas le dar\u00e1 la sensaci\u00f3n de retroceder en el tiempo hasta el a\u00f1o 200 d.C. En este sitio arqueol\u00f3gico ver\u00e1 el lugar donde los incas cre\u00edan que Pachacamac (Pacha Kamaq en quechua) hab\u00eda creado al primer hombre y a la primera mujer [&hellip;]\" \/>\n<meta property=\"og:url\" content=\"https:\/\/www.alpacaexpeditions.com\/es\/pachacamac-tour-de-medio-dia\/\" \/>\n<meta property=\"og:site_name\" content=\"Alpaca Expeditions\" \/>\n<meta property=\"article:publisher\" content=\"https:\/\/www.facebook.com\/alpacaexpeditionstravelperu\" \/>\n<meta property=\"article:modified_time\" content=\"2021-07-01T20:38:39+00:00\" \/>\n<meta property=\"og:image\" content=\"https:\/\/www.alpacaexpeditions.com\/wp-content\/uploads\/Pachacamac-half-day.jpg\" \/>\n\t<meta property=\"og:image:width\" content=\"800\" \/>\n\t<meta property=\"og:image:height\" content=\"360\" \/>\n\t<meta property=\"og:image:type\" content=\"image\/jpeg\" \/>\n<meta name=\"twitter:card\" content=\"summary_large_image\" \/>\n<meta name=\"twitter:site\" content=\"@trekwithalpaca\" \/>\n<!-- \/ Yoast SEO Premium plugin. -->","yoast_head_json":{"title":"Pachacamac Tour de medio d\u00eda - Alpaca Expeditions","robots":{"index":"index","follow":"follow","max-snippet":"max-snippet:-1","max-image-preview":"max-image-preview:large","max-video-preview":"max-video-preview:-1"},"canonical":"https:\/\/www.alpacaexpeditions.com\/es\/pachacamac-tour-de-medio-dia\/","og_locale":"es_ES","og_type":"article","og_title":"Pachacamac Tour de medio d\u00eda","og_description":"Lo m\u00e1s destacado: Lima, Pachacamac Temporada: Todo el a\u00f1o. Visitar estas ruinas bien conservadas le dar\u00e1 la sensaci\u00f3n de retroceder en el tiempo hasta el a\u00f1o 200 d.C. En este sitio arqueol\u00f3gico ver\u00e1 el lugar donde los incas cre\u00edan que Pachacamac (Pacha Kamaq en quechua) hab\u00eda creado al primer hombre y a la primera mujer [&hellip;]","og_url":"https:\/\/www.alpacaexpeditions.com\/es\/pachacamac-tour-de-medio-dia\/","og_site_name":"Alpaca Expeditions","article_publisher":"https:\/\/www.facebook.com\/alpacaexpeditionstravelperu","article_modified_time":"2021-07-01T20:38:39+00:00","og_image":[{"width":800,"height":360,"url":"https:\/\/www.alpacaexpeditions.com\/wp-content\/uploads\/Pachacamac-half-day.jpg","type":"image\/jpeg"}],"twitter_card":"summary_large_image","twitter_site":"@trekwithalpaca","schema":{"@context":"https:\/\/schema.org","@graph":[{"@type":"WebPage","@id":"https:\/\/www.alpacaexpeditions.com\/es\/pachacamac-tour-de-medio-dia\/","url":"https:\/\/www.alpacaexpeditions.com\/es\/pachacamac-tour-de-medio-dia\/","name":"Pachacamac Tour de medio d\u00eda - Alpaca Expeditions","isPartOf":{"@id":"https:\/\/www.alpacaexpeditions.com\/es\/#website"},"primaryImageOfPage":{"@id":"https:\/\/www.alpacaexpeditions.com\/es\/pachacamac-tour-de-medio-dia\/#primaryimage"},"image":{"@id":"https:\/\/www.alpacaexpeditions.com\/es\/pachacamac-tour-de-medio-dia\/#primaryimage"},"thumbnailUrl":"https:\/\/www.alpacaexpeditions.com\/wp-content\/uploads\/Pachacamac-half-day.jpg","datePublished":"2021-04-23T03:30:59+00:00","dateModified":"2021-07-01T20:38:39+00:00","breadcrumb":{"@id":"https:\/\/www.alpacaexpeditions.com\/es\/pachacamac-tour-de-medio-dia\/#breadcrumb"},"inLanguage":"es","potentialAction":[{"@type":"ReadAction","target":["https:\/\/www.alpacaexpeditions.com\/es\/pachacamac-tour-de-medio-dia\/"]}]},{"@type":"ImageObject","inLanguage":"es","@id":"https:\/\/www.alpacaexpeditions.com\/es\/pachacamac-tour-de-medio-dia\/#primaryimage","url":"https:\/\/www.alpacaexpeditions.com\/wp-content\/uploads\/Pachacamac-half-day.jpg","contentUrl":"https:\/\/www.alpacaexpeditions.com\/wp-content\/uploads\/Pachacamac-half-day.jpg","width":800,"height":360,"caption":"Pachacamac half day"},{"@type":"BreadcrumbList","@id":"https:\/\/www.alpacaexpeditions.com\/es\/pachacamac-tour-de-medio-dia\/#breadcrumb","itemListElement":[{"@type":"ListItem","position":1,"name":"Home","item":"https:\/\/www.alpacaexpeditions.com\/es\/"},{"@type":"ListItem","position":2,"name":"Pachacamac Tour de medio d\u00eda"}]},{"@type":"WebSite","@id":"https:\/\/www.alpacaexpeditions.com\/es\/#website","url":"https:\/\/www.alpacaexpeditions.com\/es\/","name":"Alpaca Expeditions","description":"","publisher":{"@id":"https:\/\/www.alpacaexpeditions.com\/es\/#organization"},"potentialAction":[{"@type":"SearchAction","target":{"@type":"EntryPoint","urlTemplate":"https:\/\/www.alpacaexpeditions.com\/es\/?s={search_term_string}"},"query-input":{"@type":"PropertyValueSpecification","valueRequired":true,"valueName":"search_term_string"}}],"inLanguage":"es"},{"@type":"Organization","@id":"https:\/\/www.alpacaexpeditions.com\/es\/#organization","name":"Alpaca Expeditions","url":"https:\/\/www.alpacaexpeditions.com\/es\/","logo":{"@type":"ImageObject","inLanguage":"es","@id":"https:\/\/www.alpacaexpeditions.com\/es\/#\/schema\/logo\/image\/","url":"https:\/\/www.alpacaexpeditions.com\/wp-content\/uploads\/Logo-Alpaca-Expeditions-1.svg","contentUrl":"https:\/\/www.alpacaexpeditions.com\/wp-content\/uploads\/Logo-Alpaca-Expeditions-1.svg","caption":"Alpaca Expeditions"},"image":{"@id":"https:\/\/www.alpacaexpeditions.com\/es\/#\/schema\/logo\/image\/"},"sameAs":["https:\/\/www.facebook.com\/alpacaexpeditionstravelperu","https:\/\/x.com\/trekwithalpaca","https:\/\/www.instagram.com\/trekwithalpaca\/"]}]}},"_links":{"self":[{"href":"https:\/\/www.alpacaexpeditions.com\/es\/wp-json\/wp\/v2\/pages\/2860","targetHints":{"allow":["GET"]}}],"collection":[{"href":"https:\/\/www.alpacaexpeditions.com\/es\/wp-json\/wp\/v2\/pages"}],"about":[{"href":"https:\/\/www.alpacaexpeditions.com\/es\/wp-json\/wp\/v2\/types\/page"}],"author":[{"embeddable":true,"href":"https:\/\/www.alpacaexpeditions.com\/es\/wp-json\/wp\/v2\/users\/1"}],"replies":[{"embeddable":true,"href":"https:\/\/www.alpacaexpeditions.com\/es\/wp-json\/wp\/v2\/comments?post=2860"}],"version-history":[{"count":0,"href":"https:\/\/www.alpacaexpeditions.com\/es\/wp-json\/wp\/v2\/pages\/2860\/revisions"}],"wp:featuredmedia":[{"embeddable":true,"href":"https:\/\/www.alpacaexpeditions.com\/es\/wp-json\/wp\/v2\/media\/3462"}],"wp:attachment":[{"href":"https:\/\/www.alpacaexpeditions.com\/es\/wp-json\/wp\/v2\/media?parent=2860"}],"wp:term":[{"taxonomy":"category","embeddable":true,"href":"https:\/\/www.alpacaexpeditions.com\/es\/wp-json\/wp\/v2\/categories?post=2860"},{"taxonomy":"post_tag","embeddable":true,"href":"https:\/\/www.alpacaexpeditions.com\/es\/wp-json\/wp\/v2\/tags?post=2860"}],"curies":[{"name":"wp","href":"https:\/\/api.w.org\/{rel}","templated":true}]}}