{"id":3583,"date":"2021-06-09T17:54:05","date_gmt":"2021-06-09T17:54:05","guid":{"rendered":"https:\/\/www.alpacaexpeditions.com\/?page_id=3583"},"modified":"2025-12-26T03:26:24","modified_gmt":"2025-12-26T03:26:24","slug":"cusco-y-amazonas-10d-9n","status":"publish","type":"page","link":"https:\/\/www.alpacaexpeditions.com\/es\/cusco-y-amazonas-10d-9n\/","title":{"rendered":"Cusco y Amazonas 10D\/9N"},"content":{"rendered":"<h2><strong><span style=\"vertical-align: inherit;\"><span style=\"vertical-align: inherit;\">El Paquete Cusco y Amazonas 10D\/9N y sus caracteristicas\u00a0<\/span><\/span><\/strong><\/h2>\n<p><span style=\"vertical-align: inherit;\"><span style=\"vertical-align: inherit;\">Este paquete tur\u00edstico ofrece la oportunidad \u00fanica de explorar tanto los paisajes monta\u00f1osos de los Andes como la exuberante selva del Amazonas. <\/span><span style=\"vertical-align: inherit;\">A lo largo de este viaje podr\u00e1s descubrir el magn\u00edfico <\/span><\/span><strong><span style=\"vertical-align: inherit;\"><span style=\"vertical-align: inherit;\">Valle Sagrado<\/span><\/span><\/strong><span style=\"vertical-align: inherit;\"><span style=\"vertical-align: inherit;\"> , caminar\u00e1s por el famoso Camino Inca hacia <\/span><\/span><a href=\"https:\/\/www.alpacaexpeditions.com\/es\/imponente-nevado-ausangate-montana-de-colores-y-machu-picchu\/\"><strong><span style=\"vertical-align: inherit;\"><span style=\"vertical-align: inherit;\">Machu Picchu<\/span><\/span><\/strong><\/a><span style=\"vertical-align: inherit;\"><span style=\"vertical-align: inherit;\"> y tambi\u00e9n conocer\u00e1s la <\/span><\/span><strong><span style=\"vertical-align: inherit;\"><span style=\"vertical-align: inherit;\">Monta\u00f1a Arcoiris<\/span><\/span><\/strong><span style=\"vertical-align: inherit;\"><span style=\"vertical-align: inherit;\"> . <\/span><span style=\"vertical-align: inherit;\">Adem\u00e1s, tendr\u00e1s tiempo para relajarte en la <\/span><\/span><a href=\"https:\/\/es.wikipedia.org\/wiki\/Amazon%C3%ADa_del_Per%C3%BA\"><strong><span style=\"vertical-align: inherit;\"><span style=\"vertical-align: inherit;\">Amazon\u00eda<\/span><\/span><\/strong><\/a><span style=\"vertical-align: inherit;\"><span style=\"vertical-align: inherit;\"> , rodeado de naturaleza y en profundo contacto con la fauna local.<\/span><\/span><\/p>","protected":false},"excerpt":{"rendered":"<p>El Paquete Cusco y Amazonas 10D\/9N y sus caracteristicas\u00a0 Este paquete tur\u00edstico ofrece la oportunidad \u00fanica de explorar tanto los paisajes monta\u00f1osos de los Andes como la exuberante selva del Amazonas. A lo largo de este viaje podr\u00e1s descubrir el magn\u00edfico Valle Sagrado , caminar\u00e1s por el famoso Camino Inca hacia Machu Picchu y tambi\u00e9n [&hellip;]<\/p>","protected":false},"author":1,"featured_media":8929,"parent":0,"menu_order":149,"comment_status":"closed","ping_status":"closed","template":"tour-page.php","meta":{"_acf_changed":false,"inline_featured_image":false,"footnotes":""},"categories":[98,180],"tags":[],"class_list":["post-3583","page","type-page","status-publish","has-post-thumbnail","hentry","category-paquetes-en-peru","category-paquetes-fijos-de-peru"],"acf":[],"yoast_head":"<!-- This site is optimized with the Yoast SEO Premium plugin v19.3 (Yoast SEO v27.3) - https:\/\/yoast.com\/product\/yoast-seo-premium-wordpress\/ -->\n<title>Cusco y Amazonas 10D\/9N - Alpaca Expeditions<\/title>\n<meta name=\"description\" content=\"\u00bfQu\u00e9 tal combinar los m\u00edticos Andes con la belleza natural de la Amazon\u00eda? Conoce los detalles e nuestro paquete Cusco y Amazonas 10D\/9N\" \/>\n<meta name=\"robots\" content=\"index, follow, max-snippet:-1, max-image-preview:large, max-video-preview:-1\" \/>\n<link rel=\"canonical\" href=\"https:\/\/www.alpacaexpeditions.com\/es\/cusco-y-amazonas-10d-9n\/\" \/>\n<meta property=\"og:locale\" content=\"es_ES\" \/>\n<meta property=\"og:type\" content=\"article\" \/>\n<meta property=\"og:title\" content=\"Cusco y Amazonas 10D\/9N\" \/>\n<meta property=\"og:description\" content=\"\u00bfQu\u00e9 tal combinar los m\u00edticos Andes con la belleza natural de la Amazon\u00eda? Conoce los detalles e nuestro paquete Cusco y Amazonas 10D\/9N\" \/>\n<meta property=\"og:url\" content=\"https:\/\/www.alpacaexpeditions.com\/es\/cusco-y-amazonas-10d-9n\/\" \/>\n<meta property=\"og:site_name\" content=\"Alpaca Expeditions\" \/>\n<meta property=\"article:publisher\" content=\"https:\/\/www.facebook.com\/alpacaexpeditionstravelperu\" \/>\n<meta property=\"article:modified_time\" content=\"2025-12-26T03:26:24+00:00\" \/>\n<meta property=\"og:image\" content=\"https:\/\/www.alpacaexpeditions.com\/wp-content\/uploads\/amazon-jungle-of-Madre-de-Dios-AE.jpg\" \/>\n\t<meta property=\"og:image:width\" content=\"1000\" \/>\n\t<meta property=\"og:image:height\" content=\"800\" \/>\n\t<meta property=\"og:image:type\" content=\"image\/jpeg\" \/>\n<meta name=\"twitter:card\" content=\"summary_large_image\" \/>\n<meta name=\"twitter:site\" content=\"@trekwithalpaca\" \/>\n<meta name=\"twitter:label1\" content=\"Tiempo de lectura\" \/>\n\t<meta name=\"twitter:data1\" content=\"21 minutos\" \/>\n<!-- \/ Yoast SEO Premium plugin. -->","yoast_head_json":{"title":"Cusco y Amazonas 10D\/9N - Alpaca Expeditions","description":"\u00bfQu\u00e9 tal combinar los m\u00edticos Andes con la belleza natural de la Amazon\u00eda? Conoce los detalles e nuestro paquete Cusco y Amazonas 10D\/9N","robots":{"index":"index","follow":"follow","max-snippet":"max-snippet:-1","max-image-preview":"max-image-preview:large","max-video-preview":"max-video-preview:-1"},"canonical":"https:\/\/www.alpacaexpeditions.com\/es\/cusco-y-amazonas-10d-9n\/","og_locale":"es_ES","og_type":"article","og_title":"Cusco y Amazonas 10D\/9N","og_description":"\u00bfQu\u00e9 tal combinar los m\u00edticos Andes con la belleza natural de la Amazon\u00eda? Conoce los detalles e nuestro paquete Cusco y Amazonas 10D\/9N","og_url":"https:\/\/www.alpacaexpeditions.com\/es\/cusco-y-amazonas-10d-9n\/","og_site_name":"Alpaca Expeditions","article_publisher":"https:\/\/www.facebook.com\/alpacaexpeditionstravelperu","article_modified_time":"2025-12-26T03:26:24+00:00","og_image":[{"width":1000,"height":800,"url":"https:\/\/www.alpacaexpeditions.com\/wp-content\/uploads\/amazon-jungle-of-Madre-de-Dios-AE.jpg","type":"image\/jpeg"}],"twitter_card":"summary_large_image","twitter_site":"@trekwithalpaca","twitter_misc":{"Tiempo de lectura":"21 minutos"},"schema":{"@context":"https:\/\/schema.org","@graph":[{"@type":"WebPage","@id":"https:\/\/www.alpacaexpeditions.com\/es\/cusco-y-amazonas-10d-9n\/","url":"https:\/\/www.alpacaexpeditions.com\/es\/cusco-y-amazonas-10d-9n\/","name":"Cusco y Amazonas 10D\/9N - Alpaca Expeditions","isPartOf":{"@id":"https:\/\/www.alpacaexpeditions.com\/es\/#website"},"primaryImageOfPage":{"@id":"https:\/\/www.alpacaexpeditions.com\/es\/cusco-y-amazonas-10d-9n\/#primaryimage"},"image":{"@id":"https:\/\/www.alpacaexpeditions.com\/es\/cusco-y-amazonas-10d-9n\/#primaryimage"},"thumbnailUrl":"https:\/\/www.alpacaexpeditions.com\/wp-content\/uploads\/amazon-jungle-of-Madre-de-Dios-AE.jpg","datePublished":"2021-06-09T17:54:05+00:00","dateModified":"2025-12-26T03:26:24+00:00","description":"\u00bfQu\u00e9 tal combinar los m\u00edticos Andes con la belleza natural de la Amazon\u00eda? Conoce los detalles e nuestro paquete Cusco y Amazonas 10D\/9N","breadcrumb":{"@id":"https:\/\/www.alpacaexpeditions.com\/es\/cusco-y-amazonas-10d-9n\/#breadcrumb"},"inLanguage":"es","potentialAction":[{"@type":"ReadAction","target":["https:\/\/www.alpacaexpeditions.com\/es\/cusco-y-amazonas-10d-9n\/"]}]},{"@type":"ImageObject","inLanguage":"es","@id":"https:\/\/www.alpacaexpeditions.com\/es\/cusco-y-amazonas-10d-9n\/#primaryimage","url":"https:\/\/www.alpacaexpeditions.com\/wp-content\/uploads\/amazon-jungle-of-Madre-de-Dios-AE.jpg","contentUrl":"https:\/\/www.alpacaexpeditions.com\/wp-content\/uploads\/amazon-jungle-of-Madre-de-Dios-AE.jpg","width":1000,"height":800,"caption":"Cusco & Amazon Jungle 10 Days \/ 9 Nights | Alpaca Expeditions"},{"@type":"BreadcrumbList","@id":"https:\/\/www.alpacaexpeditions.com\/es\/cusco-y-amazonas-10d-9n\/#breadcrumb","itemListElement":[{"@type":"ListItem","position":1,"name":"Home","item":"https:\/\/www.alpacaexpeditions.com\/es\/"},{"@type":"ListItem","position":2,"name":"Cusco y Amazonas 10D\/9N"}]},{"@type":"WebSite","@id":"https:\/\/www.alpacaexpeditions.com\/es\/#website","url":"https:\/\/www.alpacaexpeditions.com\/es\/","name":"Alpaca Expeditions","description":"","publisher":{"@id":"https:\/\/www.alpacaexpeditions.com\/es\/#organization"},"potentialAction":[{"@type":"SearchAction","target":{"@type":"EntryPoint","urlTemplate":"https:\/\/www.alpacaexpeditions.com\/es\/?s={search_term_string}"},"query-input":{"@type":"PropertyValueSpecification","valueRequired":true,"valueName":"search_term_string"}}],"inLanguage":"es"},{"@type":"Organization","@id":"https:\/\/www.alpacaexpeditions.com\/es\/#organization","name":"Alpaca Expeditions","url":"https:\/\/www.alpacaexpeditions.com\/es\/","logo":{"@type":"ImageObject","inLanguage":"es","@id":"https:\/\/www.alpacaexpeditions.com\/es\/#\/schema\/logo\/image\/","url":"https:\/\/www.alpacaexpeditions.com\/wp-content\/uploads\/Logo-Alpaca-Expeditions-1.svg","contentUrl":"https:\/\/www.alpacaexpeditions.com\/wp-content\/uploads\/Logo-Alpaca-Expeditions-1.svg","caption":"Alpaca Expeditions"},"image":{"@id":"https:\/\/www.alpacaexpeditions.com\/es\/#\/schema\/logo\/image\/"},"sameAs":["https:\/\/www.facebook.com\/alpacaexpeditionstravelperu","https:\/\/x.com\/trekwithalpaca","https:\/\/www.instagram.com\/trekwithalpaca\/"]}]}},"_links":{"self":[{"href":"https:\/\/www.alpacaexpeditions.com\/es\/wp-json\/wp\/v2\/pages\/3583","targetHints":{"allow":["GET"]}}],"collection":[{"href":"https:\/\/www.alpacaexpeditions.com\/es\/wp-json\/wp\/v2\/pages"}],"about":[{"href":"https:\/\/www.alpacaexpeditions.com\/es\/wp-json\/wp\/v2\/types\/page"}],"author":[{"embeddable":true,"href":"https:\/\/www.alpacaexpeditions.com\/es\/wp-json\/wp\/v2\/users\/1"}],"replies":[{"embeddable":true,"href":"https:\/\/www.alpacaexpeditions.com\/es\/wp-json\/wp\/v2\/comments?post=3583"}],"version-history":[{"count":0,"href":"https:\/\/www.alpacaexpeditions.com\/es\/wp-json\/wp\/v2\/pages\/3583\/revisions"}],"wp:featuredmedia":[{"embeddable":true,"href":"https:\/\/www.alpacaexpeditions.com\/es\/wp-json\/wp\/v2\/media\/8929"}],"wp:attachment":[{"href":"https:\/\/www.alpacaexpeditions.com\/es\/wp-json\/wp\/v2\/media?parent=3583"}],"wp:term":[{"taxonomy":"category","embeddable":true,"href":"https:\/\/www.alpacaexpeditions.com\/es\/wp-json\/wp\/v2\/categories?post=3583"},{"taxonomy":"post_tag","embeddable":true,"href":"https:\/\/www.alpacaexpeditions.com\/es\/wp-json\/wp\/v2\/tags?post=3583"}],"curies":[{"name":"wp","href":"https:\/\/api.w.org\/{rel}","templated":true}]}}