{"id":3618,"date":"2021-04-07T01:02:39","date_gmt":"2021-04-07T01:02:39","guid":{"rendered":"https:\/\/www.alpacaexpeditions.com\/?page_id=3618"},"modified":"2025-01-17T17:52:03","modified_gmt":"2025-01-17T17:52:03","slug":"alpaca-expeditions-partners","status":"publish","type":"page","link":"https:\/\/www.alpacaexpeditions.com\/es\/alpaca-expeditions-partners\/","title":{"rendered":"Alpaca Expeditions Partners"},"content":{"rendered":"<h3 class=\"text-center\">Bienvenido a Alpaca Expeditions<\/h3>\n<h3>\u00bfQui\u00e9nes Somos?<\/h3>\n<p>Alpaca Expeditions es una empresa local dirigida por un apasionado equipo de profesionales peruanos que comparten un profundo amor y orgullo por la historia, la cultura y la incomparable belleza natural de Per\u00fa. Nuestra misi\u00f3n es conectar a los viajeros con el rico patrimonio de nuestro pa\u00eds a trav\u00e9s de experiencias \u00fanicas y aut\u00e9nticas que reflejan nuestra dedicaci\u00f3n y compromiso.<\/p>\n<p>Con m\u00e1s de 10 a\u00f1os de experiencia en trekking y turismo, hemos perfeccionado el arte de crear aventuras inolvidables. Combinamos profesionalismo, calidez y un profundo respeto por las tradiciones locales para ofrecer experiencias aut\u00e9nticas y enriquecedoras. Nos especializamos en explorar rutas ic\u00f3nicas como el <strong>legendario Camino Inca, el desafiante Salkantay, la impresionante ruta de Lares, la espectacular Monta\u00f1a de Colores<\/strong> y otros senderos que muestran la majestuosa grandeza de los Andes. Cada paso en estos caminos es una conexi\u00f3n con la historia, la naturaleza y la cultura que hacen de Per\u00fa un destino verdaderamente \u00fanico.<\/p>\n<p>En <strong>Alpaca Expeditions<\/strong>, no solo ofrecemos viajes; creamos recuerdos que conectan a nuestros viajeros con el alma de Per\u00fa. Ya sea explorando las maravillas de <strong>Machu Picchu<\/strong> o descubriendo joyas menos conocidas, garantizamos experiencias personalizadas, seguras y enriquecedoras. Somos m\u00e1s que una empresa; somos embajadores de nuestra tierra, comprometidos con el turismo sostenible y el empoderamiento de nuestras comunidades locales.<\/p>\n<p><strong>Viajar con Alpaca Expeditions no es solo un viaje; es una experiencia transformadora que te conecta profundamente con el alma de los Andes y la esencia de su gente.<\/strong><\/p>\n<\/div>","protected":false},"excerpt":{"rendered":"<p>Bienvenido a Alpaca Expeditions \u00bfQui\u00e9nes Somos? Alpaca Expeditions es una empresa local dirigida por un apasionado equipo de profesionales peruanos que comparten un profundo amor y orgullo por la historia, la cultura y la incomparable belleza natural de Per\u00fa. Nuestra misi\u00f3n es conectar a los viajeros con el rico patrimonio de nuestro pa\u00eds a trav\u00e9s [&hellip;]<\/p>","protected":false},"author":1,"featured_media":2162,"parent":0,"menu_order":253,"comment_status":"closed","ping_status":"closed","template":"page.php","meta":{"_acf_changed":false,"inline_featured_image":false,"footnotes":""},"categories":[],"tags":[],"class_list":["post-3618","page","type-page","status-publish","has-post-thumbnail","hentry"],"acf":[],"yoast_head":"<!-- This site is optimized with the Yoast SEO Premium plugin v19.3 (Yoast SEO v27.3) - https:\/\/yoast.com\/product\/yoast-seo-premium-wordpress\/ -->\n<title>Alpaca Expeditions Partners - Alpaca Expeditions<\/title>\n<meta name=\"robots\" content=\"index, follow, max-snippet:-1, max-image-preview:large, max-video-preview:-1\" \/>\n<link rel=\"canonical\" href=\"https:\/\/www.alpacaexpeditions.com\/es\/alpaca-expeditions-partners\/\" \/>\n<meta property=\"og:locale\" content=\"es_ES\" \/>\n<meta property=\"og:type\" content=\"article\" \/>\n<meta property=\"og:title\" content=\"Alpaca Expeditions Partners\" \/>\n<meta property=\"og:description\" content=\"Bienvenido a Alpaca Expeditions \u00bfQui\u00e9nes Somos? Alpaca Expeditions es una empresa local dirigida por un apasionado equipo de profesionales peruanos que comparten un profundo amor y orgullo por la historia, la cultura y la incomparable belleza natural de Per\u00fa. Nuestra misi\u00f3n es conectar a los viajeros con el rico patrimonio de nuestro pa\u00eds a trav\u00e9s [&hellip;]\" \/>\n<meta property=\"og:url\" content=\"https:\/\/www.alpacaexpeditions.com\/es\/alpaca-expeditions-partners\/\" \/>\n<meta property=\"og:site_name\" content=\"Alpaca Expeditions\" \/>\n<meta property=\"article:publisher\" content=\"https:\/\/www.facebook.com\/alpacaexpeditionstravelperu\" \/>\n<meta property=\"article:modified_time\" content=\"2025-01-17T17:52:03+00:00\" \/>\n<meta property=\"og:image\" content=\"https:\/\/www.alpacaexpeditions.com\/wp-content\/uploads\/Alpaca-Expeditions-Business-Partner-Program.jpg\" \/>\n\t<meta property=\"og:image:width\" content=\"1000\" \/>\n\t<meta property=\"og:image:height\" content=\"620\" \/>\n\t<meta property=\"og:image:type\" content=\"image\/jpeg\" \/>\n<meta name=\"twitter:card\" content=\"summary_large_image\" \/>\n<meta name=\"twitter:site\" content=\"@trekwithalpaca\" \/>\n<meta name=\"twitter:label1\" content=\"Tiempo de lectura\" \/>\n\t<meta name=\"twitter:data1\" content=\"6 minutos\" \/>\n<!-- \/ Yoast SEO Premium plugin. -->","yoast_head_json":{"title":"Alpaca Expeditions Partners - Alpaca Expeditions","robots":{"index":"index","follow":"follow","max-snippet":"max-snippet:-1","max-image-preview":"max-image-preview:large","max-video-preview":"max-video-preview:-1"},"canonical":"https:\/\/www.alpacaexpeditions.com\/es\/alpaca-expeditions-partners\/","og_locale":"es_ES","og_type":"article","og_title":"Alpaca Expeditions Partners","og_description":"Bienvenido a Alpaca Expeditions \u00bfQui\u00e9nes Somos? Alpaca Expeditions es una empresa local dirigida por un apasionado equipo de profesionales peruanos que comparten un profundo amor y orgullo por la historia, la cultura y la incomparable belleza natural de Per\u00fa. Nuestra misi\u00f3n es conectar a los viajeros con el rico patrimonio de nuestro pa\u00eds a trav\u00e9s [&hellip;]","og_url":"https:\/\/www.alpacaexpeditions.com\/es\/alpaca-expeditions-partners\/","og_site_name":"Alpaca Expeditions","article_publisher":"https:\/\/www.facebook.com\/alpacaexpeditionstravelperu","article_modified_time":"2025-01-17T17:52:03+00:00","og_image":[{"width":1000,"height":620,"url":"https:\/\/www.alpacaexpeditions.com\/wp-content\/uploads\/Alpaca-Expeditions-Business-Partner-Program.jpg","type":"image\/jpeg"}],"twitter_card":"summary_large_image","twitter_site":"@trekwithalpaca","twitter_misc":{"Tiempo de lectura":"6 minutos"},"schema":{"@context":"https:\/\/schema.org","@graph":[{"@type":"WebPage","@id":"https:\/\/www.alpacaexpeditions.com\/es\/alpaca-expeditions-partners\/","url":"https:\/\/www.alpacaexpeditions.com\/es\/alpaca-expeditions-partners\/","name":"Alpaca Expeditions Partners - Alpaca Expeditions","isPartOf":{"@id":"https:\/\/www.alpacaexpeditions.com\/es\/#website"},"primaryImageOfPage":{"@id":"https:\/\/www.alpacaexpeditions.com\/es\/alpaca-expeditions-partners\/#primaryimage"},"image":{"@id":"https:\/\/www.alpacaexpeditions.com\/es\/alpaca-expeditions-partners\/#primaryimage"},"thumbnailUrl":"https:\/\/www.alpacaexpeditions.com\/wp-content\/uploads\/Alpaca-Expeditions-Business-Partner-Program.jpg","datePublished":"2021-04-07T01:02:39+00:00","dateModified":"2025-01-17T17:52:03+00:00","breadcrumb":{"@id":"https:\/\/www.alpacaexpeditions.com\/es\/alpaca-expeditions-partners\/#breadcrumb"},"inLanguage":"es","potentialAction":[{"@type":"ReadAction","target":["https:\/\/www.alpacaexpeditions.com\/es\/alpaca-expeditions-partners\/"]}]},{"@type":"ImageObject","inLanguage":"es","@id":"https:\/\/www.alpacaexpeditions.com\/es\/alpaca-expeditions-partners\/#primaryimage","url":"https:\/\/www.alpacaexpeditions.com\/wp-content\/uploads\/Alpaca-Expeditions-Business-Partner-Program.jpg","contentUrl":"https:\/\/www.alpacaexpeditions.com\/wp-content\/uploads\/Alpaca-Expeditions-Business-Partner-Program.jpg","width":1000,"height":620,"caption":"Alpaca Expeditions Business Partner Program"},{"@type":"BreadcrumbList","@id":"https:\/\/www.alpacaexpeditions.com\/es\/alpaca-expeditions-partners\/#breadcrumb","itemListElement":[{"@type":"ListItem","position":1,"name":"Home","item":"https:\/\/www.alpacaexpeditions.com\/es\/"},{"@type":"ListItem","position":2,"name":"Alpaca Expeditions Partners"}]},{"@type":"WebSite","@id":"https:\/\/www.alpacaexpeditions.com\/es\/#website","url":"https:\/\/www.alpacaexpeditions.com\/es\/","name":"Alpaca Expeditions","description":"","publisher":{"@id":"https:\/\/www.alpacaexpeditions.com\/es\/#organization"},"potentialAction":[{"@type":"SearchAction","target":{"@type":"EntryPoint","urlTemplate":"https:\/\/www.alpacaexpeditions.com\/es\/?s={search_term_string}"},"query-input":{"@type":"PropertyValueSpecification","valueRequired":true,"valueName":"search_term_string"}}],"inLanguage":"es"},{"@type":"Organization","@id":"https:\/\/www.alpacaexpeditions.com\/es\/#organization","name":"Alpaca Expeditions","url":"https:\/\/www.alpacaexpeditions.com\/es\/","logo":{"@type":"ImageObject","inLanguage":"es","@id":"https:\/\/www.alpacaexpeditions.com\/es\/#\/schema\/logo\/image\/","url":"https:\/\/www.alpacaexpeditions.com\/wp-content\/uploads\/Logo-Alpaca-Expeditions-1.svg","contentUrl":"https:\/\/www.alpacaexpeditions.com\/wp-content\/uploads\/Logo-Alpaca-Expeditions-1.svg","caption":"Alpaca Expeditions"},"image":{"@id":"https:\/\/www.alpacaexpeditions.com\/es\/#\/schema\/logo\/image\/"},"sameAs":["https:\/\/www.facebook.com\/alpacaexpeditionstravelperu","https:\/\/x.com\/trekwithalpaca","https:\/\/www.instagram.com\/trekwithalpaca\/"]}]}},"_links":{"self":[{"href":"https:\/\/www.alpacaexpeditions.com\/es\/wp-json\/wp\/v2\/pages\/3618","targetHints":{"allow":["GET"]}}],"collection":[{"href":"https:\/\/www.alpacaexpeditions.com\/es\/wp-json\/wp\/v2\/pages"}],"about":[{"href":"https:\/\/www.alpacaexpeditions.com\/es\/wp-json\/wp\/v2\/types\/page"}],"author":[{"embeddable":true,"href":"https:\/\/www.alpacaexpeditions.com\/es\/wp-json\/wp\/v2\/users\/1"}],"replies":[{"embeddable":true,"href":"https:\/\/www.alpacaexpeditions.com\/es\/wp-json\/wp\/v2\/comments?post=3618"}],"version-history":[{"count":0,"href":"https:\/\/www.alpacaexpeditions.com\/es\/wp-json\/wp\/v2\/pages\/3618\/revisions"}],"wp:featuredmedia":[{"embeddable":true,"href":"https:\/\/www.alpacaexpeditions.com\/es\/wp-json\/wp\/v2\/media\/2162"}],"wp:attachment":[{"href":"https:\/\/www.alpacaexpeditions.com\/es\/wp-json\/wp\/v2\/media?parent=3618"}],"wp:term":[{"taxonomy":"category","embeddable":true,"href":"https:\/\/www.alpacaexpeditions.com\/es\/wp-json\/wp\/v2\/categories?post=3618"},{"taxonomy":"post_tag","embeddable":true,"href":"https:\/\/www.alpacaexpeditions.com\/es\/wp-json\/wp\/v2\/tags?post=3618"}],"curies":[{"name":"wp","href":"https:\/\/api.w.org\/{rel}","templated":true}]}}