{"id":6581,"date":"2022-02-02T22:52:08","date_gmt":"2022-02-02T22:52:08","guid":{"rendered":"https:\/\/www.alpacaexpeditions.com\/?page_id=6581"},"modified":"2022-02-03T15:14:51","modified_gmt":"2022-02-03T15:14:51","slug":"cultural","status":"publish","type":"page","link":"https:\/\/www.alpacaexpeditions.com\/es\/cultural\/","title":{"rendered":"Experiencias Culturales"},"content":{"rendered":"<p>Rico en historia y cultura, Per\u00fa es un pa\u00eds lleno de posibilidades de interacciones culturales \u00e9ticas y sostenibles. Nuestras experiencias culturales est\u00e1n disponibles para los viajeros que deseen marcar la diferencia durante su visita a Per\u00fa, complementando sus vacaciones con visitas a refugios de animales, interacciones con las comunidades locales quechuas y participaci\u00f3n en antiguas ceremonias a la Pachamama.<\/p>","protected":false},"excerpt":{"rendered":"<p>Rico en historia y cultura, Per\u00fa es un pa\u00eds lleno de posibilidades de interacciones culturales \u00e9ticas y sostenibles. Nuestras experiencias culturales est\u00e1n disponibles para los viajeros que deseen marcar la diferencia durante su visita a Per\u00fa, complementando sus vacaciones con visitas a refugios de animales, interacciones con las comunidades locales quechuas y participaci\u00f3n en antiguas [&hellip;]<\/p>","protected":false},"author":1,"featured_media":0,"parent":0,"menu_order":63,"comment_status":"closed","ping_status":"closed","template":"landing-page.php","meta":{"_acf_changed":false,"inline_featured_image":false,"footnotes":""},"categories":[],"tags":[],"class_list":["post-6581","page","type-page","status-publish","hentry"],"acf":[],"yoast_head":"<!-- This site is optimized with the Yoast SEO Premium plugin v19.3 (Yoast SEO v27.3) - https:\/\/yoast.com\/product\/yoast-seo-premium-wordpress\/ -->\n<title>Experiencias Culturales - Alpaca Expeditions<\/title>\n<meta name=\"robots\" content=\"index, follow, max-snippet:-1, max-image-preview:large, max-video-preview:-1\" \/>\n<link rel=\"canonical\" href=\"https:\/\/www.alpacaexpeditions.com\/es\/cultural\/\" \/>\n<meta property=\"og:locale\" content=\"es_ES\" \/>\n<meta property=\"og:type\" content=\"article\" \/>\n<meta property=\"og:title\" content=\"Experiencias Culturales\" \/>\n<meta property=\"og:description\" content=\"Rico en historia y cultura, Per\u00fa es un pa\u00eds lleno de posibilidades de interacciones culturales \u00e9ticas y sostenibles. Nuestras experiencias culturales est\u00e1n disponibles para los viajeros que deseen marcar la diferencia durante su visita a Per\u00fa, complementando sus vacaciones con visitas a refugios de animales, interacciones con las comunidades locales quechuas y participaci\u00f3n en antiguas [&hellip;]\" \/>\n<meta property=\"og:url\" content=\"https:\/\/www.alpacaexpeditions.com\/es\/cultural\/\" \/>\n<meta property=\"og:site_name\" content=\"Alpaca Expeditions\" \/>\n<meta property=\"article:publisher\" content=\"https:\/\/www.facebook.com\/alpacaexpeditionstravelperu\" \/>\n<meta property=\"article:modified_time\" content=\"2022-02-03T15:14:51+00:00\" \/>\n<meta name=\"twitter:card\" content=\"summary_large_image\" \/>\n<meta name=\"twitter:site\" content=\"@trekwithalpaca\" \/>\n<meta name=\"twitter:label1\" content=\"Tiempo de lectura\" \/>\n\t<meta name=\"twitter:data1\" content=\"1 minuto\" \/>\n<!-- \/ Yoast SEO Premium plugin. -->","yoast_head_json":{"title":"Experiencias Culturales - Alpaca Expeditions","robots":{"index":"index","follow":"follow","max-snippet":"max-snippet:-1","max-image-preview":"max-image-preview:large","max-video-preview":"max-video-preview:-1"},"canonical":"https:\/\/www.alpacaexpeditions.com\/es\/cultural\/","og_locale":"es_ES","og_type":"article","og_title":"Experiencias Culturales","og_description":"Rico en historia y cultura, Per\u00fa es un pa\u00eds lleno de posibilidades de interacciones culturales \u00e9ticas y sostenibles. Nuestras experiencias culturales est\u00e1n disponibles para los viajeros que deseen marcar la diferencia durante su visita a Per\u00fa, complementando sus vacaciones con visitas a refugios de animales, interacciones con las comunidades locales quechuas y participaci\u00f3n en antiguas [&hellip;]","og_url":"https:\/\/www.alpacaexpeditions.com\/es\/cultural\/","og_site_name":"Alpaca Expeditions","article_publisher":"https:\/\/www.facebook.com\/alpacaexpeditionstravelperu","article_modified_time":"2022-02-03T15:14:51+00:00","twitter_card":"summary_large_image","twitter_site":"@trekwithalpaca","twitter_misc":{"Tiempo de lectura":"1 minuto"},"schema":{"@context":"https:\/\/schema.org","@graph":[{"@type":"WebPage","@id":"https:\/\/www.alpacaexpeditions.com\/es\/cultural\/","url":"https:\/\/www.alpacaexpeditions.com\/es\/cultural\/","name":"Experiencias Culturales - Alpaca Expeditions","isPartOf":{"@id":"https:\/\/www.alpacaexpeditions.com\/es\/#website"},"datePublished":"2022-02-02T22:52:08+00:00","dateModified":"2022-02-03T15:14:51+00:00","breadcrumb":{"@id":"https:\/\/www.alpacaexpeditions.com\/es\/cultural\/#breadcrumb"},"inLanguage":"es","potentialAction":[{"@type":"ReadAction","target":["https:\/\/www.alpacaexpeditions.com\/es\/cultural\/"]}]},{"@type":"BreadcrumbList","@id":"https:\/\/www.alpacaexpeditions.com\/es\/cultural\/#breadcrumb","itemListElement":[{"@type":"ListItem","position":1,"name":"Home","item":"https:\/\/www.alpacaexpeditions.com\/es\/"},{"@type":"ListItem","position":2,"name":"Experiencias Culturales"}]},{"@type":"WebSite","@id":"https:\/\/www.alpacaexpeditions.com\/es\/#website","url":"https:\/\/www.alpacaexpeditions.com\/es\/","name":"Alpaca Expeditions","description":"","publisher":{"@id":"https:\/\/www.alpacaexpeditions.com\/es\/#organization"},"potentialAction":[{"@type":"SearchAction","target":{"@type":"EntryPoint","urlTemplate":"https:\/\/www.alpacaexpeditions.com\/es\/?s={search_term_string}"},"query-input":{"@type":"PropertyValueSpecification","valueRequired":true,"valueName":"search_term_string"}}],"inLanguage":"es"},{"@type":"Organization","@id":"https:\/\/www.alpacaexpeditions.com\/es\/#organization","name":"Alpaca Expeditions","url":"https:\/\/www.alpacaexpeditions.com\/es\/","logo":{"@type":"ImageObject","inLanguage":"es","@id":"https:\/\/www.alpacaexpeditions.com\/es\/#\/schema\/logo\/image\/","url":"https:\/\/www.alpacaexpeditions.com\/wp-content\/uploads\/Logo-Alpaca-Expeditions-1.svg","contentUrl":"https:\/\/www.alpacaexpeditions.com\/wp-content\/uploads\/Logo-Alpaca-Expeditions-1.svg","caption":"Alpaca Expeditions"},"image":{"@id":"https:\/\/www.alpacaexpeditions.com\/es\/#\/schema\/logo\/image\/"},"sameAs":["https:\/\/www.facebook.com\/alpacaexpeditionstravelperu","https:\/\/x.com\/trekwithalpaca","https:\/\/www.instagram.com\/trekwithalpaca\/"]}]}},"_links":{"self":[{"href":"https:\/\/www.alpacaexpeditions.com\/es\/wp-json\/wp\/v2\/pages\/6581","targetHints":{"allow":["GET"]}}],"collection":[{"href":"https:\/\/www.alpacaexpeditions.com\/es\/wp-json\/wp\/v2\/pages"}],"about":[{"href":"https:\/\/www.alpacaexpeditions.com\/es\/wp-json\/wp\/v2\/types\/page"}],"author":[{"embeddable":true,"href":"https:\/\/www.alpacaexpeditions.com\/es\/wp-json\/wp\/v2\/users\/1"}],"replies":[{"embeddable":true,"href":"https:\/\/www.alpacaexpeditions.com\/es\/wp-json\/wp\/v2\/comments?post=6581"}],"version-history":[{"count":0,"href":"https:\/\/www.alpacaexpeditions.com\/es\/wp-json\/wp\/v2\/pages\/6581\/revisions"}],"wp:attachment":[{"href":"https:\/\/www.alpacaexpeditions.com\/es\/wp-json\/wp\/v2\/media?parent=6581"}],"wp:term":[{"taxonomy":"category","embeddable":true,"href":"https:\/\/www.alpacaexpeditions.com\/es\/wp-json\/wp\/v2\/categories?post=6581"},{"taxonomy":"post_tag","embeddable":true,"href":"https:\/\/www.alpacaexpeditions.com\/es\/wp-json\/wp\/v2\/tags?post=6581"}],"curies":[{"name":"wp","href":"https:\/\/api.w.org\/{rel}","templated":true}]}}